{"id":7477,"date":"2022-06-26T23:11:52","date_gmt":"2022-06-26T15:11:52","guid":{"rendered":"https:\/\/sellersunionagent.com\/?post_type=product&#038;p=7477"},"modified":"2022-06-26T23:12:11","modified_gmt":"2022-06-26T15:12:11","slug":"china-al-por-mayor-accesorios-digitales-bolsa-de-almacenamiento-fabricante","status":"publish","type":"product","link":"https:\/\/www.sellersunionagent.com\/es\/china-wholesale-digital-accessories-storage-bag-maker\/","title":{"rendered":"China al por mayor accesorios digitales bolsa de almacenamiento Maker"},"content":{"rendered":"<h2>China al por mayor accesorios digitales bolsa de almacenamiento Maker<\/h2>\n<ul>\n<li>Port\u00e1til, ligero y de gran capacidad, hace que su viaje sea m\u00e1s c\u00f3modo y agradable<\/li>\n<li>La cuadr\u00edcula en perspectiva ayuda a encontrar las cosas f\u00e1cilmente<\/li>\n<li>Material cati\u00f3nico, cableado estanco, dise\u00f1o antisalpicaduras para proteger mejor los objetos<\/li>\n<li>Velcro, dise\u00f1o port\u00e1til y cremallera de calidad SBS<\/li>\n<li>Gran capacidad para muchos objetos<\/li>\n<\/ul>\n<p><img fetchpriority=\"high\" decoding=\"async\" class=\"aligncenter wp-image-7478\" src=\"https:\/\/www.sellersunionagent.com\/wp-content\/uploads\/2022\/06\/digital-accessories-storage-bag-maker-8.jpg\" alt=\"China al por mayor\" width=\"600\" height=\"600\" \/><img decoding=\"async\" class=\"aligncenter wp-image-7482\" src=\"https:\/\/www.sellersunionagent.com\/wp-content\/uploads\/2022\/06\/digital-accessories-storage-bag-maker-4.jpg\" alt=\"China al por mayor\" width=\"600\" height=\"600\" \/><img decoding=\"async\" class=\"aligncenter wp-image-7486\" src=\"https:\/\/www.sellersunionagent.com\/wp-content\/uploads\/2022\/06\/digital-accessories-storage-bag-maker.jpg\" alt=\"China al por mayor\" width=\"600\" height=\"600\" \/><img loading=\"lazy\" decoding=\"async\" class=\"aligncenter wp-image-7481\" src=\"https:\/\/www.sellersunionagent.com\/wp-content\/uploads\/2022\/06\/digital-accessories-storage-bag-maker-5.jpg\" alt=\"China al por mayor\" width=\"600\" height=\"601\" \/><\/p>","protected":false},"excerpt":{"rendered":"<p><strong>Tipo<\/strong>: Bolsa para accesorios digitales<\/p>\n<p><strong>Tama\u00f1o del art\u00edculo<\/strong>: 19*12*3.52cm<\/p>\n<p><strong>Peso del art\u00edculo<\/strong>: 800g<br \/>\n<b data-spm-anchor-id=\"a2700.wholesale.0.i30.19ef5692iiqQHz\">Colores: <\/b>Azul marino, gris, morado, negro, azul, vino<\/p>\n<p>Somos comerciantes mayoristas en China. Desde 1997, comenzamos nuestro negocio. Mantenemos una sensibilidad de mercado extremadamente alta para los diversos productos b\u00e1sicos. Nos especializamos en la venta al por mayor de art\u00edculos de almacenamiento, hacemos OEM, ODM y le proporcionamos un servicio integral de ventanilla \u00fanica. Nos complace ofrecerle los productos m\u00e1s populares para ayudarle a ampliar su negocio.<\/p>","protected":false},"featured_media":7478,"comment_status":"open","ping_status":"closed","template":"","meta":{"_acf_changed":false},"product_brand":[],"product_cat":[32],"product_tag":[97,89],"class_list":{"0":"post-7477","1":"product","2":"type-product","3":"status-publish","4":"has-post-thumbnail","6":"product_cat-digital-bag","7":"product_tag-china-wholesale-maker","8":"product_tag-multi-function","10":"first","11":"instock","12":"shipping-taxable","13":"product-type-simple","14":"swiper-slide"},"acf":[],"_links":{"self":[{"href":"https:\/\/www.sellersunionagent.com\/es\/wp-json\/wp\/v2\/product\/7477","targetHints":{"allow":["GET"]}}],"collection":[{"href":"https:\/\/www.sellersunionagent.com\/es\/wp-json\/wp\/v2\/product"}],"about":[{"href":"https:\/\/www.sellersunionagent.com\/es\/wp-json\/wp\/v2\/types\/product"}],"replies":[{"embeddable":true,"href":"https:\/\/www.sellersunionagent.com\/es\/wp-json\/wp\/v2\/comments?post=7477"}],"wp:featuredmedia":[{"embeddable":true,"href":"https:\/\/www.sellersunionagent.com\/es\/wp-json\/wp\/v2\/media\/7478"}],"wp:attachment":[{"href":"https:\/\/www.sellersunionagent.com\/es\/wp-json\/wp\/v2\/media?parent=7477"}],"wp:term":[{"taxonomy":"product_brand","embeddable":true,"href":"https:\/\/www.sellersunionagent.com\/es\/wp-json\/wp\/v2\/product_brand?post=7477"},{"taxonomy":"product_cat","embeddable":true,"href":"https:\/\/www.sellersunionagent.com\/es\/wp-json\/wp\/v2\/product_cat?post=7477"},{"taxonomy":"product_tag","embeddable":true,"href":"https:\/\/www.sellersunionagent.com\/es\/wp-json\/wp\/v2\/product_tag?post=7477"}],"curies":[{"name":"wp","href":"https:\/\/api.w.org\/{rel}","templated":true}]}}