{"id":7465,"date":"2022-06-27T00:28:42","date_gmt":"2022-06-26T16:28:42","guid":{"rendered":"https:\/\/sellersunionagent.com\/?post_type=product&#038;p=7465"},"modified":"2026-01-06T14:29:42","modified_gmt":"2026-01-06T06:29:42","slug":"bolsa-de-documentos-de-best-wholesale-inc","status":"publish","type":"product","link":"https:\/\/www.sellersunionagent.com\/es\/documents-bag-from-best-wholesale-inc\/","title":{"rendered":"Documentos Bolsa De Best Wholesale Inc"},"content":{"rendered":"<h2>Documentos Bolsa De Best Wholesale Inc<\/h2>\n<p><strong>Tipo<\/strong>: Bolsa de documentos<\/p>\n<p><strong>N\u00famero de art\u00edculo<\/strong>: RH237<\/p>\n<p><strong>Tama\u00f1o del art\u00edculo<\/strong>: 24*18.5*1.6cm<\/p>\n<p><strong>Peso del art\u00edculo<\/strong>: 234g<br \/>\n<b data-spm-anchor-id=\"a2700.wholesale.0.i30.19ef5692iiqQHz\">Colores:\u00a0<\/b>Gris, negro, azul, rosa, rosa, naranja, blanco<\/p>\n<p>&nbsp;<\/p>\n<p>&nbsp;<\/p>\n<ul>\n<li>Carpeta portafolios de material duradero de tela Oxford: Hecho de tela Oxford 300D, tocado c\u00f3modamente, limpiable, resistente, impermeable, protegiendo las cosas en la bolsa de da\u00f1os. Nota: Esta bolsa de documentos s\u00f3lo apto para A5 cuaderno delgado o peque\u00f1o cuaderno.<\/li>\n<li>Padfolio de dise\u00f1o multiusos: Un folio m\u00ednimo y ligero para guardar tu Mini IPAD, l\u00e1pices, un cuaderno A5 fino, bol\u00edgrafos, l\u00e1pices, tarjetas de visita, cables de carga y, esencialmente, cualquier otra cosa que se estuviera destruyendo y desordenando en el fondo de tus bolsos o mochila.<\/li>\n<li>Cartera organizador Tama\u00f1o: 9,6 * 7,3 pulgadas, Longitud de la correa: 7,1 pulgadas, no demasiado grande o demasiado peque\u00f1o, puede ser holden en la mano, o puede ponerlo en su bolso m\u00e1s grande. Con una correa extra\u00edble, port\u00e1til para adolescentes, adultos, tanto hombres como mujeres, perfecto para organizar los documentos de viaje y documentos de trabajo \/ estudio.<\/li>\n<li>Protege tu seguridad: Elegante, estilosa y pr\u00e1ctica, esta suave cartera acolchada ASEGURA TODO lo que necesitas para parecer un ejecutivo durante importantes reuniones de negocios o entrevistas de trabajo: llaves del coche, tel\u00e9fono m\u00f3vil, bol\u00edgrafo, mini ipad o mini tableta o cuaderno fino A5, carpetas, cartera, planificador, paquete de presentaci\u00f3n, curr\u00edculos, documentos confidenciales, tarjetas de visita, tarjetas de cr\u00e9dito y mucho m\u00e1s, \u00a1sin necesidad de bolso o malet\u00edn de ejecutivo!<\/li>\n<li>Cintur\u00f3n port\u00e1til humanizado de dise\u00f1o extra\u00edble: Es elegante, hermoso pero dif\u00edcil de romper, y es conveniente para sacar y llevar algo lo que necesita.<\/li>\n<li><img fetchpriority=\"high\" decoding=\"async\" class=\"aligncenter wp-image-7471\" src=\"https:\/\/www.sellersunionagent.com\/wp-content\/uploads\/2022\/06\/documents-bag-from-best-wholesale-inc-5.jpg\" alt=\"Mayorista Inc\" width=\"600\" height=\"600\" \/><img decoding=\"async\" class=\"aligncenter wp-image-7469\" src=\"https:\/\/www.sellersunionagent.com\/wp-content\/uploads\/2022\/06\/documents-bag-from-best-wholesale-inc-7.png\" alt=\"Mayorista Inc\" width=\"600\" height=\"600\" \/><img decoding=\"async\" class=\"aligncenter wp-image-7476 size-full\" src=\"https:\/\/www.sellersunionagent.com\/wp-content\/uploads\/2022\/06\/documents-bag-from-best-wholesale-inc.jpg\" alt=\"Mayorista Inc\" width=\"602\" height=\"412\" \/><img loading=\"lazy\" decoding=\"async\" class=\"aligncenter wp-image-7467\" src=\"https:\/\/www.sellersunionagent.com\/wp-content\/uploads\/2022\/06\/documents-bag-from-best-wholesale-inc-9.jpg\" alt=\"Mayorista Inc\" width=\"600\" height=\"371\" \/><img loading=\"lazy\" decoding=\"async\" class=\"aligncenter wp-image-7472\" src=\"https:\/\/www.sellersunionagent.com\/wp-content\/uploads\/2022\/06\/documents-bag-from-best-wholesale-inc-4.jpg\" alt=\"Mayorista Inc\" width=\"600\" height=\"600\" \/><img loading=\"lazy\" decoding=\"async\" class=\"aligncenter wp-image-7473\" src=\"https:\/\/www.sellersunionagent.com\/wp-content\/uploads\/2022\/06\/documents-bag-from-best-wholesale-inc-3.jpg\" alt=\"Mayorista Inc\" width=\"600\" height=\"598\" \/><img loading=\"lazy\" decoding=\"async\" class=\"aligncenter wp-image-7474\" src=\"https:\/\/www.sellersunionagent.com\/wp-content\/uploads\/2022\/06\/documents-bag-from-best-wholesale-inc-2.png\" alt=\"Mayorista Inc\" width=\"600\" height=\"600\" \/><\/li>\n<\/ul>","protected":false},"excerpt":{"rendered":"<p><strong>MOQ<\/strong>:  500 piezas<br \/>\n<strong>Muestra gratuita<\/strong>:  Soporte<br \/>\n<strong>Personalizaci\u00f3n<\/strong>logo \/ color \/ materiales \/ embalaje, etc.<br \/>\n<strong>Descuento<\/strong>:  Primeros pedidos desde 10% de descuento.<br \/>\n<strong>Porcentaje de entregas a tiempo<\/strong>:\u00a0 100%<br \/>\n<strong>Env\u00edos totales<\/strong>:  10000 piezas<br \/>\n<strong>Env\u00edo<\/strong>: Apoyo Express-Carga mar\u00edtima-Carga terrestre<\/p>\n<p>&nbsp;<\/p>\n<p>&nbsp;<\/p>\n<p>Iniciamos nuestra actividad en 1997. Mantenemos una alt\u00edsima sensibilidad de mercado hacia las distintas mercanc\u00edas. Nos especializamos en art\u00edculos de almacenamiento al por mayor, hacemos OEM, ODM y le proporcionamos un servicio integral de ventanilla \u00fanica. Nos complace ofrecerle los productos m\u00e1s populares para ayudarle a ampliar su negocio.<\/p>","protected":false},"featured_media":7466,"comment_status":"open","ping_status":"closed","template":"","meta":{"_acf_changed":false},"product_brand":[],"product_cat":[32],"product_tag":[96,50],"class_list":{"0":"post-7465","1":"product","2":"type-product","3":"status-publish","4":"has-post-thumbnail","6":"product_cat-digital-bag","7":"product_tag-documents-storage","8":"product_tag-wholesale","10":"first","11":"instock","12":"shipping-taxable","13":"purchasable","14":"product-type-simple","15":"swiper-slide"},"acf":[],"_links":{"self":[{"href":"https:\/\/www.sellersunionagent.com\/es\/wp-json\/wp\/v2\/product\/7465","targetHints":{"allow":["GET"]}}],"collection":[{"href":"https:\/\/www.sellersunionagent.com\/es\/wp-json\/wp\/v2\/product"}],"about":[{"href":"https:\/\/www.sellersunionagent.com\/es\/wp-json\/wp\/v2\/types\/product"}],"replies":[{"embeddable":true,"href":"https:\/\/www.sellersunionagent.com\/es\/wp-json\/wp\/v2\/comments?post=7465"}],"wp:featuredmedia":[{"embeddable":true,"href":"https:\/\/www.sellersunionagent.com\/es\/wp-json\/wp\/v2\/media\/7466"}],"wp:attachment":[{"href":"https:\/\/www.sellersunionagent.com\/es\/wp-json\/wp\/v2\/media?parent=7465"}],"wp:term":[{"taxonomy":"product_brand","embeddable":true,"href":"https:\/\/www.sellersunionagent.com\/es\/wp-json\/wp\/v2\/product_brand?post=7465"},{"taxonomy":"product_cat","embeddable":true,"href":"https:\/\/www.sellersunionagent.com\/es\/wp-json\/wp\/v2\/product_cat?post=7465"},{"taxonomy":"product_tag","embeddable":true,"href":"https:\/\/www.sellersunionagent.com\/es\/wp-json\/wp\/v2\/product_tag?post=7465"}],"curies":[{"name":"wp","href":"https:\/\/api.w.org\/{rel}","templated":true}]}}