{"id":7453,"date":"2022-06-27T00:29:31","date_gmt":"2022-06-26T16:29:31","guid":{"rendered":"https:\/\/sellersunionagent.com\/?post_type=product&#038;p=7453"},"modified":"2022-08-01T15:07:20","modified_gmt":"2022-08-01T07:07:20","slug":"porta-pasaporte-portatil-con-cremallera-de-best-wholesale-inc","status":"publish","type":"product","link":"https:\/\/www.sellersunionagent.com\/es\/portable-passport-holder-with-zipper-from-best-wholesale-inc\/","title":{"rendered":"Porta Pasaporte Port\u00e1til Con Cremallera De Best Wholesale Inc"},"content":{"rendered":"<h2>Porta Pasaporte Port\u00e1til Con Cremallera De Best Wholesale Inc<\/h2>\n<ul>\n<li>Aspecto exquisito<\/li>\n<li>Funci\u00f3n completa<\/li>\n<li>Materiales seleccionados<\/li>\n<li>Color de moda<\/li>\n<li>Material impermeable<\/li>\n<li>Gran capacidad<\/li>\n<li><img fetchpriority=\"high\" decoding=\"async\" class=\"aligncenter wp-image-7454\" src=\"https:\/\/www.sellersunionagent.com\/wp-content\/uploads\/2022\/06\/portable-passport-holder-with-zipper-9.jpg\" alt=\"Mayorista Inc\" width=\"600\" height=\"600\" \/><img decoding=\"async\" class=\"aligncenter wp-image-7456\" src=\"https:\/\/www.sellersunionagent.com\/wp-content\/uploads\/2022\/06\/portable-passport-holder-with-zipper-7.jpg\" alt=\"Mayorista Inc\" width=\"600\" height=\"600\" \/><img decoding=\"async\" class=\"aligncenter wp-image-7460 size-full\" src=\"https:\/\/www.sellersunionagent.com\/wp-content\/uploads\/2022\/06\/portable-passport-holder-with-zipper-4.jpg\" alt=\"Mayorista Inc\" width=\"685\" height=\"356\" \/><br \/>\n<img loading=\"lazy\" decoding=\"async\" class=\"aligncenter wp-image-7462\" src=\"https:\/\/www.sellersunionagent.com\/wp-content\/uploads\/2022\/06\/portable-passport-holder-with-zipper-2.png\" alt=\"\" width=\"600\" height=\"288\" \/><img loading=\"lazy\" decoding=\"async\" class=\"aligncenter wp-image-7464\" src=\"https:\/\/www.sellersunionagent.com\/wp-content\/uploads\/2022\/06\/portable-passport-holder-with-zipper.jpg\" alt=\"Mayorista Inc\" width=\"600\" height=\"400\" \/><img loading=\"lazy\" decoding=\"async\" class=\"aligncenter wp-image-7463\" src=\"https:\/\/www.sellersunionagent.com\/wp-content\/uploads\/2022\/06\/portable-passport-holder-with-zipper-1.jpg\" alt=\"Mayorista Inc\" width=\"600\" height=\"425\" \/><\/li>\n<\/ul>","protected":false},"excerpt":{"rendered":"<p><strong>Tipo: <\/strong>Titular de pasaporte<\/p>\n<p><strong>Tama\u00f1o del art\u00edculo:<\/strong> 24*15cm<br \/>\n<strong>Peso del art\u00edculo:<\/strong> 130g<br \/>\n<strong>Colores:<\/strong>\u00a0Gris, morado, negro, azul oscuro, rojo rosado, naranja<\/p>\n<p>&nbsp;<\/p>\n<p>Iniciamos nuestra actividad en 1997. Mantenemos extremadamente alta sensibilidad del mercado a los diversos productos b\u00e1sicos. Art\u00edculos de almacenamiento de nosotros-mejor venta al por mayor Inc, le dar\u00e1 una maravillosa experiencia de producto y servicio. Es un placer ofrecerle el producto m\u00e1s popular para ayudar a expandir su negocio.<\/p>","protected":false},"featured_media":7454,"comment_status":"open","ping_status":"closed","template":"","meta":{"_acf_changed":false},"product_brand":[],"product_cat":[32],"product_tag":[95,50],"class_list":{"0":"post-7453","1":"product","2":"type-product","3":"status-publish","4":"has-post-thumbnail","6":"product_cat-digital-bag","7":"product_tag-passport-holder","8":"product_tag-wholesale","10":"first","11":"instock","12":"shipping-taxable","13":"product-type-simple","14":"swiper-slide"},"acf":[],"_links":{"self":[{"href":"https:\/\/www.sellersunionagent.com\/es\/wp-json\/wp\/v2\/product\/7453","targetHints":{"allow":["GET"]}}],"collection":[{"href":"https:\/\/www.sellersunionagent.com\/es\/wp-json\/wp\/v2\/product"}],"about":[{"href":"https:\/\/www.sellersunionagent.com\/es\/wp-json\/wp\/v2\/types\/product"}],"replies":[{"embeddable":true,"href":"https:\/\/www.sellersunionagent.com\/es\/wp-json\/wp\/v2\/comments?post=7453"}],"wp:featuredmedia":[{"embeddable":true,"href":"https:\/\/www.sellersunionagent.com\/es\/wp-json\/wp\/v2\/media\/7454"}],"wp:attachment":[{"href":"https:\/\/www.sellersunionagent.com\/es\/wp-json\/wp\/v2\/media?parent=7453"}],"wp:term":[{"taxonomy":"product_brand","embeddable":true,"href":"https:\/\/www.sellersunionagent.com\/es\/wp-json\/wp\/v2\/product_brand?post=7453"},{"taxonomy":"product_cat","embeddable":true,"href":"https:\/\/www.sellersunionagent.com\/es\/wp-json\/wp\/v2\/product_cat?post=7453"},{"taxonomy":"product_tag","embeddable":true,"href":"https:\/\/www.sellersunionagent.com\/es\/wp-json\/wp\/v2\/product_tag?post=7453"}],"curies":[{"name":"wp","href":"https:\/\/api.w.org\/{rel}","templated":true}]}}