{"id":7443,"date":"2022-06-26T20:13:38","date_gmt":"2022-06-26T12:13:38","guid":{"rendered":"https:\/\/sellersunionagent.com\/?post_type=product&#038;p=7443"},"modified":"2022-06-26T20:13:58","modified_gmt":"2022-06-26T12:13:58","slug":"maquillaje-de-viaje-para-mujeres-gran-capacidad-bolsa-organizadora-de-maquillaje-impermeable","status":"publish","type":"product","link":"https:\/\/www.sellersunionagent.com\/es\/travel-makeup-for-women-large-capacity-makeup-organizer-bag-waterproof\/","title":{"rendered":"Maquillaje de viaje para mujer Bolsa organizadora de maquillaje de gran capacidad impermeable"},"content":{"rendered":"<h2>Maquillaje de viaje para mujer Bolsa organizadora de maquillaje de gran capacidad impermeable<\/h2>\n<p>Esta bolsa de maquillaje tiene gran capacidad con cremallera de gran apertura en la parte superior para ayudar al usuario a empacar, dise\u00f1o perfecto, f\u00e1cil de colocar todos los cosm\u00e9ticos, productos de cuidado de la piel, pinceles de maquillaje, herramientas de maquillaje.<\/p>\n<p>&nbsp;<\/p>\n<p>&nbsp;<\/p>\n<p>Fue hecho de material de poli\u00e9ster de alta calidad, tiene un buen rendimiento a prueba de agua y f\u00e1cil de wipe.It utilizar cremallera SBS, es m\u00e1s duradero y no es f\u00e1cil de da\u00f1ar.<\/p>\n<p>&nbsp;<\/p>\n<p>&nbsp;<\/p>\n<p>No s\u00f3lo para almacenar los productos de maquillaje en casa, tambi\u00e9n puede ser su bolsa de viaje porque es realmente f\u00e1cil de plegar y ahorrar su espacio.<\/p>\n<p>&nbsp;<\/p>\n<p><img fetchpriority=\"high\" decoding=\"async\" class=\"aligncenter wp-image-7448\" src=\"https:\/\/www.sellersunionagent.com\/wp-content\/uploads\/2022\/06\/large-capacity-makeup-organizer-bag.jpg\" alt=\"\" width=\"600\" height=\"600\" \/><\/p>\n<p><img decoding=\"async\" class=\"aligncenter wp-image-7446\" src=\"https:\/\/www.sellersunionagent.com\/wp-content\/uploads\/2022\/06\/large-capacity-makeup-organizer-bag-2.jpg\" alt=\"\" width=\"600\" height=\"600\" \/><\/p>\n<p>&nbsp;<\/p>","protected":false},"excerpt":{"rendered":"<p>Tipo: Bolsa de maquillaje<\/p>\n<p>Color: morado\/negro\/gris\/rosa\/azul oscuro\/azul claro<\/p>\n<p>OEM\/ODM: Aceptado<\/p>","protected":false},"featured_media":7444,"comment_status":"open","ping_status":"closed","template":"","meta":{"_acf_changed":false},"product_brand":[],"product_cat":[30],"product_tag":[78,93],"class_list":{"0":"post-7443","1":"product","2":"type-product","3":"status-publish","4":"has-post-thumbnail","6":"product_cat-makeup-bag","7":"product_tag-makeup-bag","8":"product_tag-storage","10":"first","11":"instock","12":"shipping-taxable","13":"product-type-simple","14":"swiper-slide"},"acf":[],"_links":{"self":[{"href":"https:\/\/www.sellersunionagent.com\/es\/wp-json\/wp\/v2\/product\/7443","targetHints":{"allow":["GET"]}}],"collection":[{"href":"https:\/\/www.sellersunionagent.com\/es\/wp-json\/wp\/v2\/product"}],"about":[{"href":"https:\/\/www.sellersunionagent.com\/es\/wp-json\/wp\/v2\/types\/product"}],"replies":[{"embeddable":true,"href":"https:\/\/www.sellersunionagent.com\/es\/wp-json\/wp\/v2\/comments?post=7443"}],"wp:featuredmedia":[{"embeddable":true,"href":"https:\/\/www.sellersunionagent.com\/es\/wp-json\/wp\/v2\/media\/7444"}],"wp:attachment":[{"href":"https:\/\/www.sellersunionagent.com\/es\/wp-json\/wp\/v2\/media?parent=7443"}],"wp:term":[{"taxonomy":"product_brand","embeddable":true,"href":"https:\/\/www.sellersunionagent.com\/es\/wp-json\/wp\/v2\/product_brand?post=7443"},{"taxonomy":"product_cat","embeddable":true,"href":"https:\/\/www.sellersunionagent.com\/es\/wp-json\/wp\/v2\/product_cat?post=7443"},{"taxonomy":"product_tag","embeddable":true,"href":"https:\/\/www.sellersunionagent.com\/es\/wp-json\/wp\/v2\/product_tag?post=7443"}],"curies":[{"name":"wp","href":"https:\/\/api.w.org\/{rel}","templated":true}]}}