{"id":7435,"date":"2022-06-26T19:44:03","date_gmt":"2022-06-26T11:44:03","guid":{"rendered":"https:\/\/sellersunionagent.com\/?post_type=product&#038;p=7435"},"modified":"2022-07-11T14:05:51","modified_gmt":"2022-07-11T06:05:51","slug":"neceser-con-gran-capacidad-y-compartimentos-de-china-cadena-suppy","status":"publish","type":"product","link":"https:\/\/www.sellersunionagent.com\/es\/cosmetic-bag-with-large-capacity-and-compartments-from-china-suppy-chain\/","title":{"rendered":"Bolsa de cosm\u00e9ticos con gran capacidad y compartimentos de China Suppy Chain"},"content":{"rendered":"<p>Bolsa de cosm\u00e9ticos con gran capacidad y compartimentos de China Suppy Chain<\/p>\n<p>&nbsp;<\/p>\n<p>La caja de maquillaje compacto est\u00e1 hecha de tela repelente al agua, cremalleras met\u00e1licas duraderas se pueden utilizar repetidamente y no se da\u00f1an f\u00e1cilmente.<\/p>\n<p>&nbsp;<\/p>\n<p>&nbsp;<\/p>\n<p>El neceser de maquillaje puede plegarse y guardarse en el equipaje de mano.<\/p>\n<p>&nbsp;<\/p>\n<p>&nbsp;<\/p>\n<p>nuestro estuche de viaje para maquillaje viene con varios divisores ajustables de EVA, puede dise\u00f1ar usted misma compartimentos internos ajustando los divisores para adaptarse a diferentes cosm\u00e9ticos y mantenerlos perfectamente separados y organizados.<\/p>\n<p>&nbsp;<\/p>\n<p><img fetchpriority=\"high\" decoding=\"async\" class=\"aligncenter wp-image-7439\" src=\"https:\/\/www.sellersunionagent.com\/wp-content\/uploads\/2022\/06\/cosmetic-bag-with-large-capacity-3.jpg\" alt=\"\" width=\"600\" height=\"600\" \/><\/p>\n<p><img decoding=\"async\" class=\"aligncenter wp-image-7438\" src=\"https:\/\/www.sellersunionagent.com\/wp-content\/uploads\/2022\/06\/cosmetic-bag-with-large-capacity-4.jpg\" alt=\"\" width=\"600\" height=\"600\" \/><\/p>\n<p><img decoding=\"async\" class=\"aligncenter wp-image-7442\" src=\"https:\/\/www.sellersunionagent.com\/wp-content\/uploads\/2022\/06\/cosmetic-bag-with-large-capacity.jpg\" alt=\"\" width=\"600\" height=\"600\" \/><\/p>","protected":false},"excerpt":{"rendered":"<p>Tipo: Bolsa de maquillaje<\/p>\n<p>Tama\u00f1o del art\u00edculo: 26*19*8,5 CM<\/p>\n<p>Color: verde\/negro\/gris\/rosa\/azul oscuro\/azul claro<\/p>\n<p>OEM\/ODM: Aceptado<\/p>","protected":false},"featured_media":7440,"comment_status":"open","ping_status":"closed","template":"","meta":{"_acf_changed":false},"product_brand":[],"product_cat":[30],"product_tag":[78,93],"class_list":{"0":"post-7435","1":"product","2":"type-product","3":"status-publish","4":"has-post-thumbnail","6":"product_cat-makeup-bag","7":"product_tag-makeup-bag","8":"product_tag-storage","10":"first","11":"instock","12":"shipping-taxable","13":"product-type-simple","14":"swiper-slide"},"acf":[],"_links":{"self":[{"href":"https:\/\/www.sellersunionagent.com\/es\/wp-json\/wp\/v2\/product\/7435","targetHints":{"allow":["GET"]}}],"collection":[{"href":"https:\/\/www.sellersunionagent.com\/es\/wp-json\/wp\/v2\/product"}],"about":[{"href":"https:\/\/www.sellersunionagent.com\/es\/wp-json\/wp\/v2\/types\/product"}],"replies":[{"embeddable":true,"href":"https:\/\/www.sellersunionagent.com\/es\/wp-json\/wp\/v2\/comments?post=7435"}],"wp:featuredmedia":[{"embeddable":true,"href":"https:\/\/www.sellersunionagent.com\/es\/wp-json\/wp\/v2\/media\/7440"}],"wp:attachment":[{"href":"https:\/\/www.sellersunionagent.com\/es\/wp-json\/wp\/v2\/media?parent=7435"}],"wp:term":[{"taxonomy":"product_brand","embeddable":true,"href":"https:\/\/www.sellersunionagent.com\/es\/wp-json\/wp\/v2\/product_brand?post=7435"},{"taxonomy":"product_cat","embeddable":true,"href":"https:\/\/www.sellersunionagent.com\/es\/wp-json\/wp\/v2\/product_cat?post=7435"},{"taxonomy":"product_tag","embeddable":true,"href":"https:\/\/www.sellersunionagent.com\/es\/wp-json\/wp\/v2\/product_tag?post=7435"}],"curies":[{"name":"wp","href":"https:\/\/api.w.org\/{rel}","templated":true}]}}