{"id":7419,"date":"2022-06-26T17:57:58","date_gmt":"2022-06-26T09:57:58","guid":{"rendered":"https:\/\/sellersunionagent.com\/?post_type=product&#038;p=7419"},"modified":"2026-01-06T14:29:44","modified_gmt":"2026-01-06T06:29:44","slug":"estuche-de-maquillaje-portatil-con-aspecto-mono-para-mujeres-y-ninas","status":"publish","type":"product","link":"https:\/\/www.sellersunionagent.com\/es\/portable-makeup-case-with-cute-looking-for-women-and-girls\/","title":{"rendered":"Estuche de Maquillaje Port\u00e1til con Aspecto Bonito para Mujeres y Ni\u00f1as"},"content":{"rendered":"<h2>Bolsa de cosm\u00e9ticos port\u00e1til con lindo aspecto para mujeres y ni\u00f1as<\/h2>\n<p>&nbsp;<\/p>\n<p>&nbsp;<\/p>\n<p>Tama\u00f1o-21*14*13cm; Peso-110g solamente, f\u00e1cil de llevar y plegar.<\/p>\n<p>&nbsp;<\/p>\n<p>Caben f\u00e1cilmente art\u00edculos de aseo de tama\u00f1o de viaje o productos grandes para el cuidado de la piel como loci\u00f3n, crema, limpiador facial, base de maquillaje, corrector, m\u00e1scara de pesta\u00f1as, sombra de ojos, polvos, colorete, pintalabios, brochas de maquillaje.<\/p>\n<p>&nbsp;<\/p>\n<p>Viene con un espacio separado para guardar las brochas y protegerlas del polvo. Te ayuda a gestionar bien tus maquillajes.<\/p>\n<p>&nbsp;<\/p>\n<p style=\"text-align: center\"><strong>Tipo:<\/strong> Bolsa de maquillaje<\/p>\n<p style=\"text-align: center\"><strong>Art\u00edculo NO.:<\/strong> RH243<\/p>\n<p style=\"text-align: center\"><strong>Tama\u00f1o del art\u00edculo:<\/strong> 21*14*13cm<\/p>\n<p style=\"text-align: center\"><strong>Color:<\/strong> Verde\/Rosa\/Negro\/Gris<\/p>\n<p style=\"text-align: center\"><strong>OEM\/ODM:<\/strong> Aceptado<\/p>\n<p style=\"text-align: center\"><img fetchpriority=\"high\" decoding=\"async\" class=\"aligncenter wp-image-7421\" src=\"https:\/\/www.sellersunionagent.com\/wp-content\/uploads\/2022\/06\/portable-makeup-case-5.jpg\" alt=\"\" width=\"600\" height=\"600\" \/><\/p>\n<p><img decoding=\"async\" class=\"aligncenter wp-image-7422\" src=\"https:\/\/www.sellersunionagent.com\/wp-content\/uploads\/2022\/06\/portable-makeup-case-4.jpg\" alt=\"\" width=\"600\" height=\"600\" \/><\/p>\n<p><img decoding=\"async\" class=\"aligncenter wp-image-7423\" src=\"https:\/\/www.sellersunionagent.com\/wp-content\/uploads\/2022\/06\/portable-makeup-case-3.jpg\" alt=\"\" width=\"600\" height=\"600\" \/><img loading=\"lazy\" decoding=\"async\" class=\"aligncenter wp-image-7425\" src=\"https:\/\/www.sellersunionagent.com\/wp-content\/uploads\/2022\/06\/portable-makeup-case-1.jpg\" alt=\"\" width=\"600\" height=\"555\" \/> <img loading=\"lazy\" decoding=\"async\" class=\"aligncenter wp-image-9247\" src=\"https:\/\/www.sellersunionagent.com\/wp-content\/uploads\/2022\/06\/02a3cc89115eba8755581b2061a69cd.png\" alt=\"\" width=\"600\" height=\"359\" \/> <img loading=\"lazy\" decoding=\"async\" class=\"aligncenter wp-image-9242\" src=\"https:\/\/www.sellersunionagent.com\/wp-content\/uploads\/2022\/06\/2a380eb1e66df7e8028b1cd13426170.png\" alt=\"\" width=\"600\" height=\"600\" \/><\/p>\n<p>&nbsp;<\/p>","protected":false},"excerpt":{"rendered":"<p><strong>MOQ<\/strong>:  100 piezas<br \/>\n<strong>Muestra gratuita<\/strong>:  Soporte<br \/>\n<strong>Personalizaci\u00f3n<\/strong>logo \/ color \/ materiales \/ embalaje, etc.<br \/>\n<strong>Descuento<\/strong>:  Primeros pedidos desde 10% de descuento.<br \/>\n<strong>Porcentaje de entregas a tiempo<\/strong>:\u00a0 100%<br \/>\n<strong>Env\u00edos totales<\/strong>: 75500 piezas<br \/>\n<strong>Env\u00edo<\/strong>: Apoyo Express-Carga mar\u00edtima-Carga terrestre<\/p>","protected":false},"featured_media":7424,"comment_status":"open","ping_status":"closed","template":"","meta":{"_acf_changed":false},"product_brand":[],"product_cat":[30],"product_tag":[171,78,93],"class_list":{"0":"post-7419","1":"product","2":"type-product","3":"status-publish","4":"has-post-thumbnail","6":"product_cat-makeup-bag","7":"product_tag-make-up-hot","8":"product_tag-makeup-bag","9":"product_tag-storage","11":"first","12":"instock","13":"shipping-taxable","14":"purchasable","15":"product-type-simple","16":"swiper-slide"},"acf":[],"_links":{"self":[{"href":"https:\/\/www.sellersunionagent.com\/es\/wp-json\/wp\/v2\/product\/7419","targetHints":{"allow":["GET"]}}],"collection":[{"href":"https:\/\/www.sellersunionagent.com\/es\/wp-json\/wp\/v2\/product"}],"about":[{"href":"https:\/\/www.sellersunionagent.com\/es\/wp-json\/wp\/v2\/types\/product"}],"replies":[{"embeddable":true,"href":"https:\/\/www.sellersunionagent.com\/es\/wp-json\/wp\/v2\/comments?post=7419"}],"wp:featuredmedia":[{"embeddable":true,"href":"https:\/\/www.sellersunionagent.com\/es\/wp-json\/wp\/v2\/media\/7424"}],"wp:attachment":[{"href":"https:\/\/www.sellersunionagent.com\/es\/wp-json\/wp\/v2\/media?parent=7419"}],"wp:term":[{"taxonomy":"product_brand","embeddable":true,"href":"https:\/\/www.sellersunionagent.com\/es\/wp-json\/wp\/v2\/product_brand?post=7419"},{"taxonomy":"product_cat","embeddable":true,"href":"https:\/\/www.sellersunionagent.com\/es\/wp-json\/wp\/v2\/product_cat?post=7419"},{"taxonomy":"product_tag","embeddable":true,"href":"https:\/\/www.sellersunionagent.com\/es\/wp-json\/wp\/v2\/product_tag?post=7419"}],"curies":[{"name":"wp","href":"https:\/\/api.w.org\/{rel}","templated":true}]}}