{"id":7412,"date":"2022-06-26T17:44:00","date_gmt":"2022-06-26T09:44:00","guid":{"rendered":"https:\/\/sellersunionagent.com\/?post_type=product&#038;p=7412"},"modified":"2022-07-08T15:18:53","modified_gmt":"2022-07-08T07:18:53","slug":"2022-bolso-de-maquillaje-de-lujo-multifuncional-made-in-china","status":"publish","type":"product","link":"https:\/\/www.sellersunionagent.com\/es\/2022-multifunctional-luxury-makeup-bag-made-in-china\/","title":{"rendered":"2022 Bolsa de maquillaje multifuncional de lujo hecha en China"},"content":{"rendered":"<h2>2022 Bolsa de maquillaje multifuncional de lujo hecha en China<\/h2>\n<p>&nbsp;<\/p>\n<p>La bolsa organizadora de maquillaje de alta calidad tiene m\u00faltiples bolsillos peque\u00f1os dan a sus cosm\u00e9ticos espacio dedicado para almacenar su maquillaje y accesorios cosm\u00e9ticos.M\u00faltiples compartimentos para diferentes solicitudes de almacenamiento.<\/p>\n<p>&nbsp;<\/p>\n<p>&nbsp;<\/p>\n<p><strong>Bolsa de maquillaje convenientemente compacta<\/strong> organizar\u00e1 todos sus esenciales de belleza ordenadamente en su lugar. Es un organizador de bolsa de cosm\u00e9ticos diario perfecto. Es una gran idea de regalo, un maravilloso regalo de Navidad para su hija, esposa, novia, amigos.<\/p>\n<p>&nbsp;<\/p>\n<p>&nbsp;<\/p>\n<p>Esta bolsa de maquillaje est\u00e1 hecha de poli\u00e9ster de primera calidad. Es f\u00e1cil de plegar y te ayuda a ahorrar espacio. Puedes simplemente limpiarlo con servilleta y se muestra limpio.<\/p>\n<p>&nbsp;<\/p>\n<p><img fetchpriority=\"high\" decoding=\"async\" class=\"aligncenter wp-image-7413\" src=\"https:\/\/www.sellersunionagent.com\/wp-content\/uploads\/2022\/06\/multifunctional-luxury-makeup-bag-5.jpg\" alt=\"\" width=\"600\" height=\"600\" \/><\/p>\n<p><img decoding=\"async\" class=\"aligncenter wp-image-7416\" src=\"https:\/\/www.sellersunionagent.com\/wp-content\/uploads\/2022\/06\/multifunctional-luxury-makeup-bag-2.jpg\" alt=\"\" width=\"600\" height=\"600\" \/> <img decoding=\"async\" class=\"aligncenter wp-image-7415\" src=\"https:\/\/www.sellersunionagent.com\/wp-content\/uploads\/2022\/06\/multifunctional-luxury-makeup-bag-3.jpg\" alt=\"\" width=\"600\" height=\"600\" \/> <img loading=\"lazy\" decoding=\"async\" class=\"aligncenter wp-image-7414\" src=\"https:\/\/www.sellersunionagent.com\/wp-content\/uploads\/2022\/06\/multifunctional-luxury-makeup-bag-4.jpg\" alt=\"\" width=\"600\" height=\"600\" \/><\/p>","protected":false},"excerpt":{"rendered":"<p>Tipo: Bolsa de maquillaje<\/p>\n<p>Tama\u00f1o del art\u00edculo: 21*17*7cm<\/p>\n<p>Color: verde\/rosa\/negro\/gris<\/p>\n<p>OEM\/ODM: Aceptado<\/p>","protected":false},"featured_media":7417,"comment_status":"open","ping_status":"closed","template":"","meta":{"_acf_changed":false},"product_brand":[],"product_cat":[30],"product_tag":[78,94,93],"class_list":{"0":"post-7412","1":"product","2":"type-product","3":"status-publish","4":"has-post-thumbnail","6":"product_cat-makeup-bag","7":"product_tag-makeup-bag","8":"product_tag-organizer","9":"product_tag-storage","11":"first","12":"instock","13":"shipping-taxable","14":"product-type-simple","15":"swiper-slide"},"acf":[],"_links":{"self":[{"href":"https:\/\/www.sellersunionagent.com\/es\/wp-json\/wp\/v2\/product\/7412","targetHints":{"allow":["GET"]}}],"collection":[{"href":"https:\/\/www.sellersunionagent.com\/es\/wp-json\/wp\/v2\/product"}],"about":[{"href":"https:\/\/www.sellersunionagent.com\/es\/wp-json\/wp\/v2\/types\/product"}],"replies":[{"embeddable":true,"href":"https:\/\/www.sellersunionagent.com\/es\/wp-json\/wp\/v2\/comments?post=7412"}],"wp:featuredmedia":[{"embeddable":true,"href":"https:\/\/www.sellersunionagent.com\/es\/wp-json\/wp\/v2\/media\/7417"}],"wp:attachment":[{"href":"https:\/\/www.sellersunionagent.com\/es\/wp-json\/wp\/v2\/media?parent=7412"}],"wp:term":[{"taxonomy":"product_brand","embeddable":true,"href":"https:\/\/www.sellersunionagent.com\/es\/wp-json\/wp\/v2\/product_brand?post=7412"},{"taxonomy":"product_cat","embeddable":true,"href":"https:\/\/www.sellersunionagent.com\/es\/wp-json\/wp\/v2\/product_cat?post=7412"},{"taxonomy":"product_tag","embeddable":true,"href":"https:\/\/www.sellersunionagent.com\/es\/wp-json\/wp\/v2\/product_tag?post=7412"}],"curies":[{"name":"wp","href":"https:\/\/api.w.org\/{rel}","templated":true}]}}