{"id":7397,"date":"2022-06-26T16:55:01","date_gmt":"2022-06-26T08:55:01","guid":{"rendered":"https:\/\/sellersunionagent.com\/?post_type=product&#038;p=7397"},"modified":"2022-07-11T14:18:15","modified_gmt":"2022-07-11T06:18:15","slug":"nueva-moda-de-la-fabrica-china-bolsa-de-maquillaje-con-la-ultima-moda","status":"publish","type":"product","link":"https:\/\/www.sellersunionagent.com\/es\/new-fashion-from-china-factory-makeup-bag-with-latest-fashion\/","title":{"rendered":"Nueva Moda De China F\u00e1brica: Bolsa De Maquillaje Con La \u00daltima Moda"},"content":{"rendered":"<h2>Maletines de maquillaje de lujo seleccionados de Niche Taste<\/h2>\n<p>La bolsa organizadora de maquillaje est\u00e1 hecha de nailon de alta calidad. Es duradero, f\u00e1cil de plegar y limpiar. Puede agregar un buen sentido de la moda a su bolsa de maquillaje personal.<\/p>\n<p>&nbsp;<\/p>\n<p>&nbsp;<\/p>\n<p>Una gran bolsa de cosm\u00e9ticos puede almacenar todos los cosm\u00e9ticos esenciales de las mujeres. Esta bolsa de maquillaje a\u00f1ade separador de velcro desmontable, m\u00faltiples \u00e1reas segregadas ayudan a separar el \u00e1rea para almacenar cosm\u00e9ticos y mantener todos los art\u00edculos hermosos y organizados.<\/p>\n<p>&nbsp;<\/p>\n<p>&nbsp;<\/p>\n<p>Es muy adecuado como neceser de viaje, puede colocar la botella de perfume y los productos para el cuidado de la piel verticalmente en el compartimento inferior. El dise\u00f1o port\u00e1til y ligero permite que se pueda colocar en una maleta o en una mesa, adecuado para viajes diarios o uso diario, perfecto para damas como regalos del d\u00eda de la madre y regalos de agradecimiento para maestros.<\/p>\n<p><img fetchpriority=\"high\" decoding=\"async\" class=\"aligncenter wp-image-7402\" src=\"https:\/\/www.sellersunionagent.com\/wp-content\/uploads\/2022\/06\/makeup-bag-with-latest-fashion-2.jpg\" alt=\"\" width=\"665\" height=\"623\" \/><\/p>\n<p><img decoding=\"async\" class=\"aligncenter wp-image-7400\" src=\"https:\/\/www.sellersunionagent.com\/wp-content\/uploads\/2022\/06\/makeup-bag-with-latest-fashion-4.jpg\" alt=\"\" width=\"600\" height=\"600\" \/><img decoding=\"async\" class=\"aligncenter wp-image-7403\" src=\"https:\/\/www.sellersunionagent.com\/wp-content\/uploads\/2022\/06\/makeup-bag-with-latest-fashion-1.jpg\" alt=\"\" width=\"600\" height=\"446\" \/><img loading=\"lazy\" decoding=\"async\" class=\"aligncenter wp-image-7402\" src=\"https:\/\/www.sellersunionagent.com\/wp-content\/uploads\/2022\/06\/makeup-bag-with-latest-fashion-2.jpg\" alt=\"\" width=\"600\" height=\"562\" \/> <img loading=\"lazy\" decoding=\"async\" class=\"aligncenter wp-image-7401\" src=\"https:\/\/www.sellersunionagent.com\/wp-content\/uploads\/2022\/06\/makeup-bag-with-latest-fashion-3.jpg\" alt=\"\" width=\"600\" height=\"600\" \/> <img loading=\"lazy\" decoding=\"async\" class=\"aligncenter wp-image-7398\" src=\"https:\/\/www.sellersunionagent.com\/wp-content\/uploads\/2022\/06\/makeup-bag-with-latest-fashion-6.jpg\" alt=\"\" width=\"600\" height=\"600\" \/><\/p>\n<p>&nbsp;<\/p>\n<p>&nbsp;<\/p>","protected":false},"excerpt":{"rendered":"<p>Tipo: Bolsa de maquillaje<\/p>\n<p>Tama\u00f1o del art\u00edculo: 24*18*8cm<\/p>\n<p>Color: verde\/rosa\/negro\/gris<\/p>\n<p>OEM\/ODM: Aceptado<\/p>","protected":false},"featured_media":7404,"comment_status":"open","ping_status":"closed","template":"","meta":{"_acf_changed":false},"product_brand":[],"product_cat":[30],"product_tag":[78,92,90,91],"class_list":{"0":"post-7397","1":"product","2":"type-product","3":"status-publish","4":"has-post-thumbnail","6":"product_cat-makeup-bag","7":"product_tag-makeup-bag","8":"product_tag-retail","9":"product_tag-storage-bag","10":"product_tag-wholesaler","12":"first","13":"instock","14":"shipping-taxable","15":"product-type-simple","16":"swiper-slide"},"acf":[],"_links":{"self":[{"href":"https:\/\/www.sellersunionagent.com\/es\/wp-json\/wp\/v2\/product\/7397","targetHints":{"allow":["GET"]}}],"collection":[{"href":"https:\/\/www.sellersunionagent.com\/es\/wp-json\/wp\/v2\/product"}],"about":[{"href":"https:\/\/www.sellersunionagent.com\/es\/wp-json\/wp\/v2\/types\/product"}],"replies":[{"embeddable":true,"href":"https:\/\/www.sellersunionagent.com\/es\/wp-json\/wp\/v2\/comments?post=7397"}],"wp:featuredmedia":[{"embeddable":true,"href":"https:\/\/www.sellersunionagent.com\/es\/wp-json\/wp\/v2\/media\/7404"}],"wp:attachment":[{"href":"https:\/\/www.sellersunionagent.com\/es\/wp-json\/wp\/v2\/media?parent=7397"}],"wp:term":[{"taxonomy":"product_brand","embeddable":true,"href":"https:\/\/www.sellersunionagent.com\/es\/wp-json\/wp\/v2\/product_brand?post=7397"},{"taxonomy":"product_cat","embeddable":true,"href":"https:\/\/www.sellersunionagent.com\/es\/wp-json\/wp\/v2\/product_cat?post=7397"},{"taxonomy":"product_tag","embeddable":true,"href":"https:\/\/www.sellersunionagent.com\/es\/wp-json\/wp\/v2\/product_tag?post=7397"}],"curies":[{"name":"wp","href":"https:\/\/api.w.org\/{rel}","templated":true}]}}