{"id":7380,"date":"2022-06-25T15:54:55","date_gmt":"2022-06-25T07:54:55","guid":{"rendered":"https:\/\/sellersunionagent.com\/?post_type=product&#038;p=7380"},"modified":"2022-08-31T14:21:21","modified_gmt":"2022-08-31T06:21:21","slug":"organizadores-de-equipaje-para-accesorios-de-viaje-o-almacenamiento-domestico","status":"publish","type":"product","link":"https:\/\/www.sellersunionagent.com\/es\/packing-organizers-for-travel-accessories-or-home-storage\/","title":{"rendered":"Organizadores de equipaje para accesorios de viaje o almacenamiento dom\u00e9stico"},"content":{"rendered":"<h2 id=\"title\" class=\"a-size-large a-spacing-none\"><span id=\"productTitle\" class=\"a-size-large product-title-word-break\">\u00a06 Set de Cubos de Embalaje, Organizadores de Maletas de Viaje, Organizadores de Equipaje para Accesorios de Viaje o Almacenaje en Casa<\/span><\/h2>\n<p><strong>Tipo<\/strong>: Organizaci\u00f3n dom\u00e9stica<\/p>\n<p><strong>Tama\u00f1o del art\u00edculo<\/strong>:40*30*12cm\/30*28*13cm\/30*21*13cm\/35*27cm\/27*25cm\/26*16cm<\/p>\n<p><strong>Colores<\/strong>: Rojo\/Negro\/Azul\/Marr\u00f3n<\/p>\n<p>&nbsp;<\/p>\n<p>&nbsp;<\/p>\n<ul class=\"a-unordered-list a-vertical a-spacing-mini\">\n<li><span class=\"a-list-item\">PAQUETE ORGANIZADO y AHORRO DE ESPACIO: Separe sus diferentes prendas de ropa con los cubos de embalaje de m\u00faltiples tama\u00f1os y colores vivos disponibles. Ahorre tiempo en sus viajes, excursiones o actividades al aire libre evitando colocar mal los diferentes art\u00edculos y aproveche al m\u00e1ximo el espacio de su equipaje.<\/span><\/li>\n<\/ul>\n<p>&nbsp;<\/p>\n<p>&nbsp;<\/p>\n<ul class=\"a-unordered-list a-vertical a-spacing-mini\">\n<li><span class=\"a-list-item\">VERS\u00c1TIL y MULTIFUNCIONAL: Cabe como un guante en la mayor\u00eda de los bolsos de mano de las aerol\u00edneas, bolsas de viaje, bolsas de fin de semana, mochilas, bolsas de viaje, etc. Para viajes familiares, viajes de negocios, vacaciones, senderismo, camping, caravanas, viajes, etc.<\/span><\/li>\n<\/ul>\n<p>&nbsp;<\/p>\n<p>&nbsp;<\/p>\n<ul class=\"a-unordered-list a-vertical a-spacing-mini\">\n<li><span class=\"a-list-item\">100% GARANT\u00cdA DE DEVOLUCI\u00d3N DEL DINERO: Ofrecerle los mejores productos y atender todas sus necesidades han sido siempre nuestro principal objetivo. Estamos detr\u00e1s de todos nuestros productos BAGAIL y ofrecemos una garant\u00eda incondicional para la calidad y la artesan\u00eda en 12 meses.<\/span><\/li>\n<\/ul>\n<p>&nbsp;<\/p>\n<p>&nbsp;<\/p>\n<p><img fetchpriority=\"high\" decoding=\"async\" class=\"alignnone wp-image-7386\" src=\"https:\/\/www.sellersunionagent.com\/wp-content\/uploads\/2022\/06\/\u5fae\u4fe1\u56fe\u7247_20180414120948-300x300.jpg\" alt=\"\" width=\"360\" height=\"359\" \/> <img decoding=\"async\" class=\"alignnone wp-image-7387\" src=\"https:\/\/www.sellersunionagent.com\/wp-content\/uploads\/2022\/06\/\u5fae\u4fe1\u56fe\u7247_20180414131925-300x300.jpg\" alt=\"\" width=\"360\" height=\"360\" \/> <img decoding=\"async\" class=\"alignnone wp-image-7385\" src=\"https:\/\/www.sellersunionagent.com\/wp-content\/uploads\/2022\/06\/packing-organizers-for-travel-accessories-2-300x300.png\" alt=\"\" width=\"360\" height=\"361\" \/> <img loading=\"lazy\" decoding=\"async\" class=\"alignnone wp-image-7384\" src=\"https:\/\/www.sellersunionagent.com\/wp-content\/uploads\/2022\/06\/packing-organizers-for-travel-accessories-3-300x300.jpg\" alt=\"\" width=\"360\" height=\"360\" \/> <img loading=\"lazy\" decoding=\"async\" class=\"alignnone wp-image-7382\" src=\"https:\/\/www.sellersunionagent.com\/wp-content\/uploads\/2022\/06\/packing-organizers-for-travel-accessories-5-300x300.jpg\" alt=\"\" width=\"360\" height=\"360\" \/> <img loading=\"lazy\" decoding=\"async\" class=\"alignnone wp-image-7381\" src=\"https:\/\/www.sellersunionagent.com\/wp-content\/uploads\/2022\/06\/packing-organizers-for-travel-accessories-6-300x300.jpg\" alt=\"\" width=\"360\" height=\"360\" \/><\/p>","protected":false},"excerpt":{"rendered":"<p><strong>MOQ: <\/strong>500 (flexible)<br \/>\n<strong>Muestra gratis:<\/strong> Soporte<br \/>\n<strong>Personalizaci\u00f3n:<\/strong> logotipo \/ color \/ materiales \/ embalaje, etc.<br \/>\n<strong>Descuento:<\/strong> Primeros pedidos desde 10% de descuento.<br \/>\n<strong>Tasa de entrega puntual:<\/strong> 100%<br \/>\n<strong>Total de env\u00edos:<\/strong> 100000PCS<br \/>\n<strong>Env\u00edo:<\/strong> Apoyo Express-Mercanc\u00edas mar\u00edtimas-Mercanc\u00edas terrestres<\/p>","protected":false},"featured_media":7386,"comment_status":"open","ping_status":"closed","template":"","meta":{"_acf_changed":false},"product_brand":[],"product_cat":[31,186],"product_tag":[70,174,48,79,83,50],"class_list":{"0":"post-7380","1":"product","2":"type-product","3":"status-publish","4":"has-post-thumbnail","6":"product_cat-home-storage","7":"product_cat-living-room","8":"product_tag-home-storage","9":"product_tag-home-storage-hot","10":"product_tag-large-capacity","11":"product_tag-organization","12":"product_tag-portable-bag","13":"product_tag-wholesale","15":"first","16":"instock","17":"shipping-taxable","18":"product-type-simple","19":"swiper-slide"},"acf":[],"_links":{"self":[{"href":"https:\/\/www.sellersunionagent.com\/es\/wp-json\/wp\/v2\/product\/7380","targetHints":{"allow":["GET"]}}],"collection":[{"href":"https:\/\/www.sellersunionagent.com\/es\/wp-json\/wp\/v2\/product"}],"about":[{"href":"https:\/\/www.sellersunionagent.com\/es\/wp-json\/wp\/v2\/types\/product"}],"replies":[{"embeddable":true,"href":"https:\/\/www.sellersunionagent.com\/es\/wp-json\/wp\/v2\/comments?post=7380"}],"wp:featuredmedia":[{"embeddable":true,"href":"https:\/\/www.sellersunionagent.com\/es\/wp-json\/wp\/v2\/media\/7386"}],"wp:attachment":[{"href":"https:\/\/www.sellersunionagent.com\/es\/wp-json\/wp\/v2\/media?parent=7380"}],"wp:term":[{"taxonomy":"product_brand","embeddable":true,"href":"https:\/\/www.sellersunionagent.com\/es\/wp-json\/wp\/v2\/product_brand?post=7380"},{"taxonomy":"product_cat","embeddable":true,"href":"https:\/\/www.sellersunionagent.com\/es\/wp-json\/wp\/v2\/product_cat?post=7380"},{"taxonomy":"product_tag","embeddable":true,"href":"https:\/\/www.sellersunionagent.com\/es\/wp-json\/wp\/v2\/product_tag?post=7380"}],"curies":[{"name":"wp","href":"https:\/\/api.w.org\/{rel}","templated":true}]}}