{"id":7362,"date":"2022-06-25T15:17:59","date_gmt":"2022-06-25T07:17:59","guid":{"rendered":"https:\/\/sellersunionagent.com\/?post_type=product&#038;p=7362"},"modified":"2022-08-31T14:21:29","modified_gmt":"2022-08-31T06:21:29","slug":"bolsa-de-ropa-interior-multifuncional-bolsa-de-sujetador-para-guardar-en-casa-o-de-viaje","status":"publish","type":"product","link":"https:\/\/www.sellersunionagent.com\/es\/multifunctional-underwear-bag-bra-bag-for-home-storage-or-travel\/","title":{"rendered":"Bolsa multifuncional para ropa interior Bolsa para sujetador Para guardar en casa o de viaje"},"content":{"rendered":"<h2 id=\"title\" class=\"a-size-large a-spacing-none\"><span id=\"productTitle\" class=\"a-size-large product-title-word-break\">Inicio Almacenamiento Peque\u00f1as bolsas de sujetador Ropa interior Bolsa organizadora de viaje de espesor<\/span><\/h2>\n<p>&nbsp;<\/p>\n<p>&nbsp;<\/p>\n<ul>\n<li><strong>MATERIAL DE PRIMERA CALIDAD:<\/strong> Este neceser de maquillaje est\u00e1 fabricado con tejido cati\u00f3nico 300D de alta calidad.<\/li>\n<\/ul>\n<p>&nbsp;<\/p>\n<p>&nbsp;<\/p>\n<ul>\n<li><strong>MUCHO ESPACIO DE ALMACENAMIENTO:<\/strong> Esta bolsa tiene espacio suficiente para guardar su sujetador o accesorios.<\/li>\n<\/ul>\n<p>&nbsp;<\/p>\n<p>&nbsp;<\/p>\n<ul>\n<li><strong>COMPARTIMENTOS AJUSTABLES:<\/strong> Dise\u00f1o especial compartimentos ajustables, se puede ajustar seg\u00fan sea necesario.<\/li>\n<\/ul>\n<p>&nbsp;<\/p>\n<p>&nbsp;<\/p>\n<ul>\n<li><strong>BOLSA MULTIFUNCIONAL:<\/strong> Esta bolsa no s\u00f3lo puede almacenar su sujetador, sino tambi\u00e9n joyas, accesorios electr\u00f3nicos, c\u00e1mara, aceite esencial, art\u00edculos de tocador, kit de afeitado, objetos de valor y as\u00ed sucesivamente.<\/li>\n<\/ul>\n<p>&nbsp;<\/p>\n<p>&nbsp;<\/p>\n<p><img fetchpriority=\"high\" decoding=\"async\" class=\"alignnone wp-image-7363\" src=\"https:\/\/www.sellersunionagent.com\/wp-content\/uploads\/2022\/06\/multifunctional-underwear-bag-11-300x300.jpg\" alt=\"\" width=\"360\" height=\"360\" \/> <img decoding=\"async\" class=\"alignnone wp-image-7364\" src=\"https:\/\/www.sellersunionagent.com\/wp-content\/uploads\/2022\/06\/multifunctional-underwear-bag-10-300x300.jpg\" alt=\"\" width=\"360\" height=\"360\" \/> <img decoding=\"async\" class=\"alignnone wp-image-7365\" src=\"https:\/\/www.sellersunionagent.com\/wp-content\/uploads\/2022\/06\/multifunctional-underwear-bag-9-300x300.jpg\" alt=\"\" width=\"360\" height=\"360\" \/> <img loading=\"lazy\" decoding=\"async\" class=\"alignnone wp-image-7366\" src=\"https:\/\/www.sellersunionagent.com\/wp-content\/uploads\/2022\/06\/multifunctional-underwear-bag-8-300x300.jpg\" alt=\"\" width=\"360\" height=\"360\" \/> <img loading=\"lazy\" decoding=\"async\" class=\"alignnone wp-image-7367\" src=\"https:\/\/www.sellersunionagent.com\/wp-content\/uploads\/2022\/06\/multifunctional-underwear-bag-7-300x300.jpg\" alt=\"\" width=\"360\" height=\"360\" \/> <img loading=\"lazy\" decoding=\"async\" class=\"alignnone wp-image-7368\" src=\"https:\/\/www.sellersunionagent.com\/wp-content\/uploads\/2022\/06\/multifunctional-underwear-bag-6-300x300.jpg\" alt=\"\" width=\"360\" height=\"360\" \/><\/p>\n<p>&nbsp;<\/p>\n<p>&nbsp;<\/p>","protected":false},"excerpt":{"rendered":"<p><strong>Tipo<\/strong>: Organizaci\u00f3n dom\u00e9stica<\/p>\n<p><strong>Tama\u00f1o del art\u00edculo<\/strong>: 28*16*12.5cm<\/p>\n<p><strong>Peso del art\u00edculo<\/strong>: 210g<\/p>\n<p><strong>Colores<\/strong>: Borgo\u00f1a\/azul\/azul marino\/negro\/gris\/morado<\/p>\n<p><strong>Material: <\/strong>Tejido cati\u00f3nico 300D<\/p>","protected":false},"featured_media":7373,"comment_status":"open","ping_status":"closed","template":"","meta":{"_acf_changed":false},"product_brand":[],"product_cat":[31,187],"product_tag":[73,79,83,50],"class_list":{"0":"post-7362","1":"product","2":"type-product","3":"status-publish","4":"has-post-thumbnail","6":"product_cat-home-storage","7":"product_cat-bedroom","8":"product_tag-home-storagewholesaledurable","9":"product_tag-organization","10":"product_tag-portable-bag","11":"product_tag-wholesale","13":"first","14":"instock","15":"shipping-taxable","16":"product-type-simple","17":"swiper-slide"},"acf":[],"_links":{"self":[{"href":"https:\/\/www.sellersunionagent.com\/es\/wp-json\/wp\/v2\/product\/7362","targetHints":{"allow":["GET"]}}],"collection":[{"href":"https:\/\/www.sellersunionagent.com\/es\/wp-json\/wp\/v2\/product"}],"about":[{"href":"https:\/\/www.sellersunionagent.com\/es\/wp-json\/wp\/v2\/types\/product"}],"replies":[{"embeddable":true,"href":"https:\/\/www.sellersunionagent.com\/es\/wp-json\/wp\/v2\/comments?post=7362"}],"wp:featuredmedia":[{"embeddable":true,"href":"https:\/\/www.sellersunionagent.com\/es\/wp-json\/wp\/v2\/media\/7373"}],"wp:attachment":[{"href":"https:\/\/www.sellersunionagent.com\/es\/wp-json\/wp\/v2\/media?parent=7362"}],"wp:term":[{"taxonomy":"product_brand","embeddable":true,"href":"https:\/\/www.sellersunionagent.com\/es\/wp-json\/wp\/v2\/product_brand?post=7362"},{"taxonomy":"product_cat","embeddable":true,"href":"https:\/\/www.sellersunionagent.com\/es\/wp-json\/wp\/v2\/product_cat?post=7362"},{"taxonomy":"product_tag","embeddable":true,"href":"https:\/\/www.sellersunionagent.com\/es\/wp-json\/wp\/v2\/product_tag?post=7362"}],"curies":[{"name":"wp","href":"https:\/\/api.w.org\/{rel}","templated":true}]}}