{"id":7355,"date":"2022-06-25T15:06:54","date_gmt":"2022-06-25T07:06:54","guid":{"rendered":"https:\/\/sellersunionagent.com\/?post_type=product&#038;p=7355"},"modified":"2022-08-31T14:21:37","modified_gmt":"2022-08-31T06:21:37","slug":"almacenaje-en-casa-organizador-de-zapatos-ba","status":"publish","type":"product","link":"https:\/\/www.sellersunionagent.com\/es\/home-storage-shoe-storage-organizer-ba\/","title":{"rendered":"Almacenamiento en el hogar Bolsa organizadora para zapatos"},"content":{"rendered":"<h2 id=\"title\" class=\"a-size-large a-spacing-none\"><span id=\"productTitle\" class=\"a-size-large product-title-word-break\">Bolsas para zapatos de viaje, Bolsas para zapatos para guardar en casa en el armario,Organizadores para zapatos con cremallera<\/span><\/h2>\n<p>&nbsp;<\/p>\n<p>&nbsp;<\/p>\n<ul>\n<li>ORGANIZACI\u00d3N DE LOS ZAPATOS: Esta bolsa para zapatos te ayuda a mantener todos tus zapatos organizados y en su sitio en lugar de estar junto a la puerta de casa o desperdigados por la casa. La bolsa cuenta con varios compartimentos para guardar zapatillas, botas, tacones y zapatos planos en un solo lugar. Utilice la bolsa para guardar pares de zapatos de forma ordenada.<\/li>\n<\/ul>\n<p>&nbsp;<\/p>\n<p>&nbsp;<\/p>\n<ul>\n<li>CADDY DE VIAJE: Hemos dise\u00f1ado esta bolsa con asas de transporte, para que te resulte f\u00e1cil llevar tus zapatos a donde quieras. Coloca tus zapatos en compartimentos separados, cierra la cremallera de la bolsa y \u00a1coge las asas! El organizador cabe perfectamente debajo de la cama, en el armario, en una maleta o incluso en un caj\u00f3n.<\/li>\n<\/ul>\n<p>&nbsp;<\/p>\n<p>&nbsp;<\/p>\n<ul>\n<li>PROTEJA SU CALZADO: \u00bfTienes algunos pares de zapatos que podr\u00edan necesitar protecci\u00f3n adicional contra ara\u00f1azos, rozaduras o suciedad? Los zapatos de ante, brillantes o tejidos delicados pueden da\u00f1arse f\u00e1cilmente, y los tacones altos tienen el potencial de rayar otros zapatos. Mantenga todos sus zapatos seguros y protegidos dentro de nuestra bolsa. Adem\u00e1s, la bolsa se guarda plana cuando no se utiliza.<\/li>\n<\/ul>\n<p>&nbsp;<\/p>\n<p>&nbsp;<\/p>\n<ul>\n<li>IDEA DE REGALO \u00daNICA: \u00bfEst\u00e1 buscando una idea de regalo \u00fanica para un amigo o familiar? Todo el mundo necesita el don de la organizaci\u00f3n en su vida. Regale este contenedor para zapatos a sus seres queridos en cumplea\u00f1os, Navidades, fiestas de inauguraci\u00f3n, bodas u otras ocasiones especiales. Este organizador tambi\u00e9n es ideal para estudiantes universitarios o viajeros frecuentes.<\/li>\n<\/ul>\n<p>&nbsp;<\/p>\n<p><img fetchpriority=\"high\" decoding=\"async\" class=\"aligncenter wp-image-7356\" src=\"https:\/\/www.sellersunionagent.com\/wp-content\/uploads\/2022\/06\/home-storage-shoe-storage-organizer-bag-1-300x300.jpg\" alt=\"\" width=\"600\" height=\"600\" \/> <img decoding=\"async\" class=\"aligncenter wp-image-7357\" src=\"https:\/\/www.sellersunionagent.com\/wp-content\/uploads\/2022\/06\/home-storage-shoe-storage-organizer-bag-300x300.jpg\" alt=\"\" width=\"600\" height=\"600\" \/> <img decoding=\"async\" class=\"aligncenter wp-image-7358\" src=\"https:\/\/www.sellersunionagent.com\/wp-content\/uploads\/2022\/06\/home-sstorage-shoe-storage-organizer-bag-3-300x300.jpg\" alt=\"\" width=\"600\" height=\"600\" \/><\/p>","protected":false},"excerpt":{"rendered":"<p><strong>Tipo<\/strong>: Organizaci\u00f3n dom\u00e9stica<\/p>\n<p><strong>Tama\u00f1o del art\u00edculo<\/strong>: 21*26*34.5cm<\/p>\n<p><strong>Peso del art\u00edculo<\/strong>: 280g<\/p>\n<p><strong>Colores<\/strong>: Gris<\/p>\n<p><strong>Material: <\/strong>Tejido cati\u00f3nico mejorado<\/p>","protected":false},"featured_media":7361,"comment_status":"open","ping_status":"closed","template":"","meta":{"_acf_changed":false},"product_brand":[],"product_cat":[31,186],"product_tag":[73,59,69],"class_list":{"0":"post-7355","1":"product","2":"type-product","3":"status-publish","4":"has-post-thumbnail","6":"product_cat-home-storage","7":"product_cat-living-room","8":"product_tag-home-storagewholesaledurable","9":"product_tag-multifunctional","10":"product_tag-shoe-storage-bags","12":"first","13":"instock","14":"shipping-taxable","15":"product-type-simple","16":"swiper-slide"},"acf":[],"_links":{"self":[{"href":"https:\/\/www.sellersunionagent.com\/es\/wp-json\/wp\/v2\/product\/7355","targetHints":{"allow":["GET"]}}],"collection":[{"href":"https:\/\/www.sellersunionagent.com\/es\/wp-json\/wp\/v2\/product"}],"about":[{"href":"https:\/\/www.sellersunionagent.com\/es\/wp-json\/wp\/v2\/types\/product"}],"replies":[{"embeddable":true,"href":"https:\/\/www.sellersunionagent.com\/es\/wp-json\/wp\/v2\/comments?post=7355"}],"wp:featuredmedia":[{"embeddable":true,"href":"https:\/\/www.sellersunionagent.com\/es\/wp-json\/wp\/v2\/media\/7361"}],"wp:attachment":[{"href":"https:\/\/www.sellersunionagent.com\/es\/wp-json\/wp\/v2\/media?parent=7355"}],"wp:term":[{"taxonomy":"product_brand","embeddable":true,"href":"https:\/\/www.sellersunionagent.com\/es\/wp-json\/wp\/v2\/product_brand?post=7355"},{"taxonomy":"product_cat","embeddable":true,"href":"https:\/\/www.sellersunionagent.com\/es\/wp-json\/wp\/v2\/product_cat?post=7355"},{"taxonomy":"product_tag","embeddable":true,"href":"https:\/\/www.sellersunionagent.com\/es\/wp-json\/wp\/v2\/product_tag?post=7355"}],"curies":[{"name":"wp","href":"https:\/\/api.w.org\/{rel}","templated":true}]}}