{"id":7354,"date":"2022-06-26T21:28:25","date_gmt":"2022-06-26T13:28:25","guid":{"rendered":"https:\/\/sellersunionagent.com\/?post_type=product&#038;p=7354"},"modified":"2022-06-26T21:28:48","modified_gmt":"2022-06-26T13:28:48","slug":"organizador-de-documentos-de-viaje-porta-pasaportes-de-best-wholesale-inc","status":"publish","type":"product","link":"https:\/\/www.sellersunionagent.com\/es\/travel-document-organizer-passport-holder-from-best-wholesale-inc\/","title":{"rendered":"Organizador De Documentos De Viaje Porta Pasaporte De Best Wholesale Inc"},"content":{"rendered":"<h2>Organizador De Documentos De Viaje Porta Pasaporte De Best Wholesale Inc<\/h2>\n<p><span class=\"skip\"><a data-keyword=\"appropriate\">Dise\u00f1o multifunci\u00f3n: No es s\u00f3lo un porta pasaportes donde puedes poner s\u00f3lo unos pocos pasaportes y tarjetas. Es un pr\u00e1ctico organizador de viaje en el que todas sus tarjetas importantes y dinero en efectivo estar\u00e1n en un solo lugar. Las tarjetas bancarias, las tarjetas de visita, el dinero en efectivo, las tiras de notas, los bol\u00edgrafos, los billetes y las unidades USB tienen compartimentos especiales para ellos. Con \u00e9l, podr\u00e1 empezar a trabajar de forma elegante en cualquier momento.<\/a><\/span><\/p>\n<p>&nbsp;<\/p>\n<p>Buena calidad: Esta bolsa est\u00e1 hecha de tela Oxford de alta calidad, con un tratamiento de superficie impermeable de cuatro niveles, f\u00e1cil de limpiar.<\/p>\n<p>&nbsp;<\/p>\n<p>Gran capacidad: La gran capacidad de almacenamiento puede contener sus accesorios electr\u00f3nicos diarios, como cables, varios cargadores, auriculares, adaptador electr\u00f3nico, etc.<\/p>\n<p><img fetchpriority=\"high\" decoding=\"async\" class=\"aligncenter wp-image-7376\" src=\"https:\/\/www.sellersunionagent.com\/wp-content\/uploads\/2022\/06\/travel-document-organizer-passport-holder-14.jpg\" alt=\"Mayorista Inc\" width=\"600\" height=\"600\" \/><img decoding=\"async\" class=\"aligncenter wp-image-7379\" src=\"https:\/\/www.sellersunionagent.com\/wp-content\/uploads\/2022\/06\/travel-document-organizer-passport-holder-11.jpg\" alt=\"Mayorista Inc\" width=\"600\" height=\"600\" \/><img decoding=\"async\" class=\"aligncenter wp-image-7378\" src=\"https:\/\/www.sellersunionagent.com\/wp-content\/uploads\/2022\/06\/travel-document-organizer-passport-holder-12.jpg\" alt=\"Mayorista Inc\" width=\"600\" height=\"600\" \/><img loading=\"lazy\" decoding=\"async\" class=\"aligncenter wp-image-7451\" src=\"https:\/\/www.sellersunionagent.com\/wp-content\/uploads\/2022\/06\/travel-document-organizer-passport-holder-1.jpg\" alt=\"Mayorista Inc\" width=\"600\" height=\"595\" \/><img loading=\"lazy\" decoding=\"async\" class=\"aligncenter wp-image-7452\" src=\"https:\/\/www.sellersunionagent.com\/wp-content\/uploads\/2022\/06\/travel-document-organizer-passport-holder.jpg\" alt=\"Mayorista Inc\" width=\"600\" height=\"595\" srcset=\"https:\/\/www.sellersunionagent.com\/wp-content\/uploads\/2022\/06\/travel-document-organizer-passport-holder.jpg 354w, https:\/\/www.sellersunionagent.com\/wp-content\/uploads\/2022\/06\/travel-document-organizer-passport-holder-100x100.jpg 100w\" sizes=\"(max-width: 600px) 100vw, 600px\" \/><\/p>","protected":false},"excerpt":{"rendered":"<p><strong>Tipo<\/strong>: Titular de pasaporte<\/p>\n<p><strong>Tama\u00f1o del art\u00edculo<\/strong>: 23.5*12*2cm<\/p>\n<p><strong>Peso del art\u00edculo<\/strong>: 185g<br \/>\n<b data-spm-anchor-id=\"a2700.wholesale.0.i30.19ef5692iiqQHz\">Colores: <\/b>Azul marino, gris, morado, negro, <span class=\"skip\"><a class=\"color_pc_blue_text\" data-keyword=\"dark blue\">azul oscuro<\/a><\/span>vino<\/p>\n<p>&nbsp;<\/p>\n<p>Iniciamos nuestra actividad en 1997. Mantenemos extremadamente alta sensibilidad del mercado a los diversos productos b\u00e1sicos. Art\u00edculos de almacenamiento de nosotros-mejor venta al por mayor Inc, le dar\u00e1 una maravillosa experiencia de producto y servicio. Es un placer ofrecerle el producto m\u00e1s popular para ayudar a expandir su negocio.<\/p>","protected":false},"featured_media":7376,"comment_status":"open","ping_status":"closed","template":"","meta":{"_acf_changed":false},"product_brand":[],"product_cat":[32],"product_tag":[88,89],"class_list":{"0":"post-7354","1":"product","2":"type-product","3":"status-publish","4":"has-post-thumbnail","6":"product_cat-digital-bag","7":"product_tag-digital-accessories-storage-bag","8":"product_tag-multi-function","10":"first","11":"instock","12":"shipping-taxable","13":"product-type-simple","14":"swiper-slide"},"acf":[],"_links":{"self":[{"href":"https:\/\/www.sellersunionagent.com\/es\/wp-json\/wp\/v2\/product\/7354","targetHints":{"allow":["GET"]}}],"collection":[{"href":"https:\/\/www.sellersunionagent.com\/es\/wp-json\/wp\/v2\/product"}],"about":[{"href":"https:\/\/www.sellersunionagent.com\/es\/wp-json\/wp\/v2\/types\/product"}],"replies":[{"embeddable":true,"href":"https:\/\/www.sellersunionagent.com\/es\/wp-json\/wp\/v2\/comments?post=7354"}],"wp:featuredmedia":[{"embeddable":true,"href":"https:\/\/www.sellersunionagent.com\/es\/wp-json\/wp\/v2\/media\/7376"}],"wp:attachment":[{"href":"https:\/\/www.sellersunionagent.com\/es\/wp-json\/wp\/v2\/media?parent=7354"}],"wp:term":[{"taxonomy":"product_brand","embeddable":true,"href":"https:\/\/www.sellersunionagent.com\/es\/wp-json\/wp\/v2\/product_brand?post=7354"},{"taxonomy":"product_cat","embeddable":true,"href":"https:\/\/www.sellersunionagent.com\/es\/wp-json\/wp\/v2\/product_cat?post=7354"},{"taxonomy":"product_tag","embeddable":true,"href":"https:\/\/www.sellersunionagent.com\/es\/wp-json\/wp\/v2\/product_tag?post=7354"}],"curies":[{"name":"wp","href":"https:\/\/api.w.org\/{rel}","templated":true}]}}