{"id":7328,"date":"2022-06-25T14:43:36","date_gmt":"2022-06-25T06:43:36","guid":{"rendered":"https:\/\/sellersunionagent.com\/?post_type=product&#038;p=7328"},"modified":"2022-08-31T14:22:00","modified_gmt":"2022-08-31T06:22:00","slug":"juego-de-7-organizadores-de-viaje-con-cremallera","status":"publish","type":"product","link":"https:\/\/www.sellersunionagent.com\/es\/home-storage-travel-organiser-set-of-7-with-zipper\/","title":{"rendered":"Home Almacenaje Organizador de viaje set de 7 Con cremallera"},"content":{"rendered":"<h2 id=\"title\" class=\"a-size-large a-spacing-none a-color-secondary\"><span id=\"productTitle\" class=\"a-size-large product-title-word-break\">BAG 7 Set Cubos de Embalaje Organizadores de Equipaje para Accesorios de Viaje<\/span><\/h2>\n<p>&nbsp;<\/p>\n<p>&nbsp;<\/p>\n<ul>\n<li><strong>TEJIDO DE POLI\u00c9STER DE PRIMERA CALIDAD:<\/strong> Tejido de poli\u00e9ster protege su ropa de las arrugas y Stains.High caracter\u00edstica de rendimiento se asegura de que este cubos de embalaje puede soportar el desgaste de alta densidad y el desgaste durante Traveling.Water-Repellent caracter\u00edstica muy bien proteger su ropa de derrames o fugas.<\/li>\n<\/ul>\n<p>&nbsp;<\/p>\n<p>&nbsp;<\/p>\n<ul>\n<li><strong>LIGERO Y DURADERO:<\/strong> Tejido de poli\u00e9ster asegura el almacenamiento de su ropa ordenada en el equipaje sin a\u00f1adir peso extra.Sturdy &amp; Suave cremallera de doble v\u00eda con cord\u00f3n extendido asegurar la apertura r\u00e1pida &amp; F\u00e1cil y el cierre de los cubos de embalaje.Panel superior de malla suave y lisa no s\u00f3lo puede proteger su ropa delicada de arrugas y olores, pero tambi\u00e9n puede ayudar a identificar su ropa a trav\u00e9s de malla visible para evitar Fumbling dentro de su equipaje entero.<\/li>\n<\/ul>\n<p>&nbsp;<\/p>\n<p>&nbsp;<\/p>\n<ul>\n<li><strong>EMBALAJE ORGANIZADO y AHORRO DE ESPACIO: <\/strong>Separar su ropa diferente con cubos de embalaje de m\u00faltiples tama\u00f1os y opciones de colores vivos Available.Time-ahorro para su viaje, viaje o actividades al aire libre, evitando extraviar diferentes art\u00edculos y hacer pleno uso del espacio en su equipaje.<\/li>\n<\/ul>\n<p>&nbsp;<\/p>\n<p>&nbsp;<\/p>\n<ul>\n<li><strong>100% GARANT\u00cdA DE DEVOLUCI\u00d3N DEL DINERO:<\/strong> Ofrecerle los mejores productos y satisfacer todas sus necesidades ha sido siempre nuestro principal objetivo. Respaldamos todos nuestros productos BAGAIL y ofrecemos una garant\u00eda incondicional de calidad y artesan\u00eda de 12 meses.<\/li>\n<\/ul>\n<p>&nbsp;<\/p>\n<p>&nbsp;<\/p>\n<p><img fetchpriority=\"high\" decoding=\"async\" class=\"alignnone wp-image-7332\" src=\"https:\/\/www.sellersunionagent.com\/wp-content\/uploads\/2022\/06\/home-storage-travel-organiser-set-6-300x300.jpg\" alt=\"\" width=\"360\" height=\"360\" \/> <img decoding=\"async\" class=\"alignnone wp-image-7333\" src=\"https:\/\/www.sellersunionagent.com\/wp-content\/uploads\/2022\/06\/home-storage-travel-organiser-set-5-300x300.jpg\" alt=\"\" width=\"360\" height=\"360\" \/> <img decoding=\"async\" class=\"alignnone wp-image-7334\" src=\"https:\/\/www.sellersunionagent.com\/wp-content\/uploads\/2022\/06\/home-storage-travel-organiser-set-4-300x300.jpg\" alt=\"\" width=\"360\" height=\"360\" \/> <img loading=\"lazy\" decoding=\"async\" class=\"alignnone wp-image-7336\" src=\"https:\/\/www.sellersunionagent.com\/wp-content\/uploads\/2022\/06\/home-storage-travel-organiser-set-2-300x300.jpg\" alt=\"\" width=\"360\" height=\"360\" \/> <img loading=\"lazy\" decoding=\"async\" class=\"alignnone wp-image-7337\" src=\"https:\/\/www.sellersunionagent.com\/wp-content\/uploads\/2022\/06\/home-storage-travel-organiser-set-1-300x300.jpg\" alt=\"\" width=\"360\" height=\"360\" \/> <img loading=\"lazy\" decoding=\"async\" class=\"alignnone wp-image-7338\" src=\"https:\/\/www.sellersunionagent.com\/wp-content\/uploads\/2022\/06\/home-storage-travel-organiser-set-300x300.jpg\" alt=\"\" width=\"360\" height=\"360\" \/><\/p>","protected":false},"excerpt":{"rendered":"<p><strong>Tipo<\/strong>: Organizaci\u00f3n dom\u00e9stica<\/p>\n<p><strong>Tama\u00f1o del art\u00edculo<\/strong>: 25*10*33cm\/25*20cm\/24*14*9cm\/21*29cm\/40*13*27cm\/25*18*10cm\/23*9*15cm<\/p>\n<p><strong>Colores<\/strong>: Azul lago\/rosa\/azul marino\/negro<\/p>\n<p><strong>Material: <\/strong>Poli\u00e9ster<\/p>\n<p>&nbsp;<\/p>\n<p><span class=\"tgt color_text_1\" data-section=\"0\" data-sentence=\"0\" data-group=\"0-0\">La vida necesita un hermoso viaje para dejarlo todo.<\/span><\/p>\n<p><span class=\"tgt color_text_1\" data-section=\"0\" data-sentence=\"1\" data-group=\"0-1\">Dale a la vida un bautismo, dale al alma una libertad.<\/span><\/p>\n<p><span class=\"tgt color_text_1\" data-section=\"0\" data-sentence=\"2\" data-group=\"0-2\">Maleta desordenada, la mirada es tan desordenado molesto, \u00bfpor qu\u00e9 no comprar una colecci\u00f3n de siete piezas, d\u00e9jese hermosa para viajar.<\/span><\/p>\n<p><span class=\"tgt color_text_1\" data-section=\"0\" data-sentence=\"3\" data-group=\"0-3\">Deseo escapar de otro yo lejano.<\/span><\/p>","protected":false},"featured_media":7331,"comment_status":"open","ping_status":"closed","template":"","meta":{"_acf_changed":false},"product_brand":[],"product_cat":[31,186],"product_tag":[70,48,53,64,66,50],"class_list":{"0":"post-7328","1":"product","2":"type-product","3":"status-publish","4":"has-post-thumbnail","6":"product_cat-home-storage","7":"product_cat-living-room","8":"product_tag-home-storage","9":"product_tag-large-capacity","10":"product_tag-professional-supplier","11":"product_tag-travel","12":"product_tag-water-resistant","13":"product_tag-wholesale","15":"first","16":"instock","17":"shipping-taxable","18":"product-type-simple","19":"swiper-slide"},"acf":[],"_links":{"self":[{"href":"https:\/\/www.sellersunionagent.com\/es\/wp-json\/wp\/v2\/product\/7328","targetHints":{"allow":["GET"]}}],"collection":[{"href":"https:\/\/www.sellersunionagent.com\/es\/wp-json\/wp\/v2\/product"}],"about":[{"href":"https:\/\/www.sellersunionagent.com\/es\/wp-json\/wp\/v2\/types\/product"}],"replies":[{"embeddable":true,"href":"https:\/\/www.sellersunionagent.com\/es\/wp-json\/wp\/v2\/comments?post=7328"}],"wp:featuredmedia":[{"embeddable":true,"href":"https:\/\/www.sellersunionagent.com\/es\/wp-json\/wp\/v2\/media\/7331"}],"wp:attachment":[{"href":"https:\/\/www.sellersunionagent.com\/es\/wp-json\/wp\/v2\/media?parent=7328"}],"wp:term":[{"taxonomy":"product_brand","embeddable":true,"href":"https:\/\/www.sellersunionagent.com\/es\/wp-json\/wp\/v2\/product_brand?post=7328"},{"taxonomy":"product_cat","embeddable":true,"href":"https:\/\/www.sellersunionagent.com\/es\/wp-json\/wp\/v2\/product_cat?post=7328"},{"taxonomy":"product_tag","embeddable":true,"href":"https:\/\/www.sellersunionagent.com\/es\/wp-json\/wp\/v2\/product_tag?post=7328"}],"curies":[{"name":"wp","href":"https:\/\/api.w.org\/{rel}","templated":true}]}}