{"id":7307,"date":"2022-06-27T00:30:01","date_gmt":"2022-06-26T16:30:01","guid":{"rendered":"https:\/\/sellersunionagent.com\/?post_type=product&#038;p=7307"},"modified":"2022-08-01T16:47:31","modified_gmt":"2022-08-01T08:47:31","slug":"bolsas-de-la-compra-reutilizables-baratas-bolsas-al-por-mayor-a-granel","status":"publish","type":"product","link":"https:\/\/www.sellersunionagent.com\/es\/cheap-reusable-grocery-shopping-bags-bulk-wholesale-bags\/","title":{"rendered":"Bolsas de la compra reutilizables baratas-Bolsas al por mayor a granel"},"content":{"rendered":"<h2>Bolsas de la compra reutilizables baratas-Bolsas al por mayor a granel<\/h2>\n<p><strong>Tipo<\/strong>: Bolsa de la compra<\/p>\n<p><strong>Art\u00edculo No:<\/strong> RH230<\/p>\n<p><strong>Tama\u00f1o del art\u00edculo<\/strong>: 42*36cm<\/p>\n<p><strong>Peso del art\u00edculo<\/strong>: 160g<br \/>\n<b>Color: <\/b>Gris, rosa, naranja, verde<\/p>\n<p>&nbsp;<\/p>\n<p>&nbsp;<\/p>\n<ul>\n<li>Buena selecci\u00f3n de materiales de protecci\u00f3n medioambiental, duraderos y reutilizables<\/li>\n<li>Sencillo, bonito, f\u00e1cil de usar y limpio<\/li>\n<li>Gran capacidad de carga, ligero y plegable<\/li>\n<li>Se ofrece venta al por mayor a granel, y admite personalizaci\u00f3n<img fetchpriority=\"high\" decoding=\"async\" class=\"aligncenter wp-image-7341\" src=\"https:\/\/www.sellersunionagent.com\/wp-content\/uploads\/2022\/06\/reusable-grocery-shopping-bags-bulk-1.jpg\" alt=\"Venta al por mayor\" width=\"600\" height=\"385\" \/><img decoding=\"async\" class=\"aligncenter wp-image-7340\" src=\"https:\/\/www.sellersunionagent.com\/wp-content\/uploads\/2022\/06\/reusable-grocery-shopping-bags-bulk-2.jpg\" alt=\"Venta al por mayor\" width=\"600\" height=\"600\" \/><img decoding=\"async\" class=\"aligncenter wp-image-7342\" src=\"https:\/\/www.sellersunionagent.com\/wp-content\/uploads\/2022\/06\/reusable-grocery-shopping-bags-bulk.jpg\" alt=\"Venta al por mayor\" width=\"650\" height=\"799\" \/><\/li>\n<\/ul>","protected":false},"excerpt":{"rendered":"<p><strong>MOQ<\/strong>:  100 piezas<br \/>\n<strong>Muestra gratuita<\/strong>:  Soporte<br \/>\n<strong>Personalizaci\u00f3n<\/strong>logo \/ color \/ materiales \/ embalaje, etc.<br \/>\n<strong>Descuento<\/strong>:  Primeros pedidos desde 10% de descuento.<br \/>\n<strong>Porcentaje de entregas a tiempo<\/strong>:\u00a0 100%<br \/>\n<strong>Env\u00edos totales<\/strong>:  10000 piezas<br \/>\n<strong>Env\u00edo<\/strong>: Apoyo Express-Carga mar\u00edtima-Carga terrestre<\/p>\n<p>&nbsp;<\/p>\n<p>&nbsp;<\/p>\n<p>Bolsas al por mayor a granel es barato. \u00a1Materiales seleccionados, artesan\u00eda superior, absolutamente no le dejar\u00e1 decepcionar a la elecci\u00f3n!<\/p>","protected":false},"featured_media":7326,"comment_status":"open","ping_status":"closed","template":"","meta":{"_acf_changed":false},"product_brand":[],"product_cat":[29],"product_tag":[87,56],"class_list":{"0":"post-7307","1":"product","2":"type-product","3":"status-publish","4":"has-post-thumbnail","6":"product_cat-shopping-bag","7":"product_tag-bulk-wholesale","8":"product_tag-shopping-bag","10":"first","11":"instock","12":"shipping-taxable","13":"purchasable","14":"product-type-simple","15":"swiper-slide"},"acf":[],"_links":{"self":[{"href":"https:\/\/www.sellersunionagent.com\/es\/wp-json\/wp\/v2\/product\/7307","targetHints":{"allow":["GET"]}}],"collection":[{"href":"https:\/\/www.sellersunionagent.com\/es\/wp-json\/wp\/v2\/product"}],"about":[{"href":"https:\/\/www.sellersunionagent.com\/es\/wp-json\/wp\/v2\/types\/product"}],"replies":[{"embeddable":true,"href":"https:\/\/www.sellersunionagent.com\/es\/wp-json\/wp\/v2\/comments?post=7307"}],"wp:featuredmedia":[{"embeddable":true,"href":"https:\/\/www.sellersunionagent.com\/es\/wp-json\/wp\/v2\/media\/7326"}],"wp:attachment":[{"href":"https:\/\/www.sellersunionagent.com\/es\/wp-json\/wp\/v2\/media?parent=7307"}],"wp:term":[{"taxonomy":"product_brand","embeddable":true,"href":"https:\/\/www.sellersunionagent.com\/es\/wp-json\/wp\/v2\/product_brand?post=7307"},{"taxonomy":"product_cat","embeddable":true,"href":"https:\/\/www.sellersunionagent.com\/es\/wp-json\/wp\/v2\/product_cat?post=7307"},{"taxonomy":"product_tag","embeddable":true,"href":"https:\/\/www.sellersunionagent.com\/es\/wp-json\/wp\/v2\/product_tag?post=7307"}],"curies":[{"name":"wp","href":"https:\/\/api.w.org\/{rel}","templated":true}]}}