{"id":7291,"date":"2022-06-27T00:30:35","date_gmt":"2022-06-26T16:30:35","guid":{"rendered":"https:\/\/sellersunionagent.com\/?post_type=product&#038;p=7291"},"modified":"2022-06-27T00:35:46","modified_gmt":"2022-06-26T16:35:46","slug":"exportador-de-bolsas-de-almuerzo-grandes-y-reutilizables","status":"publish","type":"product","link":"https:\/\/www.sellersunionagent.com\/es\/large-resuable-lunch-bags-exporter\/","title":{"rendered":"Exportador de bolsas de almuerzo grandes y reutilizables"},"content":{"rendered":"<h2>Exportador de bolsas de almuerzo grandes y reutilizables<\/h2>\n<p>CAPACIDAD: Esta bolsa de almuerzo cuenta con un compartimento principal para alimentos. Uno frontal es perfecto para guardar el m\u00f3vil, las llaves, pa\u00f1uelos, etc.<\/p>\n<p>&nbsp;<\/p>\n<p>MATERIALES DE ALTA CALIDAD: Se utilizan tejidos Oxford de alta calidad, el forro interior de papel de aluminio mantiene el calor y la frescura, que es seguro y respetuoso con el medio ambiente. Cuero lable a\u00f1adir textura a la bolsa.<\/p>\n<p>&nbsp;<\/p>\n<p>SIMPLE Y LIGERA: Esta bolsa tiene una pr\u00e1ctica cremallera, una correa ajustable para el hombro y una c\u00f3moda asa de mano. Es de larga durabilidad en las actividades diarias y es f\u00e1cil de llevar.<\/p>\n<p><img fetchpriority=\"high\" decoding=\"async\" class=\"aligncenter wp-image-7292\" src=\"https:\/\/www.sellersunionagent.com\/wp-content\/uploads\/2022\/06\/large-resuable-lunch-bags-exporter-9.jpg\" alt=\"Exportador de bolsas de almuerzo\" width=\"600\" height=\"600\" \/><img decoding=\"async\" class=\"aligncenter wp-image-7294\" src=\"https:\/\/www.sellersunionagent.com\/wp-content\/uploads\/2022\/06\/large-resuable-lunch-bags-exporter-7.jpg\" alt=\"Exportador de bolsas de almuerzo\" width=\"600\" height=\"600\" \/><img decoding=\"async\" class=\"aligncenter wp-image-7305\" src=\"https:\/\/www.sellersunionagent.com\/wp-content\/uploads\/2022\/06\/large-resuable-lunch-bags-exporter-1.jpg\" alt=\"Exportador de bolsas de almuerzo\" width=\"600\" height=\"541\" \/><img loading=\"lazy\" decoding=\"async\" class=\"aligncenter wp-image-7299\" src=\"https:\/\/www.sellersunionagent.com\/wp-content\/uploads\/2022\/06\/large-resuable-lunch-bags-exporter-3.jpg\" alt=\"Exportador de bolsas de almuerzo\" width=\"600\" height=\"601\" \/><\/p>\n<p><img loading=\"lazy\" decoding=\"async\" class=\"aligncenter wp-image-7306\" src=\"https:\/\/www.sellersunionagent.com\/wp-content\/uploads\/2022\/06\/large-resuable-lunch-bags-exporter.jpg\" alt=\"Exportador de bolsas de almuerzo\" width=\"600\" height=\"600\" \/><\/p>","protected":false},"excerpt":{"rendered":"<p><strong>Tipo<\/strong>: Bolsa de almuerzo<\/p>\n<p><strong>Tama\u00f1o del art\u00edculo<\/strong>: 29*16*23cm<\/p>\n<p><strong>Peso del art\u00edculo<\/strong>: 224g<br \/>\n<strong>Capacidad de suministro<\/strong>: 50000 Piezas\/Piezas por Mes<br \/>\n<strong>MOQ<\/strong>: 100 piezas<\/p>\n<p>&nbsp;<\/p>\n<p>Como buen exportador de bolsas de almuerzo, siempre mantenemos en las f\u00e1bricas de cooperaci\u00f3n estrictamente seleccionados para la fabricaci\u00f3n de productos, , y una buena reputaci\u00f3n determina la alta calidad y altos est\u00e1ndares de nuestros productos.<\/p>","protected":false},"featured_media":7292,"comment_status":"open","ping_status":"closed","template":"","meta":{"_acf_changed":false},"product_brand":[],"product_cat":[28],"product_tag":[85,86],"class_list":{"0":"post-7291","1":"product","2":"type-product","3":"status-publish","4":"has-post-thumbnail","6":"product_cat-lunch-bag","7":"product_tag-lunch-bags","8":"product_tag-resuable","10":"first","11":"instock","12":"shipping-taxable","13":"product-type-simple","14":"swiper-slide"},"acf":[],"_links":{"self":[{"href":"https:\/\/www.sellersunionagent.com\/es\/wp-json\/wp\/v2\/product\/7291","targetHints":{"allow":["GET"]}}],"collection":[{"href":"https:\/\/www.sellersunionagent.com\/es\/wp-json\/wp\/v2\/product"}],"about":[{"href":"https:\/\/www.sellersunionagent.com\/es\/wp-json\/wp\/v2\/types\/product"}],"replies":[{"embeddable":true,"href":"https:\/\/www.sellersunionagent.com\/es\/wp-json\/wp\/v2\/comments?post=7291"}],"wp:featuredmedia":[{"embeddable":true,"href":"https:\/\/www.sellersunionagent.com\/es\/wp-json\/wp\/v2\/media\/7292"}],"wp:attachment":[{"href":"https:\/\/www.sellersunionagent.com\/es\/wp-json\/wp\/v2\/media?parent=7291"}],"wp:term":[{"taxonomy":"product_brand","embeddable":true,"href":"https:\/\/www.sellersunionagent.com\/es\/wp-json\/wp\/v2\/product_brand?post=7291"},{"taxonomy":"product_cat","embeddable":true,"href":"https:\/\/www.sellersunionagent.com\/es\/wp-json\/wp\/v2\/product_cat?post=7291"},{"taxonomy":"product_tag","embeddable":true,"href":"https:\/\/www.sellersunionagent.com\/es\/wp-json\/wp\/v2\/product_tag?post=7291"}],"curies":[{"name":"wp","href":"https:\/\/api.w.org\/{rel}","templated":true}]}}