{"id":7274,"date":"2022-06-25T11:26:41","date_gmt":"2022-06-25T03:26:41","guid":{"rendered":"https:\/\/sellersunionagent.com\/?post_type=product&#038;p=7274"},"modified":"2022-07-07T17:38:13","modified_gmt":"2022-07-07T09:38:13","slug":"nueva-moda-portatil-familia-aislado-bolsa-de-almuerzo","status":"publish","type":"product","link":"https:\/\/www.sellersunionagent.com\/es\/new-fashion-portable-family-insulated-lunch-bag\/","title":{"rendered":"Bolsa de almuerzo aislante familiar port\u00e1til de nueva moda"},"content":{"rendered":"<h2>Bolsa de almuerzo aislante familiar port\u00e1til de nueva moda<\/h2>\n<p>CAPACIDAD: Dos tama\u00f1os para su selecci\u00f3n. Est\u00e1 dise\u00f1ado para una m\u00e1xima eficiencia de almacenamiento y se puede poner f\u00e1cilmente en sus aperitivos.<\/p>\n<p>&nbsp;<\/p>\n<p>MATERIALES DE ALTA CALIDAD: Se utilizan tejidos Oxford de alta calidad, el forro interior de papel de aluminio mantiene el calor y la frescura, que es seguro y respetuoso con el medio ambiente. Cuero lable a\u00f1adir textura a la bolsa.<\/p>\n<p>&nbsp;<\/p>\n<p>SIMPLE Y LIGERA: Esta nueva bolsa de almuerzo port\u00e1til de moda tiene una cremallera de mano y una mano c\u00f3moda. Es de larga durabilidad en las actividades diarias y es f\u00e1cil de llevar.<\/p>\n<p><img fetchpriority=\"high\" decoding=\"async\" class=\"aligncenter wp-image-7279\" src=\"https:\/\/www.sellersunionagent.com\/wp-content\/uploads\/2022\/06\/new-fashion-portable-family-insulated-lunch-bag-7.jpg\" alt=\"Nueva moda\" width=\"600\" height=\"600\" \/><img decoding=\"async\" class=\"aligncenter wp-image-7281\" src=\"https:\/\/www.sellersunionagent.com\/wp-content\/uploads\/2022\/06\/new-fashion-portable-family-insulated-lunch-bag-5.png\" alt=\"Nueva moda\" width=\"600\" height=\"600\" \/><img decoding=\"async\" class=\"aligncenter wp-image-7280\" src=\"https:\/\/www.sellersunionagent.com\/wp-content\/uploads\/2022\/06\/new-fashion-portable-family-insulated-lunch-bag-6.png\" alt=\"Nueva moda\" width=\"600\" height=\"600\" \/><\/p>\n<p><img loading=\"lazy\" decoding=\"async\" class=\"aligncenter wp-image-7277\" src=\"https:\/\/www.sellersunionagent.com\/wp-content\/uploads\/2022\/06\/new-fashion-portable-family-insulated-lunch-bag-1.jpg\" alt=\"Nueva moda\" width=\"600\" height=\"629\" \/><\/p>\n<p><img loading=\"lazy\" decoding=\"async\" class=\"aligncenter wp-image-7284\" src=\"https:\/\/www.sellersunionagent.com\/wp-content\/uploads\/2022\/06\/new-fashion-portable-family-insulated-lunch-bag-3.jpg\" alt=\"Nueva moda\" width=\"600\" height=\"652\" \/><\/p>","protected":false},"excerpt":{"rendered":"<p><strong>Tipo<\/strong>: Bolsa de almuerzo<\/p>\n<p><strong>Tama\u00f1o del art\u00edculo<\/strong>: L:27*16*19cm\/S:22*14*17cm<\/p>\n<p><strong>Peso del art\u00edculo<\/strong>: 168g\/128g<br \/>\n<strong>Capacidad de suministro<\/strong>: 50000 Piezas\/Piezas por Mes<br \/>\n<strong>MOQ<\/strong>: 100 piezas<\/p>\n<p>&nbsp;<\/p>\n<p>\u00a1Nuevo estilo de moda! \u00a1Materiales seleccionados, artesan\u00eda superior, absolutamente no le dejar\u00e1 decepcionar a la elecci\u00f3n!<\/p>","protected":false},"featured_media":7275,"comment_status":"open","ping_status":"closed","template":"","meta":{"_acf_changed":false},"product_brand":[],"product_cat":[28],"product_tag":[41,82,83],"class_list":{"0":"post-7274","1":"product","2":"type-product","3":"status-publish","4":"has-post-thumbnail","6":"product_cat-lunch-bag","7":"product_tag-lunch-bag","8":"product_tag-new-fashion-style","9":"product_tag-portable-bag","11":"first","12":"instock","13":"shipping-taxable","14":"product-type-simple","15":"swiper-slide"},"acf":[],"_links":{"self":[{"href":"https:\/\/www.sellersunionagent.com\/es\/wp-json\/wp\/v2\/product\/7274","targetHints":{"allow":["GET"]}}],"collection":[{"href":"https:\/\/www.sellersunionagent.com\/es\/wp-json\/wp\/v2\/product"}],"about":[{"href":"https:\/\/www.sellersunionagent.com\/es\/wp-json\/wp\/v2\/types\/product"}],"replies":[{"embeddable":true,"href":"https:\/\/www.sellersunionagent.com\/es\/wp-json\/wp\/v2\/comments?post=7274"}],"wp:featuredmedia":[{"embeddable":true,"href":"https:\/\/www.sellersunionagent.com\/es\/wp-json\/wp\/v2\/media\/7275"}],"wp:attachment":[{"href":"https:\/\/www.sellersunionagent.com\/es\/wp-json\/wp\/v2\/media?parent=7274"}],"wp:term":[{"taxonomy":"product_brand","embeddable":true,"href":"https:\/\/www.sellersunionagent.com\/es\/wp-json\/wp\/v2\/product_brand?post=7274"},{"taxonomy":"product_cat","embeddable":true,"href":"https:\/\/www.sellersunionagent.com\/es\/wp-json\/wp\/v2\/product_cat?post=7274"},{"taxonomy":"product_tag","embeddable":true,"href":"https:\/\/www.sellersunionagent.com\/es\/wp-json\/wp\/v2\/product_tag?post=7274"}],"curies":[{"name":"wp","href":"https:\/\/api.w.org\/{rel}","templated":true}]}}