{"id":7262,"date":"2022-06-23T16:53:44","date_gmt":"2022-06-23T08:53:44","guid":{"rendered":"https:\/\/sellersunionagent.com\/?post_type=product&#038;p=7262"},"modified":"2026-01-06T14:29:45","modified_gmt":"2026-01-06T06:29:45","slug":"mayorista-bolsa-de-lavado-para-viaje-con-cremallera","status":"publish","type":"product","link":"https:\/\/www.sellersunionagent.com\/es\/wholesale-washing-bag-for-travel-with-zipper\/","title":{"rendered":"Mayorista Bolsa De Lavado Para Viaje Con Cremallera"},"content":{"rendered":"<h2 id=\"title\" class=\"a-size-large a-spacing-none\"><span id=\"productTitle\" class=\"a-size-large product-title-word-break\">Bolsa de viaje para cosm\u00e9ticos Bolsa port\u00e1til con cremallera vers\u00e1til para mujeres\u00a0<\/span><\/h2>\n<p><strong>Tipo de art\u00edculo:<\/strong> Bolsa de lavado<\/p>\n<p><strong>Art\u00edculo NO.:<\/strong> RH829\/830\/834<br \/>\n<strong>Tama\u00f1o:<\/strong> 21*13 *8cm<\/p>\n<p><strong>Peso: <\/strong>104g<\/p>\n<p><strong>Material: <\/strong>TPU<\/p>\n<p>&nbsp;<\/p>\n<p>&nbsp;<\/p>\n<ul>\n<li>\u3010MATERIAL DE PRIMERA CALIDAD\u3011 Hecho de cuero PU repelente al agua y acoplado con cremallera de metal de calidad, la bolsa de maquillaje es f\u00e1cil de limpiar y se desempe\u00f1\u00f3 bien en evita que las cosas en el interior se mojen o se deslicen.<\/li>\n<\/ul>\n<p>&nbsp;<\/p>\n<p>&nbsp;<\/p>\n<ul>\n<li>\u3010PORTABLE\u3011 Con un tama\u00f1o peque\u00f1o y peso ligero , la bolsa de cosm\u00e9ticos cabe en la mayor\u00eda de los bolsos y es f\u00e1cil de llevar donde quiera que vaya.<\/li>\n<\/ul>\n<p>&nbsp;<\/p>\n<p>&nbsp;<\/p>\n<ul>\n<li>\u3010PERFECT GIFT\u3011La apariencia exquisita y la practicidad de la bolsa de maquillaje lo convierten en un gran regalo para sus amigos y todos sus seres queridos en cualquier momento especial, por ejemplo, el D\u00eda de la Madre.<\/li>\n<\/ul>\n<p>&nbsp;<\/p>\n<p><img fetchpriority=\"high\" decoding=\"async\" class=\"aligncenter wp-image-7268\" src=\"https:\/\/www.sellersunionagent.com\/wp-content\/uploads\/2022\/06\/wholesale-washing-bag-for-travel-with-zipper.png\" alt=\"\" width=\"600\" height=\"594\" \/><\/p>\n<p data-wp-editing=\"1\"><img decoding=\"async\" class=\"aligncenter wp-image-9426\" src=\"https:\/\/www.sellersunionagent.com\/wp-content\/uploads\/2022\/06\/\u5fae\u4fe1\u56fe\u7247_20220714112819.png\" alt=\"Proveedor mayorista\" width=\"600\" height=\"445\" \/> <img decoding=\"async\" class=\"aligncenter wp-image-9427\" src=\"https:\/\/www.sellersunionagent.com\/wp-content\/uploads\/2022\/06\/\u5fae\u4fe1\u56fe\u7247_202207141128191.png\" alt=\"Proveedor mayorista\" width=\"600\" height=\"429\" \/> <img loading=\"lazy\" decoding=\"async\" class=\"aligncenter wp-image-9428\" src=\"https:\/\/www.sellersunionagent.com\/wp-content\/uploads\/2022\/06\/\u5fae\u4fe1\u56fe\u7247_202207141128192.png\" alt=\"Proveedor mayorista\" width=\"600\" height=\"439\" \/> <img loading=\"lazy\" decoding=\"async\" class=\"aligncenter wp-image-9429\" src=\"https:\/\/www.sellersunionagent.com\/wp-content\/uploads\/2022\/06\/\u5fae\u4fe1\u56fe\u7247_202207141128193.png\" alt=\"Proveedor mayorista\" width=\"600\" height=\"429\" \/> +<img loading=\"lazy\" decoding=\"async\" class=\"aligncenter wp-image-9431\" src=\"https:\/\/www.sellersunionagent.com\/wp-content\/uploads\/2022\/06\/\u5fae\u4fe1\u56fe\u7247_202207141128195.png\" alt=\"Proveedor mayorista\" width=\"600\" height=\"435\" \/><\/p>\n<p>&nbsp;<\/p>","protected":false},"excerpt":{"rendered":"<p><strong>MOQ<\/strong>:  100 piezas<br \/>\n<strong>Muestra gratuita<\/strong>:  Soporte<br \/>\n<strong>Personalizaci\u00f3n<\/strong>logo \/ color \/ materiales \/ embalaje, etc.<br \/>\n<strong>Descuento<\/strong>:  Primeros pedidos desde 10% de descuento.<br \/>\n<strong>Porcentaje de entregas a tiempo<\/strong>:\u00a0 100%<br \/>\n<strong>Env\u00edos totales<\/strong>:  10000 piezas<br \/>\n<strong>Env\u00edo<\/strong>: Apoyo Express-Carga mar\u00edtima-Carga terrestre<\/p>\n<p>&nbsp;<\/p>\n<p>Soy pac\u00edfica, autosuficiente, tranquilizadora y elegante, a veces un poco calmada, pero eso hace que a la gente le guste cada vez m\u00e1s.<\/p>","protected":false},"featured_media":7267,"comment_status":"open","ping_status":"closed","template":"","meta":{"_acf_changed":false},"product_brand":[],"product_cat":[33],"product_tag":[60,53,61,66,50,65],"class_list":{"0":"post-7262","1":"product","2":"type-product","3":"status-publish","4":"has-post-thumbnail","6":"product_cat-toiletry-bag","7":"product_tag-portable","8":"product_tag-professional-supplier","9":"product_tag-washing-bag","10":"product_tag-water-resistant","11":"product_tag-wholesale","12":"product_tag-women","14":"first","15":"instock","16":"shipping-taxable","17":"purchasable","18":"product-type-simple","19":"swiper-slide"},"acf":[],"_links":{"self":[{"href":"https:\/\/www.sellersunionagent.com\/es\/wp-json\/wp\/v2\/product\/7262","targetHints":{"allow":["GET"]}}],"collection":[{"href":"https:\/\/www.sellersunionagent.com\/es\/wp-json\/wp\/v2\/product"}],"about":[{"href":"https:\/\/www.sellersunionagent.com\/es\/wp-json\/wp\/v2\/types\/product"}],"replies":[{"embeddable":true,"href":"https:\/\/www.sellersunionagent.com\/es\/wp-json\/wp\/v2\/comments?post=7262"}],"wp:featuredmedia":[{"embeddable":true,"href":"https:\/\/www.sellersunionagent.com\/es\/wp-json\/wp\/v2\/media\/7267"}],"wp:attachment":[{"href":"https:\/\/www.sellersunionagent.com\/es\/wp-json\/wp\/v2\/media?parent=7262"}],"wp:term":[{"taxonomy":"product_brand","embeddable":true,"href":"https:\/\/www.sellersunionagent.com\/es\/wp-json\/wp\/v2\/product_brand?post=7262"},{"taxonomy":"product_cat","embeddable":true,"href":"https:\/\/www.sellersunionagent.com\/es\/wp-json\/wp\/v2\/product_cat?post=7262"},{"taxonomy":"product_tag","embeddable":true,"href":"https:\/\/www.sellersunionagent.com\/es\/wp-json\/wp\/v2\/product_tag?post=7262"}],"curies":[{"name":"wp","href":"https:\/\/api.w.org\/{rel}","templated":true}]}}