{"id":7249,"date":"2022-06-22T18:04:00","date_gmt":"2022-06-22T10:04:00","guid":{"rendered":"https:\/\/sellersunionagent.com\/?post_type=product&#038;p=7249"},"modified":"2022-07-14T11:14:01","modified_gmt":"2022-07-14T03:14:01","slug":"neceser-portatil-multifuncional-con-muchos-bolsillos","status":"publish","type":"product","link":"https:\/\/www.sellersunionagent.com\/es\/multifunctional-portable-toiletry-bag-with-many-pockets\/","title":{"rendered":"Neceser Port\u00e1til Multifuncional Con Muchos Bolsillos"},"content":{"rendered":"<h2 id=\"title\" class=\"a-size-large a-spacing-none\"><span id=\"productTitle\" class=\"a-size-large product-title-word-break\">Neceser de viaje colgante grande para mujer - Organizador vers\u00e1til de neceser y maquillaje con muchos bolsillos<\/span><\/h2>\n<p>&nbsp;<\/p>\n<p>&nbsp;<\/p>\n<ul>\n<li><strong>NECESER DE VIAJE PERFECTO PARA MUJERES:<\/strong> Organizador de neceseres y cosm\u00e9ticos para viajes con m\u00faltiples bolsillos transparentes con cremallera: f\u00e1cil de ver y de llevar.<\/li>\n<\/ul>\n<p>&nbsp;<\/p>\n<p>&nbsp;<\/p>\n<ul>\n<li><strong>AUT\u00c9NTICO NECESER DE MAQUILLAJE DE VIAJE COLGANTE DE GRAN TAMA\u00d1O:<\/strong> En \u00e9l caben f\u00e1cilmente frascos de aseo de tama\u00f1o est\u00e1ndar. Este neceser de maquillaje de aspecto agradable y muy pr\u00e1ctico incluye: c\u00f3modas asas superiores, un bolsillo frontal grande con cremallera, cierre superior de cremallera, tres compartimentos grandes transparentes con cremallera y un pr\u00e1ctico estuche extra\u00edble y una percha met\u00e1lica fija.<\/li>\n<\/ul>\n<p>&nbsp;<\/p>\n<p>&nbsp;<\/p>\n<ul>\n<li><strong>VIAJAR ES F\u00c1CIL:<\/strong> Los neceseres y bolsas de cosm\u00e9ticos de Bag&amp;Carry son imprescindibles para todos los viajeros activos y un regalo ideal para su familia y amigos. Son una forma estupenda y elegante de guardar tus art\u00edculos de aseo y otras pertenencias.<\/li>\n<\/ul>\n<p>&nbsp;<\/p>\n<p><img fetchpriority=\"high\" decoding=\"async\" class=\"aligncenter wp-image-7251\" src=\"https:\/\/www.sellersunionagent.com\/wp-content\/uploads\/2022\/06\/multifunctional-portable-toiletry-bag-with-many-pockets-8.jpg\" alt=\"\" width=\"600\" height=\"600\" \/> <img decoding=\"async\" class=\"aligncenter wp-image-7252\" src=\"https:\/\/www.sellersunionagent.com\/wp-content\/uploads\/2022\/06\/multifunctional-portable-toiletry-bag-with-many-pockets-7.jpg\" alt=\"\" width=\"600\" height=\"600\" \/> <img decoding=\"async\" class=\"aligncenter wp-image-7253\" src=\"https:\/\/www.sellersunionagent.com\/wp-content\/uploads\/2022\/06\/multifunctional-portable-toiletry-bag-with-many-pockets-6.jpg\" alt=\"\" width=\"600\" height=\"600\" \/> <img loading=\"lazy\" decoding=\"async\" class=\"aligncenter wp-image-7254\" src=\"https:\/\/www.sellersunionagent.com\/wp-content\/uploads\/2022\/06\/multifunctional-portable-toiletry-bag-with-many-pockets-5.jpg\" alt=\"\" width=\"600\" height=\"600\" \/> <img loading=\"lazy\" decoding=\"async\" class=\"aligncenter wp-image-7255\" src=\"https:\/\/www.sellersunionagent.com\/wp-content\/uploads\/2022\/06\/multifunctional-portable-toiletry-bag-with-many-pockets-4.jpg\" alt=\"\" width=\"600\" height=\"600\" \/> <img loading=\"lazy\" decoding=\"async\" class=\"aligncenter wp-image-7250\" src=\"https:\/\/www.sellersunionagent.com\/wp-content\/uploads\/2022\/06\/multifunctional-portable-toiletry-bag-with-many-pockets-9.jpg\" alt=\"\" width=\"600\" height=\"600\" \/><\/p>","protected":false},"excerpt":{"rendered":"<p><strong>Tipo:<\/strong> Bolsa de lavado Art\u00edculo<br \/>\n<strong>Tama\u00f1o:<\/strong> 25*13 *21cm<br \/>\n<strong>Capacidad de suministro:<\/strong> 50000 Piezas\/Pieza por Mes<br \/>\n<strong>MOQ:<\/strong> 500 piezas<\/p>\n<p><strong>Color:<\/strong> Rojo\/morado\/azul\/negro\/gris\/marino<\/p>\n<p><strong>Material:<\/strong> Tejido Oxford 600D<\/p>","protected":false},"featured_media":7257,"comment_status":"open","ping_status":"closed","template":"","meta":{"_acf_changed":false},"product_brand":[],"product_cat":[33],"product_tag":[79,61,50],"class_list":{"0":"post-7249","1":"product","2":"type-product","3":"status-publish","4":"has-post-thumbnail","6":"product_cat-toiletry-bag","7":"product_tag-organization","8":"product_tag-washing-bag","9":"product_tag-wholesale","11":"first","12":"instock","13":"shipping-taxable","14":"product-type-simple","15":"swiper-slide"},"acf":[],"_links":{"self":[{"href":"https:\/\/www.sellersunionagent.com\/es\/wp-json\/wp\/v2\/product\/7249","targetHints":{"allow":["GET"]}}],"collection":[{"href":"https:\/\/www.sellersunionagent.com\/es\/wp-json\/wp\/v2\/product"}],"about":[{"href":"https:\/\/www.sellersunionagent.com\/es\/wp-json\/wp\/v2\/types\/product"}],"replies":[{"embeddable":true,"href":"https:\/\/www.sellersunionagent.com\/es\/wp-json\/wp\/v2\/comments?post=7249"}],"wp:featuredmedia":[{"embeddable":true,"href":"https:\/\/www.sellersunionagent.com\/es\/wp-json\/wp\/v2\/media\/7257"}],"wp:attachment":[{"href":"https:\/\/www.sellersunionagent.com\/es\/wp-json\/wp\/v2\/media?parent=7249"}],"wp:term":[{"taxonomy":"product_brand","embeddable":true,"href":"https:\/\/www.sellersunionagent.com\/es\/wp-json\/wp\/v2\/product_brand?post=7249"},{"taxonomy":"product_cat","embeddable":true,"href":"https:\/\/www.sellersunionagent.com\/es\/wp-json\/wp\/v2\/product_cat?post=7249"},{"taxonomy":"product_tag","embeddable":true,"href":"https:\/\/www.sellersunionagent.com\/es\/wp-json\/wp\/v2\/product_tag?post=7249"}],"curies":[{"name":"wp","href":"https:\/\/api.w.org\/{rel}","templated":true}]}}