{"id":7226,"date":"2022-06-22T17:33:09","date_gmt":"2022-06-22T09:33:09","guid":{"rendered":"https:\/\/sellersunionagent.com\/?post_type=product&#038;p=7226"},"modified":"2026-01-06T14:29:46","modified_gmt":"2026-01-06T06:29:46","slug":"bolsa-de-lavado-para-viaje-de-negocios-viaje-a-casa","status":"publish","type":"product","link":"https:\/\/www.sellersunionagent.com\/es\/washing-bag-for-business-trip-home-travel\/","title":{"rendered":"Bolsa de aseo para viaje de negocios Viaje a casa\u00a0"},"content":{"rendered":"<h2 id=\"title\" class=\"a-size-large a-spacing-none\"><span id=\"productTitle\" class=\"a-size-large product-title-word-break\">Neceser para mujer con gancho para colgar, bolsa de lavado port\u00e1til para viajes<\/span><\/h2>\n<p><strong>Tipo: <\/strong>Bolsa de lavado<\/p>\n<p><strong>Art\u00edculo NO.:<\/strong> RH530<\/p>\n<p><strong>Tipo:<\/strong> Bolsa de lavado Art\u00edculo<br \/>\n<strong>Tama\u00f1o:<\/strong> 25 x 22 x 7,5 cm<br \/>\n<strong>Capacidad de suministro:<\/strong> 50000 Piezas\/Pieza por Mes<\/p>\n<p><strong>Color:<\/strong> rosa\/verde fruta\/azul marino\/gris\/negro\/verde oscuro<\/p>\n<p><strong>Material:<\/strong> Giro de memoria<\/p>\n<p>&nbsp;<\/p>\n<p>&nbsp;<\/p>\n<ul>\n<li>\u3010Dise\u00f1o para colgar\u3011: El gancho giratorio grande incorporado permite colgarlo f\u00e1cilmente en la puerta del ba\u00f1o y mantenerlo en posici\u00f3n vertical para evitar que las botellas se derramen, lo que facilita ver y acceder al contenido almacenado.<\/li>\n<\/ul>\n<p>&nbsp;<\/p>\n<p>&nbsp;<\/p>\n<ul>\n<li>\u3010Material excelente e impermeable\u3011: El tejido impermeable mantiene tu neceser limpio y seco frente a salpicaduras accidentales de agua. Puedes llevarlo a la ducha, colgarlo y buscar el acondicionador, el gel de cara, etc. Limpia f\u00e1cilmente las fugas y los derrames para mantener la bolsa limpia en todo momento.<\/li>\n<\/ul>\n<p>&nbsp;<\/p>\n<p>&nbsp;<\/p>\n<ul>\n<li>\u3010Gran capacidad\u3011: El neceser ofrece espacio suficiente para todos tus art\u00edculos, como enjuague bucal, cepillo de dientes, maquinillas de afeitar, cosm\u00e9ticos, champ\u00fa, loci\u00f3n, productos de belleza, botellas de tama\u00f1o de viaje y otros art\u00edculos que necesites. Los compartimentos son ideales para todos los tama\u00f1os y tipos de productos, lo que te permite segmentar todo esto seg\u00fan tus necesidades o uso.<\/li>\n<\/ul>\n<p>&nbsp;<\/p>\n<p>&nbsp;<\/p>\n<ul>\n<li>\u3010Dise\u00f1o multifuncional y exclusivo\u3011: le permite tener un neceser, un kit de afeitado o un estuche de maquillaje\/cosm\u00e9ticos, todo en uno. Es una excelente opci\u00f3n para viajes de negocios, viajes, gimnasio, campamentos, uso dom\u00e9stico y mucho m\u00e1s.<\/li>\n<\/ul>\n<p>&nbsp;<\/p>\n<p>&nbsp;<\/p>\n<ul>\n<li>\u3010Servicio al cliente\u3011: No dude en ponerse en contacto con nosotros si tiene alguna sugerencia o pregunta sobre nuestro producto. Nuestro objetivo es ofrecerle una respuesta satisfactoria en un plazo de 24 horas. Le ofrecemos una bolsa de aseo de alta calidad y el mejor servicio.<\/li>\n<\/ul>\n<p>&nbsp;<\/p>\n<p>&nbsp;<\/p>\n<p><img fetchpriority=\"high\" decoding=\"async\" class=\"aligncenter wp-image-7227\" src=\"https:\/\/www.sellersunionagent.com\/wp-content\/uploads\/2022\/06\/washing-bag-for-business-trip-home-travel-9.jpg\" alt=\"\" width=\"600\" height=\"600\" \/>\u00a0<img decoding=\"async\" class=\"aligncenter wp-image-7228\" src=\"https:\/\/www.sellersunionagent.com\/wp-content\/uploads\/2022\/06\/washing-bag-for-business-trip-home-travel-8.jpg\" alt=\"\" width=\"600\" height=\"600\" \/> <img decoding=\"async\" class=\"aligncenter wp-image-7229\" src=\"https:\/\/www.sellersunionagent.com\/wp-content\/uploads\/2022\/06\/washing-bag-for-business-trip-home-travel-7.jpg\" alt=\"\" width=\"600\" height=\"600\" \/>\u00a0 \u00a0 \u00a0 \u00a0 \u00a0 \u00a0 \u00a0 \u00a0 \u00a0 \u00a0 \u00a0 \u00a0 \u00a0 \u00a0 \u00a0 \u00a0 \u00a0 \u00a0 \u00a0 \u00a0 \u00a0 \u00a0 \u00a0 \u00a0 \u00a0 \u00a0 \u00a0 \u00a0 \u00a0 \u00a0 \u00a0 \u00a0 \u00a0 \u00a0 \u00a0 \u00a0 \u00a0 \u00a0 \u00a0<img loading=\"lazy\" decoding=\"async\" class=\"aligncenter wp-image-7230\" src=\"https:\/\/www.sellersunionagent.com\/wp-content\/uploads\/2022\/06\/washing-bag-for-business-trip-home-travel-6.jpg\" alt=\"\" width=\"600\" height=\"600\" \/>\u00a0\u00a0 \u00a0<img loading=\"lazy\" decoding=\"async\" class=\"aligncenter wp-image-7231\" src=\"https:\/\/www.sellersunionagent.com\/wp-content\/uploads\/2022\/06\/washing-bag-for-business-trip-home-travel-5.jpg\" alt=\"\" width=\"600\" height=\"600\" \/> <img loading=\"lazy\" decoding=\"async\" class=\"aligncenter wp-image-7232\" src=\"https:\/\/www.sellersunionagent.com\/wp-content\/uploads\/2022\/06\/washing-bag-for-business-trip-home-travel-4.jpg\" alt=\"\" width=\"600\" height=\"600\" \/><\/p>","protected":false},"excerpt":{"rendered":"<p><strong>MOQ<\/strong>:  500 piezas<br \/>\n<strong>Muestra gratuita<\/strong>:  Soporte<br \/>\n<strong>Personalizaci\u00f3n<\/strong>logo \/ color \/ materiales \/ embalaje, etc.<br \/>\n<strong>Descuento<\/strong>:  Primeros pedidos desde 10% de descuento.<br \/>\n<strong>Porcentaje de entregas a tiempo<\/strong>:\u00a0 100%<br \/>\n<strong>Env\u00edos totales<\/strong>:  10000 piezas<br \/>\n<strong>Env\u00edo<\/strong>: Apoyo Express-Carga mar\u00edtima-Carga terrestre<\/p>","protected":false},"featured_media":7233,"comment_status":"open","ping_status":"closed","template":"","meta":{"_acf_changed":false},"product_brand":[],"product_cat":[33],"product_tag":[71,80,59],"class_list":{"0":"post-7226","1":"product","2":"type-product","3":"status-publish","4":"has-post-thumbnail","6":"product_cat-toiletry-bag","7":"product_tag-durable","8":"product_tag-hot-sales","9":"product_tag-multifunctional","11":"first","12":"instock","13":"shipping-taxable","14":"purchasable","15":"product-type-simple","16":"swiper-slide"},"acf":[],"_links":{"self":[{"href":"https:\/\/www.sellersunionagent.com\/es\/wp-json\/wp\/v2\/product\/7226","targetHints":{"allow":["GET"]}}],"collection":[{"href":"https:\/\/www.sellersunionagent.com\/es\/wp-json\/wp\/v2\/product"}],"about":[{"href":"https:\/\/www.sellersunionagent.com\/es\/wp-json\/wp\/v2\/types\/product"}],"replies":[{"embeddable":true,"href":"https:\/\/www.sellersunionagent.com\/es\/wp-json\/wp\/v2\/comments?post=7226"}],"wp:featuredmedia":[{"embeddable":true,"href":"https:\/\/www.sellersunionagent.com\/es\/wp-json\/wp\/v2\/media\/7233"}],"wp:attachment":[{"href":"https:\/\/www.sellersunionagent.com\/es\/wp-json\/wp\/v2\/media?parent=7226"}],"wp:term":[{"taxonomy":"product_brand","embeddable":true,"href":"https:\/\/www.sellersunionagent.com\/es\/wp-json\/wp\/v2\/product_brand?post=7226"},{"taxonomy":"product_cat","embeddable":true,"href":"https:\/\/www.sellersunionagent.com\/es\/wp-json\/wp\/v2\/product_cat?post=7226"},{"taxonomy":"product_tag","embeddable":true,"href":"https:\/\/www.sellersunionagent.com\/es\/wp-json\/wp\/v2\/product_tag?post=7226"}],"curies":[{"name":"wp","href":"https:\/\/api.w.org\/{rel}","templated":true}]}}