{"id":7215,"date":"2022-06-22T17:19:45","date_gmt":"2022-06-22T09:19:45","guid":{"rendered":"https:\/\/sellersunionagent.com\/?post_type=product&#038;p=7215"},"modified":"2022-07-14T10:58:34","modified_gmt":"2022-07-14T02:58:34","slug":"organizador-de-viaje-de-lavado-de-gran-capacidad","status":"publish","type":"product","link":"https:\/\/www.sellersunionagent.com\/es\/large-capacity-washing-travel-organizer\/","title":{"rendered":"Hot Selling Organizador de viaje de gran capacidad de lavado"},"content":{"rendered":"<h2 id=\"title\" class=\"a-size-large a-spacing-none a-color-secondary\"><span id=\"productTitle\" class=\"a-size-large product-title-word-break\">Neceser de viaje colgante, gran capacidad de lavado Organizador de viaje para mujer<\/span><\/h2>\n<p>&nbsp;<\/p>\n<p>&nbsp;<\/p>\n<ul>\n<li>Gran capacidad - Puede poner su maquillaje, champ\u00fa, cepillo de dientes, pasta de dientes y as\u00ed sucesivamente, todo en un solo lugar. Haga que su viaje sea c\u00f3modo al tener todas sus necesidades en una sola bolsa.<\/li>\n<\/ul>\n<p>&nbsp;<\/p>\n<p>&nbsp;<\/p>\n<ul>\n<li>Robusto dise\u00f1o con gancho - El gancho incorporado permite colgar el neceser del toallero, perchero o dondequiera que est\u00e9 disponible, haciendo que sus art\u00edculos de tocador y cosm\u00e9ticos se muestren bien para facilitar el acceso y ahorrar espacio tambi\u00e9n.<\/li>\n<\/ul>\n<p>&nbsp;<\/p>\n<p>&nbsp;<\/p>\n<p><img fetchpriority=\"high\" decoding=\"async\" class=\"aligncenter wp-image-7219\" src=\"https:\/\/www.sellersunionagent.com\/wp-content\/uploads\/2022\/06\/hot-selling-large-capacity-washing-travel-organizer-6.jpg\" alt=\"\" width=\"600\" height=\"600\" \/><\/p>\n<p><img decoding=\"async\" class=\"aligncenter wp-image-7221\" src=\"https:\/\/www.sellersunionagent.com\/wp-content\/uploads\/2022\/06\/hot-selling-large-capacity-washing-travel-organizer-4.jpg\" alt=\"\" width=\"600\" height=\"600\" \/><\/p>\n<p><img decoding=\"async\" class=\"aligncenter wp-image-7220\" src=\"https:\/\/www.sellersunionagent.com\/wp-content\/uploads\/2022\/06\/hot-selling-large-capacity-washing-travel-organizer-5.jpg\" alt=\"\" width=\"600\" height=\"600\" \/><\/p>\n<p><img loading=\"lazy\" decoding=\"async\" class=\"aligncenter wp-image-7218\" src=\"https:\/\/www.sellersunionagent.com\/wp-content\/uploads\/2022\/06\/hot-selling-large-capacity-washing-travel-organizer-7.jpg\" alt=\"\" width=\"600\" height=\"600\" \/><\/p>\n<p><img loading=\"lazy\" decoding=\"async\" class=\"aligncenter wp-image-7217\" src=\"https:\/\/www.sellersunionagent.com\/wp-content\/uploads\/2022\/06\/hot-selling-large-capacity-washing-travel-organizer-8.jpg\" alt=\"\" width=\"600\" height=\"600\" \/><\/p>\n<p><img loading=\"lazy\" decoding=\"async\" class=\"aligncenter wp-image-7216\" src=\"https:\/\/www.sellersunionagent.com\/wp-content\/uploads\/2022\/06\/hot-selling-large-capacity-washing-travel-organizer-9.jpg\" alt=\"\" width=\"600\" height=\"600\" \/><\/p>","protected":false},"excerpt":{"rendered":"<p><strong>Tipo:<\/strong> Bolsa de lavado Art\u00edculo<br \/>\n<strong>Tama\u00f1o:<\/strong> 25*10 *17cm<br \/>\n<strong>Capacidad de suministro:<\/strong> 50000 Piezas\/Pieza por Mes<br \/>\n<strong>MOQ:<\/strong> 500 piezas<\/p>\n<p><strong>Color:<\/strong>Borgo\u00f1a, morado, negro, azul cielo, gris, azul marino<\/p>","protected":false},"featured_media":7222,"comment_status":"open","ping_status":"closed","template":"","meta":{"_acf_changed":false},"product_brand":[],"product_cat":[33],"product_tag":[63],"class_list":{"0":"post-7215","1":"product","2":"type-product","3":"status-publish","4":"has-post-thumbnail","6":"product_cat-toiletry-bag","7":"product_tag-washing-baghangingtoiletry-bag","9":"first","10":"instock","11":"shipping-taxable","12":"product-type-simple","13":"swiper-slide"},"acf":[],"_links":{"self":[{"href":"https:\/\/www.sellersunionagent.com\/es\/wp-json\/wp\/v2\/product\/7215","targetHints":{"allow":["GET"]}}],"collection":[{"href":"https:\/\/www.sellersunionagent.com\/es\/wp-json\/wp\/v2\/product"}],"about":[{"href":"https:\/\/www.sellersunionagent.com\/es\/wp-json\/wp\/v2\/types\/product"}],"replies":[{"embeddable":true,"href":"https:\/\/www.sellersunionagent.com\/es\/wp-json\/wp\/v2\/comments?post=7215"}],"wp:featuredmedia":[{"embeddable":true,"href":"https:\/\/www.sellersunionagent.com\/es\/wp-json\/wp\/v2\/media\/7222"}],"wp:attachment":[{"href":"https:\/\/www.sellersunionagent.com\/es\/wp-json\/wp\/v2\/media?parent=7215"}],"wp:term":[{"taxonomy":"product_brand","embeddable":true,"href":"https:\/\/www.sellersunionagent.com\/es\/wp-json\/wp\/v2\/product_brand?post=7215"},{"taxonomy":"product_cat","embeddable":true,"href":"https:\/\/www.sellersunionagent.com\/es\/wp-json\/wp\/v2\/product_cat?post=7215"},{"taxonomy":"product_tag","embeddable":true,"href":"https:\/\/www.sellersunionagent.com\/es\/wp-json\/wp\/v2\/product_tag?post=7215"}],"curies":[{"name":"wp","href":"https:\/\/api.w.org\/{rel}","templated":true}]}}