{"id":6708,"date":"2022-06-02T07:27:02","date_gmt":"2022-06-01T23:27:02","guid":{"rendered":"https:\/\/sellersunionagent.com\/?post_type=product&#038;p=6708"},"modified":"2022-07-11T14:19:35","modified_gmt":"2022-07-11T06:19:35","slug":"china-popular-export-mans-traveling-bag","status":"publish","type":"product","link":"https:\/\/www.sellersunionagent.com\/es\/china-popular-export-mans-traveling-bag\/","title":{"rendered":"China Popular Export Bolsa de viaje para hombre"},"content":{"rendered":"<h1>China Popular Export Bolsa de viaje para hombre<\/h1>\n<p>Hay muchas mujeres bolsas de maquillaje est\u00e1n vendiendo en el mercado. Sin embargo, el macho tambi\u00e9n tienen sus demandas en bolsa de viaje o bolsas de maquillaje. Hoy en d\u00eda, aqu\u00ed est\u00e1 el \u00faltimo dise\u00f1o de bolsa de viaje del hombre del fabricante de China. Este producto es muy popular en este momento para nuestros clientes de comercio electr\u00f3nico. Las im\u00e1genes del producto se muestran a continuaci\u00f3n para proporcionar m\u00e1s detalles.<\/p>\n<p>&nbsp;<\/p>\n<p>&nbsp;<\/p>\n<p>Gran capacidad y compartimentos organizados: Tama\u00f1o 25*23*10cm. Hay dos compartimentos principales que pueden almacenar el gran tama\u00f1o de los productos de cuidado de la piel. Los siguientes cuatro peque\u00f1os bolsillos para almacenar todas sus peque\u00f1as cosas.<\/p>\n<p>&nbsp;<\/p>\n<p>&nbsp;<\/p>\n<p>Dise\u00f1o de moda y multicolor: Esta bolsa tiene un aspecto elegante con siguiendo el \u00faltimo dise\u00f1o de moda. Ofrecemos diferentes colores e incluso aceptar el color personalizado si se puede llegar a la MOQ.<\/p>\n<p>&nbsp;<\/p>\n<p>&nbsp;<\/p>\n<p>Suave cremallera YKK y pr\u00e1cticas asas: utiliza la cremallera YKK para que la experiencia de uso sea m\u00e1s agradable. La combinaci\u00f3n de cremallera y oreja de cremallera hace que sea m\u00e1s f\u00e1cil de sujetar y subir y bajar la cremallera. Esta bolsa de viaje tiene un tama\u00f1o perfecto para guardarla en la maleta.<\/p>\n<p>&nbsp;<\/p>\n<p>&nbsp;<\/p>\n<p><img fetchpriority=\"high\" decoding=\"async\" class=\"aligncenter wp-image-6712\" src=\"https:\/\/www.sellersunionagent.com\/wp-content\/uploads\/2022\/06\/traveling-bag-7.jpg\" alt=\"\" width=\"600\" height=\"600\" \/><\/p>\n<p><img decoding=\"async\" class=\"aligncenter wp-image-6717\" src=\"https:\/\/www.sellersunionagent.com\/wp-content\/uploads\/2022\/06\/traveling-bag-2.jpg\" alt=\"\" width=\"600\" height=\"600\" \/><\/p>\n<p><img decoding=\"async\" class=\"aligncenter wp-image-6718\" src=\"https:\/\/www.sellersunionagent.com\/wp-content\/uploads\/2022\/06\/traveling-bag-1.jpg\" alt=\"\" width=\"600\" height=\"600\" \/><\/p>\n<p><img loading=\"lazy\" decoding=\"async\" class=\"aligncenter wp-image-6719\" src=\"https:\/\/www.sellersunionagent.com\/wp-content\/uploads\/2022\/06\/traveling-bag.jpg\" alt=\"\" width=\"600\" height=\"600\" \/><\/p>\n<p>&nbsp;<\/p>","protected":false},"excerpt":{"rendered":"<p><strong>Tipo<\/strong>: Neceser de maquillaje<\/p>\n<p><strong>Tama\u00f1o del art\u00edculo<\/strong>: 25*23*10cm<\/p>\n<p><strong>Peso del art\u00edculo<\/strong>: 350g<\/p>\n<p><strong>Colores<\/strong>: tal y como se muestra en la imagen<\/p>\n<p>&nbsp;<\/p>\n<p>Servicio de personalizaci\u00f3n<\/p>\n<p>Aceptamos requisitos OEM y ODM. Si usted tiene alguna creaci\u00f3n, por favor env\u00edenos sus consultas. Estar\u00edamos proporcionar ayuda en cualquier momento.<\/p>","protected":false},"featured_media":6793,"comment_status":"open","ping_status":"closed","template":"","meta":{"_acf_changed":false},"product_brand":[],"product_cat":[30],"product_tag":[47,78,23],"class_list":{"0":"post-6708","1":"product","2":"type-product","3":"status-publish","4":"has-post-thumbnail","6":"product_cat-makeup-bag","7":"product_tag-hot-sale","8":"product_tag-makeup-bag","9":"product_tag-new-arrival","11":"first","12":"instock","13":"shipping-taxable","14":"product-type-simple","15":"swiper-slide"},"acf":[],"_links":{"self":[{"href":"https:\/\/www.sellersunionagent.com\/es\/wp-json\/wp\/v2\/product\/6708","targetHints":{"allow":["GET"]}}],"collection":[{"href":"https:\/\/www.sellersunionagent.com\/es\/wp-json\/wp\/v2\/product"}],"about":[{"href":"https:\/\/www.sellersunionagent.com\/es\/wp-json\/wp\/v2\/types\/product"}],"replies":[{"embeddable":true,"href":"https:\/\/www.sellersunionagent.com\/es\/wp-json\/wp\/v2\/comments?post=6708"}],"wp:featuredmedia":[{"embeddable":true,"href":"https:\/\/www.sellersunionagent.com\/es\/wp-json\/wp\/v2\/media\/6793"}],"wp:attachment":[{"href":"https:\/\/www.sellersunionagent.com\/es\/wp-json\/wp\/v2\/media?parent=6708"}],"wp:term":[{"taxonomy":"product_brand","embeddable":true,"href":"https:\/\/www.sellersunionagent.com\/es\/wp-json\/wp\/v2\/product_brand?post=6708"},{"taxonomy":"product_cat","embeddable":true,"href":"https:\/\/www.sellersunionagent.com\/es\/wp-json\/wp\/v2\/product_cat?post=6708"},{"taxonomy":"product_tag","embeddable":true,"href":"https:\/\/www.sellersunionagent.com\/es\/wp-json\/wp\/v2\/product_tag?post=6708"}],"curies":[{"name":"wp","href":"https:\/\/api.w.org\/{rel}","templated":true}]}}