{"id":6698,"date":"2022-06-02T07:16:35","date_gmt":"2022-06-01T23:16:35","guid":{"rendered":"https:\/\/sellersunionagent.com\/?post_type=product&#038;p=6698"},"modified":"2022-07-11T14:20:14","modified_gmt":"2022-07-11T06:20:14","slug":"fabrica-china-mujeres-bolsa-de-maquillaje-portatil","status":"publish","type":"product","link":"https:\/\/www.sellersunionagent.com\/es\/chinese-factory-women-portable-makeup-bag\/","title":{"rendered":"F\u00e1brica China-Mujer Bolsa de Maquillaje Port\u00e1til"},"content":{"rendered":"<h1>F\u00e1brica China-Mujer Bolsa de Maquillaje Port\u00e1til<\/h1>\n<p>&nbsp;<\/p>\n<p>&nbsp;<\/p>\n<p>Los neceseres de maquillaje port\u00e1tiles tienen una peque\u00f1a capacidad para ayudar a las personas que necesitan utilizar las herramientas de maquillaje en cualquier momento. A las chicas les gusta perfeccionar el maquillaje cuando llevan este peque\u00f1o neceser de maquillaje port\u00e1til. Est\u00e1n disponibles en cuatro colores: verde, amarillo, rosa y azul. En la p\u00e1gina web se pueden encontrar muchos neceseres de maquillaje port\u00e1tiles en la categor\u00eda \"neceser de maquillaje\".<\/p>\n<p>&nbsp;<\/p>\n<p>&nbsp;<\/p>\n<p>Port\u00e1til y ligero: 24*20*8cm. S\u00f3lo 400 g en total. Muy f\u00e1cil de llevar para ni\u00f1as y mujeres.<\/p>\n<p>&nbsp;<\/p>\n<p>&nbsp;<\/p>\n<p>C\u00e1mara duradera impermeable y a prueba de fugas: Poli\u00e9ster resistente al desgaste en el exterior hace que sea f\u00e1cil de lavar y limpiar.<\/p>\n<p>&nbsp;<\/p>\n<p>&nbsp;<\/p>\n<p>Multi-funcional: se puede utilizar como una bolsa de maquillaje port\u00e1til tambi\u00e9n como una bolsa de viaje o una bolsa de almacenamiento dom\u00e9stico.<\/p>\n<p>&nbsp;<\/p>\n<p>&nbsp;<\/p>\n<p>F\u00e1cil de agarrar: dise\u00f1o especial en apariencia con cremallera para batidos.<\/p>\n<p>&nbsp;<\/p>\n<p>&nbsp;<\/p>\n<p><img fetchpriority=\"high\" decoding=\"async\" class=\"aligncenter wp-image-6700\" src=\"https:\/\/www.sellersunionagent.com\/wp-content\/uploads\/2022\/06\/women-portable-makeup-bag-7.jpg\" alt=\"\" width=\"600\" height=\"600\" \/><\/p>\n<p><img decoding=\"async\" class=\"aligncenter wp-image-6701\" src=\"https:\/\/www.sellersunionagent.com\/wp-content\/uploads\/2022\/06\/women-portable-makeup-bag-6.jpg\" alt=\"\" width=\"600\" height=\"600\" \/><\/p>\n<p><img decoding=\"async\" class=\"aligncenter wp-image-6702\" src=\"https:\/\/www.sellersunionagent.com\/wp-content\/uploads\/2022\/06\/women-portable-makeup-bag-5.jpg\" alt=\"\" width=\"600\" height=\"600\" \/><\/p>\n<p><img loading=\"lazy\" decoding=\"async\" class=\"aligncenter wp-image-6704\" src=\"https:\/\/www.sellersunionagent.com\/wp-content\/uploads\/2022\/06\/women-portable-makeup-bag-3.jpg\" alt=\"\" width=\"600\" height=\"600\" \/><\/p>","protected":false},"excerpt":{"rendered":"<p><strong>Tipo<\/strong>: Neceser de maquillaje<\/p>\n<p><strong>Tama\u00f1o del art\u00edculo<\/strong>: 24*20*8cm<\/p>\n<p><strong>Peso del art\u00edculo<\/strong>: 400g<\/p>\n<p><strong>Colores<\/strong>: tal y como se muestra en la imagen<\/p>\n<p>&nbsp;<\/p>\n<p>Servicio de personalizaci\u00f3n<\/p>\n<p>Aceptamos requisitos OEM y ODM. Si usted tiene alguna creaci\u00f3n, por favor env\u00edenos sus consultas. Estar\u00edamos proporcionar ayuda en cualquier momento.<\/p>","protected":false},"featured_media":6707,"comment_status":"open","ping_status":"closed","template":"","meta":{"_acf_changed":false},"product_brand":[],"product_cat":[30],"product_tag":[80,81],"class_list":{"0":"post-6698","1":"product","2":"type-product","3":"status-publish","4":"has-post-thumbnail","6":"product_cat-makeup-bag","7":"product_tag-hot-sales","8":"product_tag-makeup-bags","10":"first","11":"instock","12":"shipping-taxable","13":"product-type-simple","14":"swiper-slide"},"acf":[],"_links":{"self":[{"href":"https:\/\/www.sellersunionagent.com\/es\/wp-json\/wp\/v2\/product\/6698","targetHints":{"allow":["GET"]}}],"collection":[{"href":"https:\/\/www.sellersunionagent.com\/es\/wp-json\/wp\/v2\/product"}],"about":[{"href":"https:\/\/www.sellersunionagent.com\/es\/wp-json\/wp\/v2\/types\/product"}],"replies":[{"embeddable":true,"href":"https:\/\/www.sellersunionagent.com\/es\/wp-json\/wp\/v2\/comments?post=6698"}],"wp:featuredmedia":[{"embeddable":true,"href":"https:\/\/www.sellersunionagent.com\/es\/wp-json\/wp\/v2\/media\/6707"}],"wp:attachment":[{"href":"https:\/\/www.sellersunionagent.com\/es\/wp-json\/wp\/v2\/media?parent=6698"}],"wp:term":[{"taxonomy":"product_brand","embeddable":true,"href":"https:\/\/www.sellersunionagent.com\/es\/wp-json\/wp\/v2\/product_brand?post=6698"},{"taxonomy":"product_cat","embeddable":true,"href":"https:\/\/www.sellersunionagent.com\/es\/wp-json\/wp\/v2\/product_cat?post=6698"},{"taxonomy":"product_tag","embeddable":true,"href":"https:\/\/www.sellersunionagent.com\/es\/wp-json\/wp\/v2\/product_tag?post=6698"}],"curies":[{"name":"wp","href":"https:\/\/api.w.org\/{rel}","templated":true}]}}