{"id":6676,"date":"2022-06-02T06:58:39","date_gmt":"2022-06-01T22:58:39","guid":{"rendered":"https:\/\/sellersunionagent.com\/?post_type=product&#038;p=6676"},"modified":"2022-07-11T14:26:54","modified_gmt":"2022-07-11T06:26:54","slug":"china-nuevo-diseno-portatil-bolsas-de-maquillaje","status":"publish","type":"product","link":"https:\/\/www.sellersunionagent.com\/es\/china-new-design-portable-makeup-bags\/","title":{"rendered":"China Nuevo Dise\u00f1o Port\u00e1til Bolsas de Maquillaje"},"content":{"rendered":"<h1>China Nuevo Dise\u00f1o Port\u00e1til Bolsas de Maquillaje<\/h1>\n<p>&nbsp;<\/p>\n<p>&nbsp;<\/p>\n<p>Este tipo de bolsa de maquillaje est\u00e1 dise\u00f1ado para personas que son profesionales en el maquillaje o que tienen un mont\u00f3n de herramientas de maquillaje. Como sabr\u00e1s, a muchas chicas les encanta maquillarse y les gusta que les regalen productos de maquillaje. La imagen de arriba muestra un t\u00edpico neceser de gran capacidad que puede contener 3 bases, 5 barras de labios, 5 coloretes, etc. \u00a1Qu\u00e9 gran capacidad! \u00a1Qu\u00e9 gran capacidad! Si usted tiene muchas herramientas de maquillaje y no desea almacenarlos de una manera desordenada, la compra de esta bolsa de maquillaje de gran capacidad es su mejor opci\u00f3n. Hay muchos estilos disponibles en nuestro sitio web. Siempre encontrar\u00e1 el que m\u00e1s le guste.<\/p>\n<p>&nbsp;<\/p>\n<p>&nbsp;<\/p>\n<p>Mucho espacio de almacenamiento: esta bolsa de maquillaje ya es lo suficientemente grande como para que puedas llevar los productos de maquillaje diarios, como bases, barras de labios, brochas, pinceles, colorete, etc. Todos tus productos de maquillaje estar\u00e1n bien organizados en esta bolsa.<\/p>\n<p>&nbsp;<\/p>\n<p>&nbsp;<\/p>\n<p>Dimensi\u00f3n y Estructura: 25*8*16.5 CM. Gran capacidad puede almacenar todos sus productos de maquillaje. El compartimento principal puede almacenar los grandes productos de cuidado de la piel tambi\u00e9n. Hay 6 bolsillos de tama\u00f1o peque\u00f1o est\u00e1n disponibles para el almacenamiento de sus cosas no hacerlos l\u00edo.<\/p>\n<p>&nbsp;<\/p>\n<p>&nbsp;<\/p>\n<p><img fetchpriority=\"high\" decoding=\"async\" class=\"aligncenter wp-image-6688\" src=\"https:\/\/www.sellersunionagent.com\/wp-content\/uploads\/2022\/06\/portable-makeup-bags.jpg\" alt=\"\" width=\"600\" height=\"600\" \/><\/p>\n<p><img decoding=\"async\" class=\"aligncenter wp-image-6686\" src=\"https:\/\/www.sellersunionagent.com\/wp-content\/uploads\/2022\/06\/portable-makeup-bags-2.jpg\" alt=\"\" width=\"600\" height=\"600\" \/><\/p>\n<p><img decoding=\"async\" class=\"aligncenter wp-image-6685\" src=\"https:\/\/www.sellersunionagent.com\/wp-content\/uploads\/2022\/06\/portable-makeup-bags-3.jpg\" alt=\"\" width=\"600\" height=\"362\" \/><\/p>\n<p><img loading=\"lazy\" decoding=\"async\" class=\"aligncenter wp-image-6684\" src=\"https:\/\/www.sellersunionagent.com\/wp-content\/uploads\/2022\/06\/portable-makeup-bags-4.jpg\" alt=\"\" width=\"600\" height=\"564\" \/><\/p>","protected":false},"excerpt":{"rendered":"<p><strong>Tipo<\/strong>: Neceser de maquillaje<\/p>\n<p><strong>Tama\u00f1o del art\u00edculo<\/strong>: 25*8*16.5CM<\/p>\n<p><strong>Peso del art\u00edculo<\/strong>: 350g<\/p>\n<p><strong>Colores<\/strong>: tal y como se muestra en la imagen<\/p>\n<p>&nbsp;<\/p>\n<p>Servicio de personalizaci\u00f3n<\/p>\n<p>Aceptamos requisitos OEM y ODM. Si usted tiene alguna creaci\u00f3n, por favor env\u00edenos sus consultas. Estar\u00edamos proporcionar ayuda en cualquier momento.<\/p>","protected":false},"featured_media":6687,"comment_status":"open","ping_status":"closed","template":"","meta":{"_acf_changed":false},"product_brand":[],"product_cat":[30],"product_tag":[47,78,79],"class_list":{"0":"post-6676","1":"product","2":"type-product","3":"status-publish","4":"has-post-thumbnail","6":"product_cat-makeup-bag","7":"product_tag-hot-sale","8":"product_tag-makeup-bag","9":"product_tag-organization","11":"first","12":"instock","13":"shipping-taxable","14":"product-type-simple","15":"swiper-slide"},"acf":[],"_links":{"self":[{"href":"https:\/\/www.sellersunionagent.com\/es\/wp-json\/wp\/v2\/product\/6676","targetHints":{"allow":["GET"]}}],"collection":[{"href":"https:\/\/www.sellersunionagent.com\/es\/wp-json\/wp\/v2\/product"}],"about":[{"href":"https:\/\/www.sellersunionagent.com\/es\/wp-json\/wp\/v2\/types\/product"}],"replies":[{"embeddable":true,"href":"https:\/\/www.sellersunionagent.com\/es\/wp-json\/wp\/v2\/comments?post=6676"}],"wp:featuredmedia":[{"embeddable":true,"href":"https:\/\/www.sellersunionagent.com\/es\/wp-json\/wp\/v2\/media\/6687"}],"wp:attachment":[{"href":"https:\/\/www.sellersunionagent.com\/es\/wp-json\/wp\/v2\/media?parent=6676"}],"wp:term":[{"taxonomy":"product_brand","embeddable":true,"href":"https:\/\/www.sellersunionagent.com\/es\/wp-json\/wp\/v2\/product_brand?post=6676"},{"taxonomy":"product_cat","embeddable":true,"href":"https:\/\/www.sellersunionagent.com\/es\/wp-json\/wp\/v2\/product_cat?post=6676"},{"taxonomy":"product_tag","embeddable":true,"href":"https:\/\/www.sellersunionagent.com\/es\/wp-json\/wp\/v2\/product_tag?post=6676"}],"curies":[{"name":"wp","href":"https:\/\/api.w.org\/{rel}","templated":true}]}}