{"id":6664,"date":"2022-06-02T06:48:42","date_gmt":"2022-06-01T22:48:42","guid":{"rendered":"https:\/\/sellersunionagent.com\/?post_type=product&#038;p=6664"},"modified":"2022-07-11T14:28:17","modified_gmt":"2022-07-11T06:28:17","slug":"descuento-del-fabricante-en-estuches-de-maquillaje-de-verano","status":"publish","type":"product","link":"https:\/\/www.sellersunionagent.com\/es\/manufacturer-discount-on-summer-makeup-bags\/","title":{"rendered":"Descuento del fabricante en neceseres de maquillaje de verano"},"content":{"rendered":"<h1>Descuento del fabricante en neceseres de maquillaje de verano<\/h1>\n<p>Dise\u00f1o con cord\u00f3n: normalmente, los neceseres de maquillaje se abren y cierran con cremallera, pero en este caso hemos utilizado un dise\u00f1o con cord\u00f3n para darle un aspecto espec\u00edfico;<\/p>\n<p>&nbsp;<\/p>\n<p>&nbsp;<\/p>\n<p>Dimenstion: 19*25*12cm<\/p>\n<p>&nbsp;<\/p>\n<p>&nbsp;<\/p>\n<p>Material de secado r\u00e1pido: este neceser de maquillaje utiliza poli\u00e9ster en lugar del material de tela tradicional. Esta tecnolog\u00eda hace que la bolsa tenga un peso m\u00e1s ligero y caracter\u00edsticas de secado r\u00e1pido.<\/p>\n<p>&nbsp;<\/p>\n<p>&nbsp;<\/p>\n<p><span class=\"a-list-item\">Perfect Travel Cosmetic Bag\uff1aEste conjunto de bolsa de maquillaje de m\u00e1rmol es port\u00e1til y ligero, f\u00e1cil de llevar. Usted puede traer sus cosm\u00e9ticos a cualquier lugar.<\/span><\/p>\n<p>&nbsp;<\/p>\n<p>&nbsp;<\/p>\n<p>Material superior: Hecho de material de cuero PU de alta calidad con estampado de m\u00e1rmol, estas bolsas de maquillaje es resistente a los ara\u00f1azos, duradero y resistente al agua, la cremallera de oro resistente puede mantener sus productos de belleza en su lugar.<\/p>\n<p>&nbsp;<\/p>\n<p><img fetchpriority=\"high\" decoding=\"async\" class=\"aligncenter wp-image-9257 size-full\" src=\"https:\/\/www.sellersunionagent.com\/wp-content\/uploads\/2022\/06\/9893f7f1101f72b829f60f599bc6d72.png\" alt=\"Descuento del fabricante\" width=\"725\" height=\"758\" \/><img decoding=\"async\" class=\"aligncenter wp-image-9258 size-full\" src=\"https:\/\/www.sellersunionagent.com\/wp-content\/uploads\/2022\/06\/c561289fd805144e472cb46fa35a8a3.png\" alt=\"Descuento del fabricante\" width=\"616\" height=\"414\" \/><img decoding=\"async\" class=\"aligncenter wp-image-9261\" src=\"https:\/\/www.sellersunionagent.com\/wp-content\/uploads\/2022\/06\/629deb1d48af802bcf68eb49a3da5d9.png\" alt=\"Descuento del fabricante\" width=\"600\" height=\"772\" \/><img loading=\"lazy\" decoding=\"async\" class=\"aligncenter wp-image-9264\" src=\"https:\/\/www.sellersunionagent.com\/wp-content\/uploads\/2022\/06\/5b802b1d7a638a96b213364c8616059.png\" alt=\"Descuento del fabricante\" width=\"600\" height=\"767\" \/><img loading=\"lazy\" decoding=\"async\" class=\"aligncenter wp-image-9260 size-full\" src=\"https:\/\/www.sellersunionagent.com\/wp-content\/uploads\/2022\/06\/b3ec665f2e4dcaaf76074c030eb426d.png\" alt=\"Descuento del fabricante\" width=\"588\" height=\"814\" \/><br \/>\n<img loading=\"lazy\" decoding=\"async\" class=\"aligncenter wp-image-6668\" src=\"https:\/\/www.sellersunionagent.com\/wp-content\/uploads\/2022\/06\/summer-makeup-bags-7.jpg\" alt=\"\" width=\"600\" height=\"600\" \/><\/p>\n<p><img loading=\"lazy\" decoding=\"async\" class=\"aligncenter wp-image-6665\" src=\"https:\/\/www.sellersunionagent.com\/wp-content\/uploads\/2022\/06\/summer-makeup-bags-10.jpg\" alt=\"\" width=\"600\" height=\"600\" \/><\/p>\n<p><img loading=\"lazy\" decoding=\"async\" class=\"aligncenter wp-image-6666\" src=\"https:\/\/www.sellersunionagent.com\/wp-content\/uploads\/2022\/06\/summer-makeup-bags-9.jpg\" alt=\"\" width=\"600\" height=\"600\" \/><\/p>\n<p><img loading=\"lazy\" decoding=\"async\" class=\"aligncenter wp-image-6667\" src=\"https:\/\/www.sellersunionagent.com\/wp-content\/uploads\/2022\/06\/summer-makeup-bags-8.jpg\" alt=\"\" width=\"600\" height=\"600\" \/><\/p>\n<p>&nbsp;<\/p>\n<p>&nbsp;<\/p>","protected":false},"excerpt":{"rendered":"<p><strong>Tipo<\/strong>: Neceser de maquillaje<\/p>\n<p><strong>N\u00famero de art\u00edculo<\/strong>: RH187<\/p>\n<p><strong>Tama\u00f1o del art\u00edculo<\/strong>: 19*25*12cm<\/p>\n<p><strong>Peso del art\u00edculo<\/strong>: 103g<\/p>\n<p><strong>Colores<\/strong>: tal y como se muestra en la imagen<\/p>\n<p>&nbsp;<\/p>\n<p>Servicio de personalizaci\u00f3n<\/p>\n<p>Aceptamos requisitos OEM y ODM. Si usted tiene alguna creaci\u00f3n, por favor env\u00edenos sus consultas. Estar\u00edamos proporcionar ayuda en cualquier momento.<\/p>","protected":false},"featured_media":6675,"comment_status":"open","ping_status":"closed","template":"","meta":{"_acf_changed":false},"product_brand":[],"product_cat":[30],"product_tag":[47,78,79],"class_list":{"0":"post-6664","1":"product","2":"type-product","3":"status-publish","4":"has-post-thumbnail","6":"product_cat-makeup-bag","7":"product_tag-hot-sale","8":"product_tag-makeup-bag","9":"product_tag-organization","11":"first","12":"instock","13":"shipping-taxable","14":"product-type-simple","15":"swiper-slide"},"acf":[],"_links":{"self":[{"href":"https:\/\/www.sellersunionagent.com\/es\/wp-json\/wp\/v2\/product\/6664","targetHints":{"allow":["GET"]}}],"collection":[{"href":"https:\/\/www.sellersunionagent.com\/es\/wp-json\/wp\/v2\/product"}],"about":[{"href":"https:\/\/www.sellersunionagent.com\/es\/wp-json\/wp\/v2\/types\/product"}],"replies":[{"embeddable":true,"href":"https:\/\/www.sellersunionagent.com\/es\/wp-json\/wp\/v2\/comments?post=6664"}],"wp:featuredmedia":[{"embeddable":true,"href":"https:\/\/www.sellersunionagent.com\/es\/wp-json\/wp\/v2\/media\/6675"}],"wp:attachment":[{"href":"https:\/\/www.sellersunionagent.com\/es\/wp-json\/wp\/v2\/media?parent=6664"}],"wp:term":[{"taxonomy":"product_brand","embeddable":true,"href":"https:\/\/www.sellersunionagent.com\/es\/wp-json\/wp\/v2\/product_brand?post=6664"},{"taxonomy":"product_cat","embeddable":true,"href":"https:\/\/www.sellersunionagent.com\/es\/wp-json\/wp\/v2\/product_cat?post=6664"},{"taxonomy":"product_tag","embeddable":true,"href":"https:\/\/www.sellersunionagent.com\/es\/wp-json\/wp\/v2\/product_tag?post=6664"}],"curies":[{"name":"wp","href":"https:\/\/api.w.org\/{rel}","templated":true}]}}