{"id":6654,"date":"2022-06-02T06:35:39","date_gmt":"2022-06-01T22:35:39","guid":{"rendered":"https:\/\/sellersunionagent.com\/?post_type=product&#038;p=6654"},"modified":"2022-07-12T10:29:21","modified_gmt":"2022-07-12T02:29:21","slug":"debe-tener-bolsa-de-maquillaje-portatil-de-la-empresa-china-de-exportacion","status":"publish","type":"product","link":"https:\/\/www.sellersunionagent.com\/es\/must-have-portable-makeup-bag-from-china-export-company\/","title":{"rendered":"Must-have port\u00e1til bolsa de maquillaje De China Export Company"},"content":{"rendered":"<h1>Must-have port\u00e1til bolsa de maquillaje De China Export Company<\/h1>\n<p>&nbsp;<\/p>\n<p>&nbsp;<\/p>\n<p>F\u00e1cil de plegar: como neceser de maquillaje port\u00e1til, es muy importante que sea f\u00e1cil de plegar y transportar. Porque cuando las ni\u00f1as est\u00e1n planeando comprar un nuevo bolso de maquillaje, pueden preocuparse por la conveniencia de los productos.<\/p>\n<p>&nbsp;<\/p>\n<p>&nbsp;<\/p>\n<p>Dise\u00f1o de moda m\u00faltiple: hemos cambiado muchas veces nuestros dibujos de dise\u00f1o s\u00f3lo porque queremos dise\u00f1ar los \u00faltimos y m\u00e1s populares bolsos de maquillaje para lanzarlos en nuestro sitio web. El equipo de dise\u00f1o ha combinado los nuevos factores de moda y los ha a\u00f1adido a nuestros bolsos de maquillaje.<\/p>\n<p>&nbsp;<\/p>\n<p>Bolsa de maquillaje de viaje perfecto\uff1aEste conjunto de bolsa de maquillaje lindo es port\u00e1til y ligero, f\u00e1cil de llevar. Usted puede traer sus maquillajes a cualquier lugar. La dimensi\u00f3n de la misma es: 22 * 14 * 12 CM y la estructura es un dise\u00f1o \u00fanico. El peso del producto es muy ligero que s\u00f3lo tiene 135 gramos.<\/p>\n<p>&nbsp;<\/p>\n<p>&nbsp;<\/p>\n<p><img fetchpriority=\"high\" decoding=\"async\" class=\"aligncenter wp-image-6656\" src=\"https:\/\/www.sellersunionagent.com\/wp-content\/uploads\/2022\/06\/portable-makeup-bag-8.jpg\" alt=\"\" width=\"600\" height=\"450\" \/><\/p>\n<p><img decoding=\"async\" class=\"aligncenter wp-image-6658\" src=\"https:\/\/www.sellersunionagent.com\/wp-content\/uploads\/2022\/06\/portable-makeup-bag-6.jpg\" alt=\"\" width=\"600\" height=\"450\" \/><\/p>\n<p><img decoding=\"async\" class=\"aligncenter wp-image-6655\" src=\"https:\/\/www.sellersunionagent.com\/wp-content\/uploads\/2022\/06\/portable-makeup-bag-10.jpg\" alt=\"\" width=\"600\" height=\"450\" \/><\/p>\n<p><img loading=\"lazy\" decoding=\"async\" class=\"aligncenter wp-image-6659\" src=\"https:\/\/www.sellersunionagent.com\/wp-content\/uploads\/2022\/06\/portable-makeup-bag-4.jpg\" alt=\"\" width=\"600\" height=\"600\" \/><img loading=\"lazy\" decoding=\"async\" class=\"aligncenter wp-image-6657\" src=\"https:\/\/www.sellersunionagent.com\/wp-content\/uploads\/2022\/06\/portable-makeup-bag-9.jpg\" alt=\"\" width=\"600\" height=\"450\" \/> <img loading=\"lazy\" decoding=\"async\" class=\"aligncenter wp-image-9272\" src=\"https:\/\/www.sellersunionagent.com\/wp-content\/uploads\/2022\/06\/1P0A7620-1.jpg\" alt=\"OEM\/ODM\" width=\"600\" height=\"600\" \/><\/p>\n<p>&nbsp;<\/p>","protected":false},"excerpt":{"rendered":"<p><strong>Tipo<\/strong>: Neceser de maquillaje<\/p>\n<p><strong>Tama\u00f1o del art\u00edculo<\/strong>: 22*14*12CM<\/p>\n<p><strong>Peso del art\u00edculo<\/strong>: 135g<\/p>\n<p><strong>Colores<\/strong>: Rosa\/Amarillo\/Rojo\/Verde\/Azul<\/p>\n<p>&nbsp;<\/p>\n<p>Servicio de personalizaci\u00f3n<\/p>\n<p>Aceptamos requisitos OEM y ODM. Si usted tiene alguna creaci\u00f3n, por favor env\u00edenos sus consultas. Estar\u00edamos proporcionar ayuda en cualquier momento.<\/p>","protected":false},"featured_media":6660,"comment_status":"open","ping_status":"closed","template":"","meta":{"_acf_changed":false},"product_brand":[],"product_cat":[30],"product_tag":[47,78],"class_list":{"0":"post-6654","1":"product","2":"type-product","3":"status-publish","4":"has-post-thumbnail","6":"product_cat-makeup-bag","7":"product_tag-hot-sale","8":"product_tag-makeup-bag","10":"first","11":"instock","12":"shipping-taxable","13":"product-type-simple","14":"swiper-slide"},"acf":[],"_links":{"self":[{"href":"https:\/\/www.sellersunionagent.com\/es\/wp-json\/wp\/v2\/product\/6654","targetHints":{"allow":["GET"]}}],"collection":[{"href":"https:\/\/www.sellersunionagent.com\/es\/wp-json\/wp\/v2\/product"}],"about":[{"href":"https:\/\/www.sellersunionagent.com\/es\/wp-json\/wp\/v2\/types\/product"}],"replies":[{"embeddable":true,"href":"https:\/\/www.sellersunionagent.com\/es\/wp-json\/wp\/v2\/comments?post=6654"}],"wp:featuredmedia":[{"embeddable":true,"href":"https:\/\/www.sellersunionagent.com\/es\/wp-json\/wp\/v2\/media\/6660"}],"wp:attachment":[{"href":"https:\/\/www.sellersunionagent.com\/es\/wp-json\/wp\/v2\/media?parent=6654"}],"wp:term":[{"taxonomy":"product_brand","embeddable":true,"href":"https:\/\/www.sellersunionagent.com\/es\/wp-json\/wp\/v2\/product_brand?post=6654"},{"taxonomy":"product_cat","embeddable":true,"href":"https:\/\/www.sellersunionagent.com\/es\/wp-json\/wp\/v2\/product_cat?post=6654"},{"taxonomy":"product_tag","embeddable":true,"href":"https:\/\/www.sellersunionagent.com\/es\/wp-json\/wp\/v2\/product_tag?post=6654"}],"curies":[{"name":"wp","href":"https:\/\/api.w.org\/{rel}","templated":true}]}}