{"id":6646,"date":"2022-06-02T06:22:09","date_gmt":"2022-06-01T22:22:09","guid":{"rendered":"https:\/\/sellersunionagent.com\/?post_type=product&#038;p=6646"},"modified":"2022-08-05T14:30:17","modified_gmt":"2022-08-05T06:30:17","slug":"minorista-importacion-producto-las-mujeres-deben-tener-articulo-cuando-estan-haciendo-maquillaje-bolsa-de-maquillaje","status":"publish","type":"product","link":"https:\/\/www.sellersunionagent.com\/es\/retailer-import-product-women-must-have-item-when-they-are-doing-makeup-makeup-bag\/","title":{"rendered":"Producto importado por minoristas: Art\u00edculo imprescindible para las mujeres cuando se maquillan: neceser de maquillaje"},"content":{"rendered":"<h1>Minorista Producto de importaci\u00f3n: <strong><b>Lo que las mujeres no pueden perderse cuando se maquillan: el neceser de maquillaje<\/b><\/strong><\/h1>\n<p>&nbsp;<\/p>\n<p>&nbsp;<\/p>\n<p>No importa en qu\u00e9 etapa de su edad, siempre podemos encontrar que las mujeres les encanta hacer el maquillaje. Siempre les gusta maquillarse cuando tienen una cita, una entrevista o simplemente cuando salen con los amigos. Sin embargo, hay demasiados utensilios de maquillaje que utilizan, como la base, la brocha de maquillaje, el colorete, etc\u00e9tera. \u00bfC\u00f3mo guardarlos de forma ordenada? La respuesta, por supuesto, es tener un neceser de maquillaje.<\/p>\n<p>&nbsp;<\/p>\n<p>&nbsp;<\/p>\n<p>Este tipo de bolsa de maquillaje est\u00e1 dise\u00f1ado para personas que son profesionales en el maquillaje o que tienen un mont\u00f3n de herramientas de maquillaje. Como sabr\u00e1s, a muchas chicas les encanta maquillarse y les gusta que les regalen productos de maquillaje. La imagen de arriba muestra un t\u00edpico neceser de gran capacidad que puede contener 3 bases, 5 barras de labios, 5 coloretes, etc. \u00a1Qu\u00e9 gran capacidad! \u00a1Qu\u00e9 gran capacidad! Si usted tiene muchas herramientas de maquillaje y no desea almacenarlos de una manera desordenada, la compra de esta bolsa de maquillaje de gran capacidad es su mejor opci\u00f3n. Hay muchos estilos disponibles en nuestro sitio web. Siempre encontrar\u00e1 el que m\u00e1s le guste.<\/p>\n<p>&nbsp;<\/p>\n<p>&nbsp;<\/p>\n<p>Material superior: Hecho de material de cuero PU de alta calidad con estampado de m\u00e1rmol, estas bolsas de maquillaje es f\u00e1cil de rayar, duradero y resistente al agua, la cremallera de oro resistente puede mantener sus productos de belleza en su lugar.<\/p>\n<p>&nbsp;<\/p>\n<p>N\u00ba de art\u00edculo RH108<\/p>\n<p>Dimensiones: 24*15*5 cm<\/p>\n<p><img fetchpriority=\"high\" decoding=\"async\" class=\"aligncenter wp-image-6647\" src=\"https:\/\/www.sellersunionagent.com\/wp-content\/uploads\/2022\/06\/makeup-makeup-bag-6.jpg\" alt=\"\" width=\"400\" height=\"400\" \/> <img decoding=\"async\" class=\"aligncenter wp-image-6648\" src=\"https:\/\/www.sellersunionagent.com\/wp-content\/uploads\/2022\/06\/makeup-makeup-bag-5.jpg\" alt=\"\" width=\"400\" height=\"400\" \/> <img decoding=\"async\" class=\"aligncenter wp-image-6649\" src=\"https:\/\/www.sellersunionagent.com\/wp-content\/uploads\/2022\/06\/makeup-makeup-bag-4.jpg\" alt=\"\" width=\"400\" height=\"400\" \/> <img loading=\"lazy\" decoding=\"async\" class=\"aligncenter wp-image-6650\" src=\"https:\/\/www.sellersunionagent.com\/wp-content\/uploads\/2022\/06\/makeup-makeup-bag-3.jpg\" alt=\"\" width=\"400\" height=\"400\" \/><\/p>\n<p>&nbsp;<\/p>","protected":false},"excerpt":{"rendered":"<p><strong>Tipo<\/strong>: Neceser de maquillaje<\/p>\n<p><strong>Tama\u00f1o del art\u00edculo<\/strong>: 24*15*5cm<\/p>\n<p><strong>Peso del art\u00edculo<\/strong>: 130g<\/p>\n<p><strong>Colores<\/strong>:como en la foto<\/p>\n<p>&nbsp;<\/p>\n<p>Servicio de personalizaci\u00f3n<\/p>\n<p>Aceptamos requisitos OEM y ODM. Si usted tiene alguna creaci\u00f3n, por favor env\u00edenos sus consultas. Estar\u00edamos proporcionar ayuda en cualquier momento.<\/p>","protected":false},"featured_media":6652,"comment_status":"open","ping_status":"closed","template":"","meta":{"_acf_changed":false},"product_brand":[],"product_cat":[30],"product_tag":[47,78,50],"class_list":{"0":"post-6646","1":"product","2":"type-product","3":"status-publish","4":"has-post-thumbnail","6":"product_cat-makeup-bag","7":"product_tag-hot-sale","8":"product_tag-makeup-bag","9":"product_tag-wholesale","11":"first","12":"instock","13":"shipping-taxable","14":"product-type-simple","15":"swiper-slide"},"acf":[],"_links":{"self":[{"href":"https:\/\/www.sellersunionagent.com\/es\/wp-json\/wp\/v2\/product\/6646","targetHints":{"allow":["GET"]}}],"collection":[{"href":"https:\/\/www.sellersunionagent.com\/es\/wp-json\/wp\/v2\/product"}],"about":[{"href":"https:\/\/www.sellersunionagent.com\/es\/wp-json\/wp\/v2\/types\/product"}],"replies":[{"embeddable":true,"href":"https:\/\/www.sellersunionagent.com\/es\/wp-json\/wp\/v2\/comments?post=6646"}],"wp:featuredmedia":[{"embeddable":true,"href":"https:\/\/www.sellersunionagent.com\/es\/wp-json\/wp\/v2\/media\/6652"}],"wp:attachment":[{"href":"https:\/\/www.sellersunionagent.com\/es\/wp-json\/wp\/v2\/media?parent=6646"}],"wp:term":[{"taxonomy":"product_brand","embeddable":true,"href":"https:\/\/www.sellersunionagent.com\/es\/wp-json\/wp\/v2\/product_brand?post=6646"},{"taxonomy":"product_cat","embeddable":true,"href":"https:\/\/www.sellersunionagent.com\/es\/wp-json\/wp\/v2\/product_cat?post=6646"},{"taxonomy":"product_tag","embeddable":true,"href":"https:\/\/www.sellersunionagent.com\/es\/wp-json\/wp\/v2\/product_tag?post=6646"}],"curies":[{"name":"wp","href":"https:\/\/api.w.org\/{rel}","templated":true}]}}