{"id":6635,"date":"2022-06-02T04:27:44","date_gmt":"2022-06-01T20:27:44","guid":{"rendered":"https:\/\/sellersunionagent.com\/?post_type=product&#038;p=6635"},"modified":"2022-07-08T14:30:21","modified_gmt":"2022-07-08T06:30:21","slug":"los-minoristas-eligen-neceseres-de-maquillaje-para-el-verano","status":"publish","type":"product","link":"https:\/\/www.sellersunionagent.com\/es\/retailers-choice-summer-makeup-bags\/","title":{"rendered":"Elecci\u00f3n del minorista: neceseres de maquillaje para el verano"},"content":{"rendered":"<h1>Elecci\u00f3n del minorista: neceseres de maquillaje para el verano<\/h1>\n<p>Tama\u00f1o compacto: gracias al tama\u00f1o compacto de nuestro producto, los clientes pueden llevar su neceser de maquillaje a cualquier lugar y en cualquier momento.<\/p>\n<p>&nbsp;<\/p>\n<p>&nbsp;<\/p>\n<p>Dimensiones: 24*14*8cm.<\/p>\n<p>&nbsp;<\/p>\n<p>&nbsp;<\/p>\n<p>M\u00faltiples colores disponibles para tu selecci\u00f3n: hay muchos colores y todos encajan en el ambiente veraniego. Tambi\u00e9n puede alegrarte la vida cuando te sientas triste porque el color es muy din\u00e1mico.<\/p>\n<p>&nbsp;<\/p>\n<p>&nbsp;<\/p>\n<p>Dise\u00f1o de apariencia avanzada: combina la \u00faltima tendencia de la moda con la practicidad para satisfacer cualquiera de sus im\u00e1genes de una bolsa de maquillaje.<\/p>\n<p>&nbsp;<\/p>\n<p><img fetchpriority=\"high\" decoding=\"async\" class=\"aligncenter wp-image-6642\" src=\"https:\/\/www.sellersunionagent.com\/wp-content\/uploads\/2022\/06\/summer-makeup-bags-15.jpg\" alt=\"\" width=\"600\" height=\"600\" \/><\/p>\n<p><img decoding=\"async\" class=\"aligncenter wp-image-6643\" src=\"https:\/\/www.sellersunionagent.com\/wp-content\/uploads\/2022\/06\/summer-makeup-bags-14.jpg\" alt=\"\" width=\"600\" height=\"600\" \/><\/p>\n<p><img decoding=\"async\" class=\"aligncenter wp-image-6644\" src=\"https:\/\/www.sellersunionagent.com\/wp-content\/uploads\/2022\/06\/summer-makeup-bags-13.jpg\" alt=\"\" width=\"600\" height=\"600\" \/><\/p>\n<p><img loading=\"lazy\" decoding=\"async\" class=\"aligncenter wp-image-6645\" src=\"https:\/\/www.sellersunionagent.com\/wp-content\/uploads\/2022\/06\/summer-makeup-bags-12.jpg\" alt=\"\" width=\"600\" height=\"600\" \/><\/p>","protected":false},"excerpt":{"rendered":"<p><strong>Tipo:<\/strong> Bolsa de maquillaje<\/p>\n<p><strong>Tama\u00f1o del art\u00edculo:<\/strong> 24*14*8cm<\/p>\n<p><strong>Peso del art\u00edculo<\/strong>: 103g<\/p>\n<p><strong>Colores<\/strong>: Rosa\/Amarillo\/Azul\/Rojo\/Verde<\/p>\n<p>&nbsp;<\/p>\n<p>Servicio de personalizaci\u00f3n<\/p>\n<p>Aceptamos requisitos OEM y ODM. Si usted tiene alguna creaci\u00f3n, por favor env\u00edenos sus consultas. Estar\u00edamos proporcionar ayuda en cualquier momento.<\/p>","protected":false},"featured_media":6776,"comment_status":"open","ping_status":"closed","template":"","meta":{"_acf_changed":false},"product_brand":[],"product_cat":[30],"product_tag":[70,47,78],"class_list":{"0":"post-6635","1":"product","2":"type-product","3":"status-publish","4":"has-post-thumbnail","6":"product_cat-makeup-bag","7":"product_tag-home-storage","8":"product_tag-hot-sale","9":"product_tag-makeup-bag","11":"first","12":"instock","13":"shipping-taxable","14":"product-type-simple","15":"swiper-slide"},"acf":[],"_links":{"self":[{"href":"https:\/\/www.sellersunionagent.com\/es\/wp-json\/wp\/v2\/product\/6635","targetHints":{"allow":["GET"]}}],"collection":[{"href":"https:\/\/www.sellersunionagent.com\/es\/wp-json\/wp\/v2\/product"}],"about":[{"href":"https:\/\/www.sellersunionagent.com\/es\/wp-json\/wp\/v2\/types\/product"}],"replies":[{"embeddable":true,"href":"https:\/\/www.sellersunionagent.com\/es\/wp-json\/wp\/v2\/comments?post=6635"}],"wp:featuredmedia":[{"embeddable":true,"href":"https:\/\/www.sellersunionagent.com\/es\/wp-json\/wp\/v2\/media\/6776"}],"wp:attachment":[{"href":"https:\/\/www.sellersunionagent.com\/es\/wp-json\/wp\/v2\/media?parent=6635"}],"wp:term":[{"taxonomy":"product_brand","embeddable":true,"href":"https:\/\/www.sellersunionagent.com\/es\/wp-json\/wp\/v2\/product_brand?post=6635"},{"taxonomy":"product_cat","embeddable":true,"href":"https:\/\/www.sellersunionagent.com\/es\/wp-json\/wp\/v2\/product_cat?post=6635"},{"taxonomy":"product_tag","embeddable":true,"href":"https:\/\/www.sellersunionagent.com\/es\/wp-json\/wp\/v2\/product_tag?post=6635"}],"curies":[{"name":"wp","href":"https:\/\/api.w.org\/{rel}","templated":true}]}}