{"id":6626,"date":"2022-06-02T04:12:54","date_gmt":"2022-06-01T20:12:54","guid":{"rendered":"https:\/\/sellersunionagent.com\/?post_type=product&#038;p=6626"},"modified":"2022-08-31T14:22:25","modified_gmt":"2022-08-31T06:22:25","slug":"pedido-a-granel-organizacion-del-hogar-bolsas-de-lavanderia","status":"publish","type":"product","link":"https:\/\/www.sellersunionagent.com\/es\/bulk-order-home-organization-laundry-bags\/","title":{"rendered":"Pedidos a Granel Organizaci\u00f3n del Hogar: Bolsas para la ropa"},"content":{"rendered":"<h1>Pedidos a Granel Organizaci\u00f3n del Hogar: Bolsas para la ropa<\/h1>\n<p>Gran capacidad: puede almacenar f\u00e1cilmente m\u00e1s de 10 prendas para lavar al mismo tiempo;<\/p>\n<p>&nbsp;<\/p>\n<p>&nbsp;<\/p>\n<p>Peso ligero: s\u00f3lo 350 gramos por cada producto. Se puede llevar muy f\u00e1cil;<\/p>\n<p>&nbsp;<\/p>\n<p>&nbsp;<\/p>\n<p>Dise\u00f1o de cord\u00f3n: bloquea el polvo y la suciedad de la ropa;<\/p>\n<p>&nbsp;<\/p>\n<p>&nbsp;<\/p>\n<p>Dise\u00f1o impermeable: hemos utilizado materiales impermeables para evitar que la ropa se moje con el agua;<\/p>\n<p>&nbsp;<\/p>\n<p>&nbsp;<\/p>\n<p>Disponible con dos asas: para que pueda llevar el producto a cualquier parte de su casa.<\/p>\n<p>&nbsp;<\/p>\n<p>&nbsp;<\/p>\n<p><img fetchpriority=\"high\" decoding=\"async\" class=\"aligncenter wp-image-6633\" src=\"https:\/\/www.sellersunionagent.com\/wp-content\/uploads\/2022\/06\/laundry-bags-1.jpg\" alt=\"\" width=\"600\" height=\"599\" \/><\/p>\n<p><img decoding=\"async\" class=\"aligncenter wp-image-6632\" src=\"https:\/\/www.sellersunionagent.com\/wp-content\/uploads\/2022\/06\/laundry-bags-2.jpg\" alt=\"\" width=\"600\" height=\"600\" \/><\/p>\n<p><img decoding=\"async\" class=\"aligncenter wp-image-6634\" src=\"https:\/\/www.sellersunionagent.com\/wp-content\/uploads\/2022\/06\/laundry-bags.jpg\" alt=\"\" width=\"600\" height=\"600\" \/><\/p>","protected":false},"excerpt":{"rendered":"<p><strong>Tipo<\/strong>: Almacenamiento en casa<\/p>\n<p><strong>Tama\u00f1o del art\u00edculo<\/strong>: 35*38*50cm<\/p>\n<p><strong>Peso del art\u00edculo<\/strong>\uff1a 350g<\/p>\n<p><strong>Colores<\/strong>: Negro\/Gris\/Rosa\/AzulPeso del art\u00edculo: 350 g<\/p>\n<p>&nbsp;<\/p>\n<p>Servicio de personalizaci\u00f3n<\/p>\n<p>Aceptamos requisitos OEM y ODM. Si usted tiene alguna creaci\u00f3n, por favor env\u00edenos sus consultas. Estar\u00edamos proporcionar ayuda en cualquier momento.<\/p>","protected":false},"featured_media":6744,"comment_status":"open","ping_status":"closed","template":"","meta":{"_acf_changed":false},"product_brand":[],"product_cat":[31,189],"product_tag":[70,47,76],"class_list":{"0":"post-6626","1":"product","2":"type-product","3":"status-publish","4":"has-post-thumbnail","6":"product_cat-home-storage","7":"product_cat-bathroom","8":"product_tag-home-storage","9":"product_tag-hot-sale","10":"product_tag-laundry-bag","12":"first","13":"instock","14":"shipping-taxable","15":"product-type-simple","16":"swiper-slide"},"acf":[],"_links":{"self":[{"href":"https:\/\/www.sellersunionagent.com\/es\/wp-json\/wp\/v2\/product\/6626","targetHints":{"allow":["GET"]}}],"collection":[{"href":"https:\/\/www.sellersunionagent.com\/es\/wp-json\/wp\/v2\/product"}],"about":[{"href":"https:\/\/www.sellersunionagent.com\/es\/wp-json\/wp\/v2\/types\/product"}],"replies":[{"embeddable":true,"href":"https:\/\/www.sellersunionagent.com\/es\/wp-json\/wp\/v2\/comments?post=6626"}],"wp:featuredmedia":[{"embeddable":true,"href":"https:\/\/www.sellersunionagent.com\/es\/wp-json\/wp\/v2\/media\/6744"}],"wp:attachment":[{"href":"https:\/\/www.sellersunionagent.com\/es\/wp-json\/wp\/v2\/media?parent=6626"}],"wp:term":[{"taxonomy":"product_brand","embeddable":true,"href":"https:\/\/www.sellersunionagent.com\/es\/wp-json\/wp\/v2\/product_brand?post=6626"},{"taxonomy":"product_cat","embeddable":true,"href":"https:\/\/www.sellersunionagent.com\/es\/wp-json\/wp\/v2\/product_cat?post=6626"},{"taxonomy":"product_tag","embeddable":true,"href":"https:\/\/www.sellersunionagent.com\/es\/wp-json\/wp\/v2\/product_tag?post=6626"}],"curies":[{"name":"wp","href":"https:\/\/api.w.org\/{rel}","templated":true}]}}