{"id":6614,"date":"2022-06-02T04:01:23","date_gmt":"2022-06-01T20:01:23","guid":{"rendered":"https:\/\/sellersunionagent.com\/?post_type=product&#038;p=6614"},"modified":"2022-08-31T14:22:34","modified_gmt":"2022-08-31T06:22:34","slug":"gran-capacidad-distribuidor-ropa-interior-casa-bolsa-de-almacenamiento","status":"publish","type":"product","link":"https:\/\/www.sellersunionagent.com\/es\/large-capacity-distributor-underwear-home-storage-bag\/","title":{"rendered":"Gran capacidad: distribuidor de ropa interior bolsa de almacenamiento para el hogar"},"content":{"rendered":"<h1>Gran capacidad: distribuidor de ropa interior bolsa de almacenamiento en el hogar<\/h1>\n<p>Incre\u00edble gran capacidad: puede almacenar m\u00e1s de 12 sujetadores y 24 prendas interiores al mismo tiempo.<\/p>\n<p>&nbsp;<\/p>\n<p>&nbsp;<\/p>\n<p>Diversidad de sujetador y ropa interior: puede caber en muchos diferentes estilos y tama\u00f1os de los sujetadores y la ropa interior en nuestra bolsa de almacenamiento en el hogar.<\/p>\n<p>&nbsp;<\/p>\n<p>&nbsp;<\/p>\n<p>Plazo de entrega r\u00e1pido: de 3 a 7 d\u00edas para muestras y de 5 a 10 d\u00edas para pedidos al por mayor, dependiendo de las cantidades.<\/p>\n<p>&nbsp;<\/p>\n<p>&nbsp;<\/p>\n<p>Dimensiones:  48 cm *80 cm.<\/p>\n<p>&nbsp;<\/p>\n<p>&nbsp;<\/p>\n<p><img fetchpriority=\"high\" decoding=\"async\" class=\"aligncenter wp-image-6620\" src=\"https:\/\/www.sellersunionagent.com\/wp-content\/uploads\/2022\/06\/underwear-home-storage-bag-7.jpg\" alt=\"\" width=\"600\" height=\"600\" \/><\/p>\n<p><img decoding=\"async\" class=\"aligncenter wp-image-6619\" src=\"https:\/\/www.sellersunionagent.com\/wp-content\/uploads\/2022\/06\/underwear-home-storage-bag-8.jpg\" alt=\"\" width=\"600\" height=\"600\" \/><\/p>\n<p><img decoding=\"async\" class=\"aligncenter wp-image-6618\" src=\"https:\/\/www.sellersunionagent.com\/wp-content\/uploads\/2022\/06\/underwear-home-storage-bag-9.jpg\" alt=\"\" width=\"600\" height=\"600\" \/><\/p>\n<p><img loading=\"lazy\" decoding=\"async\" class=\"aligncenter wp-image-6617\" src=\"https:\/\/www.sellersunionagent.com\/wp-content\/uploads\/2022\/06\/underwear-home-storage-bag-10.jpg\" alt=\"\" width=\"600\" height=\"600\" \/><\/p>\n<p>&nbsp;<\/p>","protected":false},"excerpt":{"rendered":"<p><strong>Tipo<\/strong>: Almacenamiento en casa<\/p>\n<p><strong>Tama\u00f1o del art\u00edculo<\/strong>: 40*78cm<\/p>\n<p><strong>Peso del art\u00edculo<\/strong>: 350g<\/p>\n<p><strong>Colores<\/strong>: Rosa\/Gris<\/p>\n<p>&nbsp;<\/p>\n<p>Servicio de personalizaci\u00f3n<\/p>\n<p>Aceptamos requisitos OEM y ODM. Si usted tiene alguna creaci\u00f3n, por favor env\u00edenos sus consultas. Estar\u00edamos proporcionar ayuda en cualquier momento.<\/p>","protected":false},"featured_media":6732,"comment_status":"open","ping_status":"closed","template":"","meta":{"_acf_changed":false},"product_brand":[],"product_cat":[31,187],"product_tag":[70,47],"class_list":{"0":"post-6614","1":"product","2":"type-product","3":"status-publish","4":"has-post-thumbnail","6":"product_cat-home-storage","7":"product_cat-bedroom","8":"product_tag-home-storage","9":"product_tag-hot-sale","11":"first","12":"instock","13":"shipping-taxable","14":"product-type-simple","15":"swiper-slide"},"acf":[],"_links":{"self":[{"href":"https:\/\/www.sellersunionagent.com\/es\/wp-json\/wp\/v2\/product\/6614","targetHints":{"allow":["GET"]}}],"collection":[{"href":"https:\/\/www.sellersunionagent.com\/es\/wp-json\/wp\/v2\/product"}],"about":[{"href":"https:\/\/www.sellersunionagent.com\/es\/wp-json\/wp\/v2\/types\/product"}],"replies":[{"embeddable":true,"href":"https:\/\/www.sellersunionagent.com\/es\/wp-json\/wp\/v2\/comments?post=6614"}],"wp:featuredmedia":[{"embeddable":true,"href":"https:\/\/www.sellersunionagent.com\/es\/wp-json\/wp\/v2\/media\/6732"}],"wp:attachment":[{"href":"https:\/\/www.sellersunionagent.com\/es\/wp-json\/wp\/v2\/media?parent=6614"}],"wp:term":[{"taxonomy":"product_brand","embeddable":true,"href":"https:\/\/www.sellersunionagent.com\/es\/wp-json\/wp\/v2\/product_brand?post=6614"},{"taxonomy":"product_cat","embeddable":true,"href":"https:\/\/www.sellersunionagent.com\/es\/wp-json\/wp\/v2\/product_cat?post=6614"},{"taxonomy":"product_tag","embeddable":true,"href":"https:\/\/www.sellersunionagent.com\/es\/wp-json\/wp\/v2\/product_tag?post=6614"}],"curies":[{"name":"wp","href":"https:\/\/api.w.org\/{rel}","templated":true}]}}