{"id":6604,"date":"2022-06-02T03:48:03","date_gmt":"2022-06-01T19:48:03","guid":{"rendered":"https:\/\/sellersunionagent.com\/?post_type=product&#038;p=6604"},"modified":"2022-08-31T14:22:42","modified_gmt":"2022-08-31T06:22:42","slug":"bolsa-de-lavanderia-con-descuento-para-pedidos-al-por-mayor","status":"publish","type":"product","link":"https:\/\/www.sellersunionagent.com\/es\/bulk-order-discount-laundry-bag\/","title":{"rendered":"Descuento por pedido al por mayor-Laundry Bag"},"content":{"rendered":"<h1>Descuento por pedido al por mayor-Laundry Bag<\/h1>\n<p>Asa visible para llevar: Hay dos asas disponibles en el tama\u00f1o de la izquierda y el lado derecho del producto para que pueda llevar la bolsa de lavander\u00eda muy f\u00e1cil;<\/p>\n<p>&nbsp;<\/p>\n<p>&nbsp;<\/p>\n<p>Peso ligero: El peso de la bolsa de lavander\u00eda de uso dom\u00e9stico es muy ligero, no pesado. Por lo tanto, se puede mover f\u00e1cilmente;<\/p>\n<p>&nbsp;<\/p>\n<p>&nbsp;<\/p>\n<p>Aspecto moderno: puedes elegir entre seis colores y estilos. Elige el que m\u00e1s te guste.<\/p>\n<p>&nbsp;<\/p>\n<p>&nbsp;<\/p>\n<p>Tama\u00f1o grande: La capacidad extra grande es lo suficientemente grande como para que pueda contener la carga media de lavado.<\/p>\n<p>&nbsp;<\/p>\n<p>&nbsp;<\/p>\n<p>Material de alta calidad - Hecho por el lino de alta calidad como materias primas; FlaxFabric lavable<\/p>\n<p>&nbsp;<\/p>\n<p>&nbsp;<\/p>\n<p><img fetchpriority=\"high\" decoding=\"async\" class=\"aligncenter wp-image-6607\" src=\"https:\/\/www.sellersunionagent.com\/wp-content\/uploads\/2022\/06\/discount-laundry-bag-6.jpg\" alt=\"\" width=\"600\" height=\"600\" \/><\/p>\n<p><img decoding=\"async\" class=\"aligncenter wp-image-6608\" src=\"https:\/\/www.sellersunionagent.com\/wp-content\/uploads\/2022\/06\/discount-laundry-bag-5.jpg\" alt=\"\" width=\"600\" height=\"600\" \/><\/p>\n<p><img decoding=\"async\" class=\"aligncenter wp-image-6606\" src=\"https:\/\/www.sellersunionagent.com\/wp-content\/uploads\/2022\/06\/discount-laundry-bag-7.jpg\" alt=\"\" width=\"600\" height=\"614\" \/><\/p>\n<p><img loading=\"lazy\" decoding=\"async\" class=\"aligncenter wp-image-6605\" src=\"https:\/\/www.sellersunionagent.com\/wp-content\/uploads\/2022\/06\/discount-laundry-bag-8.jpg\" alt=\"\" width=\"600\" height=\"657\" \/><\/p>\n<p><img loading=\"lazy\" decoding=\"async\" class=\"aligncenter wp-image-6609\" src=\"https:\/\/www.sellersunionagent.com\/wp-content\/uploads\/2022\/06\/discount-laundry-bag-4.jpg\" alt=\"\" width=\"600\" height=\"488\" \/><\/p>","protected":false},"excerpt":{"rendered":"<p><strong>Tipo<\/strong>: Almacenamiento en casa<\/p>\n<p><strong>Tama\u00f1o del art\u00edculo<\/strong>:  35*45cm<\/p>\n<p><strong>Peso del art\u00edculo<\/strong>: 400g<\/p>\n<p><strong>Colores<\/strong>: Negro\/Verde\/Azul<\/p>\n<p>&nbsp;<\/p>\n<p>Servicio de personalizaci\u00f3n<\/p>\n<p>Aceptamos requisitos OEM y ODM. Si usted tiene alguna creaci\u00f3n, por favor env\u00edenos sus consultas. Estar\u00edamos proporcionar ayuda en cualquier momento.<\/p>","protected":false},"featured_media":6613,"comment_status":"open","ping_status":"closed","template":"","meta":{"_acf_changed":false},"product_brand":[],"product_cat":[31,186],"product_tag":[70,47,76],"class_list":{"0":"post-6604","1":"product","2":"type-product","3":"status-publish","4":"has-post-thumbnail","6":"product_cat-home-storage","7":"product_cat-living-room","8":"product_tag-home-storage","9":"product_tag-hot-sale","10":"product_tag-laundry-bag","12":"first","13":"instock","14":"shipping-taxable","15":"product-type-simple","16":"swiper-slide"},"acf":[],"_links":{"self":[{"href":"https:\/\/www.sellersunionagent.com\/es\/wp-json\/wp\/v2\/product\/6604","targetHints":{"allow":["GET"]}}],"collection":[{"href":"https:\/\/www.sellersunionagent.com\/es\/wp-json\/wp\/v2\/product"}],"about":[{"href":"https:\/\/www.sellersunionagent.com\/es\/wp-json\/wp\/v2\/types\/product"}],"replies":[{"embeddable":true,"href":"https:\/\/www.sellersunionagent.com\/es\/wp-json\/wp\/v2\/comments?post=6604"}],"wp:featuredmedia":[{"embeddable":true,"href":"https:\/\/www.sellersunionagent.com\/es\/wp-json\/wp\/v2\/media\/6613"}],"wp:attachment":[{"href":"https:\/\/www.sellersunionagent.com\/es\/wp-json\/wp\/v2\/media?parent=6604"}],"wp:term":[{"taxonomy":"product_brand","embeddable":true,"href":"https:\/\/www.sellersunionagent.com\/es\/wp-json\/wp\/v2\/product_brand?post=6604"},{"taxonomy":"product_cat","embeddable":true,"href":"https:\/\/www.sellersunionagent.com\/es\/wp-json\/wp\/v2\/product_cat?post=6604"},{"taxonomy":"product_tag","embeddable":true,"href":"https:\/\/www.sellersunionagent.com\/es\/wp-json\/wp\/v2\/product_tag?post=6604"}],"curies":[{"name":"wp","href":"https:\/\/api.w.org\/{rel}","templated":true}]}}