{"id":6594,"date":"2022-06-02T03:33:04","date_gmt":"2022-06-01T19:33:04","guid":{"rendered":"https:\/\/sellersunionagent.com\/?post_type=product&#038;p=6594"},"modified":"2022-08-31T14:22:52","modified_gmt":"2022-08-31T06:22:52","slug":"mayorista-seleccion-lino-uso-domestico-bolsa-lavanderia","status":"publish","type":"product","link":"https:\/\/www.sellersunionagent.com\/es\/wholesaler-selection-flax-home-usage-laundry-bag\/","title":{"rendered":"Selecci\u00f3n Mayorista: Cesto de ropa sucia de lino para uso dom\u00e9stico"},"content":{"rendered":"<h1>Selecci\u00f3n Mayorista: Cesto de ropa sucia de lino para uso dom\u00e9stico<\/h1>\n<p><strong>Tipo<\/strong>: Organizaci\u00f3n dom\u00e9stica<\/p>\n<p><strong>Tama\u00f1o del art\u00edculo<\/strong>: 34*25*38cm<\/p>\n<p><strong>Peso del art\u00edculo<\/strong>: 410g<\/p>\n<p><strong>Colores<\/strong>: Negro\/Azul\/Marr\u00f3n<\/p>\n<p>&nbsp;<\/p>\n<p>&nbsp;<\/p>\n<p>\u00bfD\u00f3nde has puesto la ropa vieja y sucia al terminar la ducha? \u00bfEn la tapa del inodoro o en cualquier lugar de tu cuarto de ba\u00f1o y dormitorio? Si es as\u00ed, creo que deber\u00edas tener una bolsa para la ropa sucia que te ayude a ordenarla. Si usted tiene una bolsa de lavander\u00eda, s\u00f3lo puede dejar su ropa sucia a la bolsa de lavander\u00eda y la ropa sucia no se desorden\u00f3 en cualquier lugar de su dormitorio o cuarto de ba\u00f1o. Cuando usted decide hacer una colada, s\u00f3lo tiene que llevar la bolsa de lavander\u00eda a la lavadora. Es capaz de ahorrar mucho de su tiempo y le ayudar\u00e1 a construir un estilo de vida positivo. Si no la necesita, puede doblarla para ahorrar espacio.<\/p>\n<p>&nbsp;<\/p>\n<p>&nbsp;<\/p>\n<h2>F\u00e1cil de plegar:<\/h2>\n<p>Porque est\u00e1 hecho de lino, por lo que es suave y f\u00e1cil de plegar. La ventaja es que se puede guardar en casa sin ocupar mucho espacio. Cuando no la necesites, puedes guardarla f\u00e1cilmente. Puede estirarla cuando necesite volver a utilizarla.<\/p>\n<p>&nbsp;<\/p>\n<p>&nbsp;<\/p>\n<h2>Material de primera calidad:<\/h2>\n<p>Cuando nos planteamos qu\u00e9 tela utilizar, recurrimos al lino. El lino es un poco duro y muy duradero, pero suave en cierto modo. La bolsa de lino para la colada ser\u00eda la primera opci\u00f3n para quienes necesitan guardar la ropa que van a lavar.<\/p>\n<p>&nbsp;<\/p>\n<p>&nbsp;<\/p>\n<p><img fetchpriority=\"high\" decoding=\"async\" class=\"aligncenter wp-image-6603\" src=\"https:\/\/www.sellersunionagent.com\/wp-content\/uploads\/2022\/06\/flax-home-usage-laundry-hamper.jpg\" alt=\"\" width=\"600\" height=\"533\" \/><\/p>\n<p><img decoding=\"async\" class=\"aligncenter wp-image-6602\" src=\"https:\/\/www.sellersunionagent.com\/wp-content\/uploads\/2022\/06\/flax-home-usage-laundry-hamper-1.jpg\" alt=\"\" width=\"600\" height=\"657\" \/><\/p>\n<p><img decoding=\"async\" class=\"aligncenter wp-image-6597\" src=\"https:\/\/www.sellersunionagent.com\/wp-content\/uploads\/2022\/06\/flax-home-usage-laundry-hamper-5.jpg\" alt=\"\" width=\"600\" height=\"600\" \/><\/p>\n<p><img loading=\"lazy\" decoding=\"async\" class=\"aligncenter wp-image-6596\" src=\"https:\/\/www.sellersunionagent.com\/wp-content\/uploads\/2022\/06\/flax-home-usage-laundry-hamper-6.jpg\" alt=\"\" width=\"600\" height=\"600\" \/><\/p>","protected":false},"excerpt":{"rendered":"<p><strong>MOQ: <\/strong>500 (flexible)<br \/>\n<strong>Muestra gratis:<\/strong> Soporte<br \/>\n<strong>Personalizaci\u00f3n:<\/strong> logotipo \/ color \/ materiales \/ embalaje, etc.<br \/>\n<strong>Descuento:<\/strong> Primeros pedidos desde 10% de descuento.<br \/>\n<strong>Tasa de entrega puntual:<\/strong> 100%<br \/>\n<strong>Total de env\u00edos:<\/strong> 100000PCS<br \/>\n<strong>Env\u00edo:<\/strong> Apoyo Express-Mercanc\u00edas mar\u00edtimas-Mercanc\u00edas terrestres<\/p>\n<p>&nbsp;<\/p>\n<p>&nbsp;<\/p>\n<p>Servicio de personalizaci\u00f3n<\/p>\n<p>Aceptamos requisitos OEM y ODM. Si usted tiene alguna creaci\u00f3n, por favor env\u00edenos sus consultas. Estar\u00edamos proporcionar ayuda en cualquier momento.<\/p>","protected":false},"featured_media":6598,"comment_status":"open","ping_status":"closed","template":"","meta":{"_acf_changed":false},"product_brand":[],"product_cat":[31,186],"product_tag":[70,174,47,75],"class_list":{"0":"post-6594","1":"product","2":"type-product","3":"status-publish","4":"has-post-thumbnail","6":"product_cat-home-storage","7":"product_cat-living-room","8":"product_tag-home-storage","9":"product_tag-home-storage-hot","10":"product_tag-hot-sale","11":"product_tag-new-product","13":"first","14":"instock","15":"shipping-taxable","16":"product-type-simple","17":"swiper-slide"},"acf":[],"_links":{"self":[{"href":"https:\/\/www.sellersunionagent.com\/es\/wp-json\/wp\/v2\/product\/6594","targetHints":{"allow":["GET"]}}],"collection":[{"href":"https:\/\/www.sellersunionagent.com\/es\/wp-json\/wp\/v2\/product"}],"about":[{"href":"https:\/\/www.sellersunionagent.com\/es\/wp-json\/wp\/v2\/types\/product"}],"replies":[{"embeddable":true,"href":"https:\/\/www.sellersunionagent.com\/es\/wp-json\/wp\/v2\/comments?post=6594"}],"wp:featuredmedia":[{"embeddable":true,"href":"https:\/\/www.sellersunionagent.com\/es\/wp-json\/wp\/v2\/media\/6598"}],"wp:attachment":[{"href":"https:\/\/www.sellersunionagent.com\/es\/wp-json\/wp\/v2\/media?parent=6594"}],"wp:term":[{"taxonomy":"product_brand","embeddable":true,"href":"https:\/\/www.sellersunionagent.com\/es\/wp-json\/wp\/v2\/product_brand?post=6594"},{"taxonomy":"product_cat","embeddable":true,"href":"https:\/\/www.sellersunionagent.com\/es\/wp-json\/wp\/v2\/product_cat?post=6594"},{"taxonomy":"product_tag","embeddable":true,"href":"https:\/\/www.sellersunionagent.com\/es\/wp-json\/wp\/v2\/product_tag?post=6594"}],"curies":[{"name":"wp","href":"https:\/\/api.w.org\/{rel}","templated":true}]}}