{"id":6580,"date":"2022-06-01T22:01:32","date_gmt":"2022-06-01T14:01:32","guid":{"rendered":"https:\/\/sellersunionagent.com\/?post_type=product&#038;p=6580"},"modified":"2022-08-31T14:22:59","modified_gmt":"2022-08-31T06:22:59","slug":"venta-al-por-mayor-gran-capacidad-ropa-bolsa-de-almacenamiento-para-el-almacenamiento-en-el-hogar","status":"publish","type":"product","link":"https:\/\/www.sellersunionagent.com\/es\/wholesale-large-capacity-clothes-storage-bag-for-home-storage\/","title":{"rendered":"Mayorista Bolsa de gran capacidad para guardar ropa en casa"},"content":{"rendered":"<h2>Bolsa plegable de gran capacidad para guardar ropa Bolsas para guardar edredones para el hogar<\/h2>\n<p>&nbsp;<\/p>\n<p>&nbsp;<\/p>\n<ul>\n<li>Independiente: Basta con estirar el cesto de la ropa para que se levante y se mantenga erguido por s\u00ed solo sin necesidad de instalaci\u00f3n.<\/li>\n<\/ul>\n<p>&nbsp;<\/p>\n<p>&nbsp;<\/p>\n<ul>\n<li>Tama\u00f1o: 32*25*50CM aprox,por favor compruebe el tama\u00f1o cuidadosamente antes de la compra.<\/li>\n<\/ul>\n<p>&nbsp;<\/p>\n<p>&nbsp;<\/p>\n<ul>\n<li>Dise\u00f1o plegable: Cesta de lavander\u00eda se puede plegar f\u00e1cilmente para ahorrar espacio cuando no est\u00e9 en uso, ideal para dormitorios universitarios, campistas, apartamentos, uso del hotel, guarder\u00edas y cuarto de servicio.<\/li>\n<\/ul>\n<p>&nbsp;<\/p>\n<p>&nbsp;<\/p>\n<ul>\n<li>No utilice la lavadora para limpiar la cesta de almacenamiento, da\u00f1ar\u00e1 el revestimiento de PE.<\/li>\n<\/ul>\n<p>&nbsp;<\/p>\n<p><img fetchpriority=\"high\" decoding=\"async\" class=\"aligncenter wp-image-6584\" src=\"https:\/\/www.sellersunionagent.com\/wp-content\/uploads\/2022\/06\/clothes-storage-bag-4.jpg\" alt=\"\" width=\"600\" height=\"800\" \/> <img decoding=\"async\" class=\"aligncenter wp-image-6585\" src=\"https:\/\/www.sellersunionagent.com\/wp-content\/uploads\/2022\/06\/clothes-storage-bag-3.jpg\" alt=\"\" width=\"600\" height=\"767\" \/><img decoding=\"async\" class=\"aligncenter wp-image-9048\" src=\"https:\/\/www.sellersunionagent.com\/wp-content\/uploads\/2022\/06\/\u8be6\u60c5-07-7.jpg\" alt=\"distribuidor\" width=\"600\" height=\"624\" \/><\/p>\n<p>&nbsp;<\/p>\n<p>&nbsp;<\/p>","protected":false},"excerpt":{"rendered":"<p><strong>Tipo:<\/strong> Bolsa de lavado Art\u00edculo<br \/>\n<strong>Tama\u00f1o: <\/strong>32*25*50CM<br \/>\n<strong>Peso:<\/strong>430g<br \/>\n<strong>Capacidad de suministro:<\/strong> 50000 Piezas\/Pieza por Mes<br \/>\n<strong>MOQ:<\/strong> 500 piezas<\/p>","protected":false},"featured_media":6583,"comment_status":"open","ping_status":"closed","template":"","meta":{"_acf_changed":false},"product_brand":[],"product_cat":[31,186],"product_tag":[74,70,50],"class_list":{"0":"post-6580","1":"product","2":"type-product","3":"status-publish","4":"has-post-thumbnail","6":"product_cat-home-storage","7":"product_cat-living-room","8":"product_tag-clothes-storage","9":"product_tag-home-storage","10":"product_tag-wholesale","12":"first","13":"instock","14":"shipping-taxable","15":"product-type-simple","16":"swiper-slide"},"acf":[],"_links":{"self":[{"href":"https:\/\/www.sellersunionagent.com\/es\/wp-json\/wp\/v2\/product\/6580","targetHints":{"allow":["GET"]}}],"collection":[{"href":"https:\/\/www.sellersunionagent.com\/es\/wp-json\/wp\/v2\/product"}],"about":[{"href":"https:\/\/www.sellersunionagent.com\/es\/wp-json\/wp\/v2\/types\/product"}],"replies":[{"embeddable":true,"href":"https:\/\/www.sellersunionagent.com\/es\/wp-json\/wp\/v2\/comments?post=6580"}],"wp:featuredmedia":[{"embeddable":true,"href":"https:\/\/www.sellersunionagent.com\/es\/wp-json\/wp\/v2\/media\/6583"}],"wp:attachment":[{"href":"https:\/\/www.sellersunionagent.com\/es\/wp-json\/wp\/v2\/media?parent=6580"}],"wp:term":[{"taxonomy":"product_brand","embeddable":true,"href":"https:\/\/www.sellersunionagent.com\/es\/wp-json\/wp\/v2\/product_brand?post=6580"},{"taxonomy":"product_cat","embeddable":true,"href":"https:\/\/www.sellersunionagent.com\/es\/wp-json\/wp\/v2\/product_cat?post=6580"},{"taxonomy":"product_tag","embeddable":true,"href":"https:\/\/www.sellersunionagent.com\/es\/wp-json\/wp\/v2\/product_tag?post=6580"}],"curies":[{"name":"wp","href":"https:\/\/api.w.org\/{rel}","templated":true}]}}