{"id":6568,"date":"2022-06-01T21:50:13","date_gmt":"2022-06-01T13:50:13","guid":{"rendered":"https:\/\/sellersunionagent.com\/?post_type=product&#038;p=6568"},"modified":"2022-08-31T14:23:07","modified_gmt":"2022-08-31T06:23:07","slug":"los-mejores-contenedores-de-almacenamiento-domestico-para-organizar-tu-espacio","status":"publish","type":"product","link":"https:\/\/www.sellersunionagent.com\/es\/the-best-home-storage-containers-to-organize-your-space\/","title":{"rendered":"Los mejores contenedores de almacenamiento dom\u00e9stico para organizar tu espacio"},"content":{"rendered":"<h2>Mayorista de cestas de almacenaje duraderas y ecol\u00f3gicas para el hogar<\/h2>\n<p>&nbsp;<\/p>\n<p>&nbsp;<\/p>\n<ul>\n<li>Adecuado para todos los armarios: Est\u00e1 convenientemente dise\u00f1ado para adaptarse a todo tipo de espacio en el armario. Guarda ropa, mantas, peluches, libros, fotos y todo lo que se te ocurra.<\/li>\n<\/ul>\n<p>&nbsp;<\/p>\n<p>&nbsp;<\/p>\n<ul>\n<li>F\u00e1cil de transportar: El dise\u00f1o compacto de la bolsa de almacenamiento le permite transportarla f\u00e1cilmente entre estantes altos o bajos. Y cuando las necesite, simplemente saque las bolsas de almacenamiento de ropa del armario.<\/li>\n<\/ul>\n<p>&nbsp;<\/p>\n<p>&nbsp;<\/p>\n<ul>\n<li>Material de primera calidad: Es lo suficientemente duradero como para soportar art\u00edculos de todas las formas y tama\u00f1os.<\/li>\n<\/ul>\n<p>&nbsp;<\/p>\n<p>&nbsp;<\/p>\n<ul>\n<li>Asa reforzada: Nuestras asas est\u00e1n cosidas y reforzadas con 3 capas adicionales de tela no tejida, que fortalece y aumenta la capacidad de carga. Ahora puede levantar objetos pesados con el m\u00ednimo esfuerzo.<\/li>\n<\/ul>\n<p>&nbsp;<\/p>\n<p>&nbsp;<\/p>\n<p><img fetchpriority=\"high\" decoding=\"async\" class=\"aligncenter wp-image-6570\" src=\"https:\/\/www.sellersunionagent.com\/wp-content\/uploads\/2022\/06\/home-storage-containers-8-300x300.jpg\" alt=\"\" width=\"500\" height=\"500\" \/> <img decoding=\"async\" class=\"aligncenter wp-image-6571\" src=\"https:\/\/www.sellersunionagent.com\/wp-content\/uploads\/2022\/06\/home-storage-containers-7-300x300.jpg\" alt=\"\" width=\"500\" height=\"500\" \/> <img decoding=\"async\" class=\"aligncenter wp-image-6572\" src=\"https:\/\/www.sellersunionagent.com\/wp-content\/uploads\/2022\/06\/home-storage-containers-6-300x300.jpg\" alt=\"\" width=\"500\" height=\"500\" \/> <img loading=\"lazy\" decoding=\"async\" class=\"aligncenter wp-image-6573\" src=\"https:\/\/www.sellersunionagent.com\/wp-content\/uploads\/2022\/06\/home-storage-containers-5-300x300.jpg\" alt=\"\" width=\"500\" height=\"500\" \/><\/p>\n<p>&nbsp;<\/p>","protected":false},"excerpt":{"rendered":"<p><strong>Tipo:<\/strong> Elemento de almacenamiento dom\u00e9stico<br \/>\n<strong>TAMA\u00d1O DEL ART\u00cdCULO\uff1a<\/strong>S 35*28*18cm\/M 40*30*25cm<br \/>\n<strong>Capacidad de suministro:<\/strong> 50000 Piezas\/Pieza por Mes<br \/>\n<strong>MOQ:<\/strong> 500 piezas<\/p>\n<p>Dos tercios de su vida transcurren en casa. La gama Heart of Home est\u00e1 disponible en una gran variedad de colores y tama\u00f1os para adaptarse a todas sus necesidades de estilo y ausencia de viento. Podr\u00e1s disfrutar m\u00e1s de tu vida a tu ritmo y pasar juntos momentos c\u00e1lidos en casa.<\/p>","protected":false},"featured_media":6578,"comment_status":"open","ping_status":"closed","template":"","meta":{"_acf_changed":false},"product_brand":[],"product_cat":[31,186],"product_tag":[73],"class_list":{"0":"post-6568","1":"product","2":"type-product","3":"status-publish","4":"has-post-thumbnail","6":"product_cat-home-storage","7":"product_cat-living-room","8":"product_tag-home-storagewholesaledurable","10":"first","11":"instock","12":"shipping-taxable","13":"product-type-simple","14":"swiper-slide"},"acf":[],"_links":{"self":[{"href":"https:\/\/www.sellersunionagent.com\/es\/wp-json\/wp\/v2\/product\/6568","targetHints":{"allow":["GET"]}}],"collection":[{"href":"https:\/\/www.sellersunionagent.com\/es\/wp-json\/wp\/v2\/product"}],"about":[{"href":"https:\/\/www.sellersunionagent.com\/es\/wp-json\/wp\/v2\/types\/product"}],"replies":[{"embeddable":true,"href":"https:\/\/www.sellersunionagent.com\/es\/wp-json\/wp\/v2\/comments?post=6568"}],"wp:featuredmedia":[{"embeddable":true,"href":"https:\/\/www.sellersunionagent.com\/es\/wp-json\/wp\/v2\/media\/6578"}],"wp:attachment":[{"href":"https:\/\/www.sellersunionagent.com\/es\/wp-json\/wp\/v2\/media?parent=6568"}],"wp:term":[{"taxonomy":"product_brand","embeddable":true,"href":"https:\/\/www.sellersunionagent.com\/es\/wp-json\/wp\/v2\/product_brand?post=6568"},{"taxonomy":"product_cat","embeddable":true,"href":"https:\/\/www.sellersunionagent.com\/es\/wp-json\/wp\/v2\/product_cat?post=6568"},{"taxonomy":"product_tag","embeddable":true,"href":"https:\/\/www.sellersunionagent.com\/es\/wp-json\/wp\/v2\/product_tag?post=6568"}],"curies":[{"name":"wp","href":"https:\/\/api.w.org\/{rel}","templated":true}]}}