{"id":6551,"date":"2022-06-01T21:30:45","date_gmt":"2022-06-01T13:30:45","guid":{"rendered":"https:\/\/sellersunionagent.com\/?post_type=product&#038;p=6551"},"modified":"2022-08-31T14:23:27","modified_gmt":"2022-08-31T06:23:27","slug":"bolsas-de-almacenamiento-de-zapatos-a-prueba-de-polvo-duradero-almacenamiento-en-el-hogar","status":"publish","type":"product","link":"https:\/\/www.sellersunionagent.com\/es\/durable-dust-proof-shoe-storage-bags-home-storage\/","title":{"rendered":"Bolsas duraderas a prueba de polvo para guardar zapatos Almacenaje en el hogar"},"content":{"rendered":"<h2>Bolsa de viaje antipolvo con capacidad para 3 pares de zapatos<\/h2>\n<p>&nbsp;<\/p>\n<p>&nbsp;<\/p>\n<ul>\n<li>PROTECCI\u00d3N - Esta bolsa para zapatos mantiene sus zapatos libres de polvo y los protege de las manchas. Atrapa el olor de los zapatos en su interior y separa las manchas de los zapatos del resto de la ropa para que el resto de la ropa est\u00e9 ordenada.Es excepcionalmente \u00fatil para uso dom\u00e9stico y Viajes.<\/li>\n<\/ul>\n<p>&nbsp;<\/p>\n<p>&nbsp;<\/p>\n<ul>\n<li>CREMALLERA YKK - Las cremalleras de calidad superior garantizan que tu calzado est\u00e9 bien protegido mientras viajas o vas al gimnasio. El dise\u00f1o de la cremallera central facilita la entrada y salida de objetos.<\/li>\n<\/ul>\n<p>&nbsp;<\/p>\n<p>&nbsp;<\/p>\n<ul>\n<li>CAPACIDAD DE EMBALAJE - En una bolsa para zapatos caben f\u00e1cilmente dos pares de sandalias o un par de botas de monta\u00f1a. Puede caber m\u00e1s o menos dependiendo del tipo y tama\u00f1o del calzado.<\/li>\n<\/ul>\n<p><img fetchpriority=\"high\" decoding=\"async\" class=\"aligncenter wp-image-9348\" src=\"https:\/\/www.sellersunionagent.com\/wp-content\/uploads\/2022\/06\/518538463835100603ec64854b7c220.jpg\" alt=\"Almacenamiento en casa\" width=\"600\" height=\"600\" \/><img decoding=\"async\" class=\"aligncenter wp-image-9338\" src=\"https:\/\/www.sellersunionagent.com\/wp-content\/uploads\/2022\/06\/3dce0363d9f01bacbc201d9cfe6e3ea.png\" alt=\"Almacenamiento en casa\" width=\"600\" height=\"600\" \/><img decoding=\"async\" class=\"aligncenter wp-image-9337\" src=\"https:\/\/www.sellersunionagent.com\/wp-content\/uploads\/2022\/06\/d8fed338397f87612e705d98a5c55b0.png\" alt=\"Almacenamiento en casa\" width=\"600\" height=\"621\" \/> <img loading=\"lazy\" decoding=\"async\" class=\"aligncenter wp-image-9341\" src=\"https:\/\/www.sellersunionagent.com\/wp-content\/uploads\/2022\/06\/fdfeb41b6297e59fea2ec104a92b0b6.png\" alt=\"Almacenamiento en casa\" width=\"600\" height=\"420\" \/><br \/>\n<img loading=\"lazy\" decoding=\"async\" class=\"aligncenter wp-image-9339\" src=\"https:\/\/www.sellersunionagent.com\/wp-content\/uploads\/2022\/06\/d3450524a934239d69943fdff46dc5d.png\" alt=\"Almacenamiento en casa\" width=\"600\" height=\"600\" \/> <img loading=\"lazy\" decoding=\"async\" class=\"aligncenter wp-image-9336\" src=\"https:\/\/www.sellersunionagent.com\/wp-content\/uploads\/2022\/06\/a4d7af0f82b2c9434b0cfafab45fc2d.png\" alt=\"Almacenamiento en casa\" width=\"600\" height=\"356\" \/> \u00a0<img loading=\"lazy\" decoding=\"async\" class=\"aligncenter wp-image-9335\" src=\"https:\/\/www.sellersunionagent.com\/wp-content\/uploads\/2022\/06\/91840d0696b97d5560258afcf50741f.png\" alt=\"Almacenamiento en casa\" width=\"600\" height=\"545\" \/> <img loading=\"lazy\" decoding=\"async\" class=\"aligncenter wp-image-9334\" src=\"https:\/\/www.sellersunionagent.com\/wp-content\/uploads\/2022\/06\/78e4854fbb9b6bfd9d309a934edd8e9.png\" alt=\"Almacenamiento en casa\" width=\"600\" height=\"368\" \/><\/p>\n<p>&nbsp;<\/p>","protected":false},"excerpt":{"rendered":"<p><strong>Tipo:<\/strong> Elemento de almacenamiento dom\u00e9stico<\/p>\n<p><strong>N\u00famero<\/strong>: RH206<\/p>\n<p><strong>Tama\u00f1o:<\/strong> 22*12*30cm<\/p>\n<p><strong>Estilo:<\/strong> secci\u00f3n vertical<\/p>\n<p><strong>Aplicaci\u00f3n:<\/strong> familia, viajes<\/p>\n<p><strong>Color:<\/strong> rojo, rosa, naranja, azul, gris, azul oscuro<\/p>\n<p><strong>Material:<\/strong> Poli\u00e9ster<\/p>\n<p><strong>Tama\u00f1o:<\/strong> medio<\/p>\n<p><strong>Forma:<\/strong> Cuadrado<\/p>\n<p><strong>Capacidad de suministro:<\/strong> 50000 Piezas\/Pieza por Mes<\/p>\n<p><strong>MOQ:<\/strong> 500 piezas<\/p>","protected":false},"featured_media":9348,"comment_status":"open","ping_status":"closed","template":"","meta":{"_acf_changed":false},"product_brand":[],"product_cat":[31,187],"product_tag":[71,70,69],"class_list":{"0":"post-6551","1":"product","2":"type-product","3":"status-publish","4":"has-post-thumbnail","6":"product_cat-home-storage","7":"product_cat-bedroom","8":"product_tag-durable","9":"product_tag-home-storage","10":"product_tag-shoe-storage-bags","12":"first","13":"instock","14":"shipping-taxable","15":"product-type-simple","16":"swiper-slide"},"acf":[],"_links":{"self":[{"href":"https:\/\/www.sellersunionagent.com\/es\/wp-json\/wp\/v2\/product\/6551","targetHints":{"allow":["GET"]}}],"collection":[{"href":"https:\/\/www.sellersunionagent.com\/es\/wp-json\/wp\/v2\/product"}],"about":[{"href":"https:\/\/www.sellersunionagent.com\/es\/wp-json\/wp\/v2\/types\/product"}],"replies":[{"embeddable":true,"href":"https:\/\/www.sellersunionagent.com\/es\/wp-json\/wp\/v2\/comments?post=6551"}],"wp:featuredmedia":[{"embeddable":true,"href":"https:\/\/www.sellersunionagent.com\/es\/wp-json\/wp\/v2\/media\/9348"}],"wp:attachment":[{"href":"https:\/\/www.sellersunionagent.com\/es\/wp-json\/wp\/v2\/media?parent=6551"}],"wp:term":[{"taxonomy":"product_brand","embeddable":true,"href":"https:\/\/www.sellersunionagent.com\/es\/wp-json\/wp\/v2\/product_brand?post=6551"},{"taxonomy":"product_cat","embeddable":true,"href":"https:\/\/www.sellersunionagent.com\/es\/wp-json\/wp\/v2\/product_cat?post=6551"},{"taxonomy":"product_tag","embeddable":true,"href":"https:\/\/www.sellersunionagent.com\/es\/wp-json\/wp\/v2\/product_tag?post=6551"}],"curies":[{"name":"wp","href":"https:\/\/api.w.org\/{rel}","templated":true}]}}