{"id":6537,"date":"2022-06-01T21:21:05","date_gmt":"2022-06-01T13:21:05","guid":{"rendered":"https:\/\/sellersunionagent.com\/?post_type=product&#038;p=6537"},"modified":"2022-07-14T10:44:49","modified_gmt":"2022-07-14T02:44:49","slug":"venta-al-por-mayor-gran-bolsa-de-lavado-organizador-de-viaje-con-cremallera","status":"publish","type":"product","link":"https:\/\/www.sellersunionagent.com\/es\/wholesale-large-washing-bag-zipper-travel-organizer\/","title":{"rendered":"Mayorista Bolsa de Lavado Grande Organizador de Viaje con Cremallera"},"content":{"rendered":"<h2>Bolsa grande de lavado Bolsa con cremallera Organizador de viaje para mujeres y ni\u00f1as<\/h2>\n<p>&nbsp;<\/p>\n<ul>\n<li>COMPARTIMENTO PRINCIPAL M\u00d3VIL - Un compartimento principal con muchos bolsillos peque\u00f1os para organizar el maquillaje. Un compartimento grande para guardar f\u00e1cilmente art\u00edculos de aseo de tama\u00f1o de viaje o productos grandes para el cuidado de la piel. Bolsillos laterales para el corrector, barras de labios u otros art\u00edculos peque\u00f1os.<\/li>\n<\/ul>\n<p>&nbsp;<\/p>\n<ul>\n<li>RESISTENTE AL AGUA - El tejido resistente al agua y duradero protege su equipo de salpicaduras, f\u00e1cil de limpiar.<\/li>\n<\/ul>\n<p>&nbsp;<\/p>\n<ul>\n<li>ALTA CALIDAD - Tejido grueso, forro agradable, cremalleras dobles fiables, cierre con cremallera.<\/li>\n<\/ul>\n<p>&nbsp;<\/p>\n<ul>\n<li>REGALO BONITO - Perfecto para el uso diario o para viajar. Cada una de estas bolsas grandes tiene un color vibrante.<\/li>\n<\/ul>\n<p><img fetchpriority=\"high\" decoding=\"async\" class=\"aligncenter wp-image-6545\" src=\"https:\/\/www.sellersunionagent.com\/wp-content\/uploads\/2022\/06\/large-washing-bag-zipper-travel-organizer-5.jpg\" alt=\"\" width=\"600\" height=\"400\" \/> <img decoding=\"async\" class=\"aligncenter wp-image-6544\" src=\"https:\/\/www.sellersunionagent.com\/wp-content\/uploads\/2022\/06\/large-washing-bag-zipper-travel-organizer-6.jpg\" alt=\"\" width=\"600\" height=\"400\" \/> <img decoding=\"async\" class=\"aligncenter wp-image-6542\" src=\"https:\/\/www.sellersunionagent.com\/wp-content\/uploads\/2022\/06\/large-washing-bag-zipper-travel-organizer-8.jpg\" alt=\"\" width=\"600\" height=\"400\" \/> <img loading=\"lazy\" decoding=\"async\" class=\"aligncenter wp-image-6543\" src=\"https:\/\/www.sellersunionagent.com\/wp-content\/uploads\/2022\/06\/large-washing-bag-zipper-travel-organizer-7.jpg\" alt=\"\" width=\"600\" height=\"400\" \/> <img loading=\"lazy\" decoding=\"async\" class=\"aligncenter wp-image-6541\" src=\"https:\/\/www.sellersunionagent.com\/wp-content\/uploads\/2022\/06\/large-washing-bag-zipper-travel-organizer-9.jpg\" alt=\"\" width=\"600\" height=\"400\" \/> <img loading=\"lazy\" decoding=\"async\" class=\"aligncenter wp-image-6540\" src=\"https:\/\/www.sellersunionagent.com\/wp-content\/uploads\/2022\/06\/large-washing-bag-zipper-travel-organizer-10.jpg\" alt=\"\" width=\"600\" height=\"400\" \/> <img loading=\"lazy\" decoding=\"async\" class=\"aligncenter wp-image-6539\" src=\"https:\/\/www.sellersunionagent.com\/wp-content\/uploads\/2022\/06\/large-washing-bag-zipper-travel-organizer-11.jpg\" alt=\"\" width=\"600\" height=\"400\" \/><\/p>","protected":false},"excerpt":{"rendered":"<p><strong>Tipo:<\/strong> Bolsa de lavado Art\u00edculo<br \/>\n<strong>Tama\u00f1o:<\/strong> plegado 24.5*17*3cm\/ abierto 49.2*24.5cm<br \/>\n<strong>Capacidad de suministro:<\/strong> 50000 Piezas\/Pieza por Mes<br \/>\n<strong>MOQ:<\/strong> 500 piezas<\/p>","protected":false},"featured_media":6538,"comment_status":"open","ping_status":"closed","template":"","meta":{"_acf_changed":false},"product_brand":[],"product_cat":[33],"product_tag":[68,61,50],"class_list":{"0":"post-6537","1":"product","2":"type-product","3":"status-publish","4":"has-post-thumbnail","6":"product_cat-toiletry-bag","7":"product_tag-large","8":"product_tag-washing-bag","9":"product_tag-wholesale","11":"first","12":"instock","13":"shipping-taxable","14":"product-type-simple","15":"swiper-slide"},"acf":[],"_links":{"self":[{"href":"https:\/\/www.sellersunionagent.com\/es\/wp-json\/wp\/v2\/product\/6537","targetHints":{"allow":["GET"]}}],"collection":[{"href":"https:\/\/www.sellersunionagent.com\/es\/wp-json\/wp\/v2\/product"}],"about":[{"href":"https:\/\/www.sellersunionagent.com\/es\/wp-json\/wp\/v2\/types\/product"}],"replies":[{"embeddable":true,"href":"https:\/\/www.sellersunionagent.com\/es\/wp-json\/wp\/v2\/comments?post=6537"}],"wp:featuredmedia":[{"embeddable":true,"href":"https:\/\/www.sellersunionagent.com\/es\/wp-json\/wp\/v2\/media\/6538"}],"wp:attachment":[{"href":"https:\/\/www.sellersunionagent.com\/es\/wp-json\/wp\/v2\/media?parent=6537"}],"wp:term":[{"taxonomy":"product_brand","embeddable":true,"href":"https:\/\/www.sellersunionagent.com\/es\/wp-json\/wp\/v2\/product_brand?post=6537"},{"taxonomy":"product_cat","embeddable":true,"href":"https:\/\/www.sellersunionagent.com\/es\/wp-json\/wp\/v2\/product_cat?post=6537"},{"taxonomy":"product_tag","embeddable":true,"href":"https:\/\/www.sellersunionagent.com\/es\/wp-json\/wp\/v2\/product_tag?post=6537"}],"curies":[{"name":"wp","href":"https:\/\/api.w.org\/{rel}","templated":true}]}}