{"id":6527,"date":"2022-06-01T21:11:01","date_gmt":"2022-06-01T13:11:01","guid":{"rendered":"https:\/\/sellersunionagent.com\/?post_type=product&#038;p=6527"},"modified":"2026-01-06T14:29:49","modified_gmt":"2026-01-06T06:29:49","slug":"neceser-bolsa-de-aseo-resistente-al-agua-organizador-de-viaje","status":"publish","type":"product","link":"https:\/\/www.sellersunionagent.com\/es\/toiletry-bag-washing-bag-water-resistant-travel-organizer\/","title":{"rendered":"Neceser Bolsa de aseo Organizador de viaje resistente al agua"},"content":{"rendered":"<h2>Bolsa de aseo Bolsa de lavado Resistente al agua Organizador de viaje Accesorios Champ\u00fa para art\u00edculos de aseo de tama\u00f1o de viaje<\/h2>\n<p><strong>Tipo de art\u00edculo:<\/strong> Bolsa de lavado<\/p>\n<p><strong>N\u00ba de art\u00edculo<\/strong>: RH522<br \/>\n<strong>Tama\u00f1o:<\/strong> 24*53cm<br \/>\n<strong>Material:<\/strong> Poli\u00e9ster 300D<br \/>\n<strong>Capacidad de suministro:<\/strong> 50000 Piezas\/Pieza por Mes<\/p>\n<p>&nbsp;<\/p>\n<p>&nbsp;<\/p>\n<p>\u3010Portabiltity\u3011Estas bolsas de lavado port\u00e1tiles son ligeras, nuestra bolsa de lavado es conveniente para empacar y llevar en un bolso, mochila o equipaje. Es perfecto para turismo, vacaciones, citas, fiestas, viaje de negocios, actividades al aire libre y otras ocasiones.<\/p>\n<p>&nbsp;<\/p>\n<p>\u3010Smooth Zipper And Handle Strap\u3011Dise\u00f1ado con una gran cremallera de apertura, puede satisfacer sus necesidades para diversos fines. El cierre de cremallera lisa resistente asegura que sus art\u00edculos de tocador u otras cosas permanecen en el interior. La correa de la manija proporciona m\u00e1s conveniencia cuando usted la utiliza.<\/p>\n<p>&nbsp;<\/p>\n<p>\u3010Multifuncional Bag\u3011 Nuestra bolsa organizadora de lavado se puede utilizar como peque\u00f1as bolsas de almacenamiento para el hogar, viajes, negocios, bolso,incluso la bolsa de papeler\u00eda o mochila escolar. Usted puede poner f\u00e1cilmente en l\u00edquidos, champ\u00fa, loci\u00f3n, cepillo de dientes, maquinilla de afeitar, crema de afeitar, perfume, cosm\u00e9ticos, medicamentos, art\u00edculos de papeler\u00eda y otros art\u00edculos peque\u00f1os de su elecci\u00f3n.<\/p>\n<p>&nbsp;<\/p>\n<p><img fetchpriority=\"high\" decoding=\"async\" class=\"aligncenter wp-image-9440\" src=\"https:\/\/www.sellersunionagent.com\/wp-content\/uploads\/2022\/06\/RH-522-5.jpg\" alt=\"Organizador de viajes\" width=\"600\" height=\"386\" \/><img decoding=\"async\" class=\"aligncenter wp-image-9435\" src=\"https:\/\/www.sellersunionagent.com\/wp-content\/uploads\/2022\/06\/RH-522-11-1.jpg\" alt=\"Organizador de viajes\" width=\"600\" height=\"598\" \/><br \/>\n<img decoding=\"async\" class=\"aligncenter wp-image-9439\" src=\"https:\/\/www.sellersunionagent.com\/wp-content\/uploads\/2022\/06\/RH-522-18.jpg\" alt=\"Organizador de viajes\" width=\"600\" height=\"600\" \/> <img loading=\"lazy\" decoding=\"async\" class=\"aligncenter wp-image-9438\" src=\"https:\/\/www.sellersunionagent.com\/wp-content\/uploads\/2022\/06\/RH-522-17.jpg\" alt=\"Organizador de viajes\" width=\"600\" height=\"600\" \/> <img loading=\"lazy\" decoding=\"async\" class=\"aligncenter wp-image-9437\" src=\"https:\/\/www.sellersunionagent.com\/wp-content\/uploads\/2022\/06\/RH-522-15.jpg\" alt=\"Organizador de viajes\" width=\"600\" height=\"600\" \/> <img loading=\"lazy\" decoding=\"async\" class=\"aligncenter wp-image-9434\" src=\"https:\/\/www.sellersunionagent.com\/wp-content\/uploads\/2022\/06\/RH-522-21-1.jpg\" alt=\"Organizador de viajes\" width=\"600\" height=\"600\" \/><br \/>\n<img loading=\"lazy\" decoding=\"async\" class=\"aligncenter wp-image-9433\" src=\"https:\/\/www.sellersunionagent.com\/wp-content\/uploads\/2022\/06\/RH-522-1-1.jpg\" alt=\"Organizador de viajes\" width=\"600\" height=\"600\" \/><img loading=\"lazy\" decoding=\"async\" class=\"aligncenter wp-image-9436\" src=\"https:\/\/www.sellersunionagent.com\/wp-content\/uploads\/2022\/06\/RH-522-8.jpg\" alt=\"Organizador de viajes\" width=\"600\" height=\"600\" \/><img loading=\"lazy\" decoding=\"async\" class=\"aligncenter wp-image-6530\" src=\"https:\/\/www.sellersunionagent.com\/wp-content\/uploads\/2022\/06\/water-resistant-travel-organizer-6.jpg\" alt=\"\" width=\"600\" height=\"400\" \/><\/p>\n<p><img loading=\"lazy\" decoding=\"async\" class=\"aligncenter wp-image-6533\" src=\"https:\/\/www.sellersunionagent.com\/wp-content\/uploads\/2022\/06\/water-resistant-travel-organizer-3.jpg\" alt=\"\" width=\"600\" height=\"409\" \/><\/p>\n<p><img loading=\"lazy\" decoding=\"async\" class=\"aligncenter wp-image-6532\" src=\"https:\/\/www.sellersunionagent.com\/wp-content\/uploads\/2022\/06\/water-resistant-travel-organizer-4.jpg\" alt=\"\" width=\"600\" height=\"407\" \/><\/p>","protected":false},"excerpt":{"rendered":"<p><strong>MOQ<\/strong>:  500 piezas<br \/>\n<strong>Muestra gratuita<\/strong>: Soporte<br \/>\n<strong>Personalizaci\u00f3n<\/strong>logo \/ color \/ materiales \/ embalaje, etc.<br \/>\n<strong>Descuento<\/strong>:  Primeros pedidos desde 10% de descuento.<br \/>\n<strong>Porcentaje de entregas a tiempo<\/strong>:\u00a0 100%<br \/>\n<strong>Env\u00edos totales<\/strong>:  10000 piezas<br \/>\n<strong>Env\u00edo<\/strong>: Apoyo Express-Carga mar\u00edtima-Carga terrestre<\/p>","protected":false},"featured_media":6528,"comment_status":"open","ping_status":"closed","template":"","meta":{"_acf_changed":false},"product_brand":[],"product_cat":[33],"product_tag":[67,61,66],"class_list":{"0":"post-6527","1":"product","2":"type-product","3":"status-publish","4":"has-post-thumbnail","6":"product_cat-toiletry-bag","7":"product_tag-travel-organizer","8":"product_tag-washing-bag","9":"product_tag-water-resistant","11":"first","12":"instock","13":"shipping-taxable","14":"purchasable","15":"product-type-simple","16":"swiper-slide"},"acf":[],"_links":{"self":[{"href":"https:\/\/www.sellersunionagent.com\/es\/wp-json\/wp\/v2\/product\/6527","targetHints":{"allow":["GET"]}}],"collection":[{"href":"https:\/\/www.sellersunionagent.com\/es\/wp-json\/wp\/v2\/product"}],"about":[{"href":"https:\/\/www.sellersunionagent.com\/es\/wp-json\/wp\/v2\/types\/product"}],"replies":[{"embeddable":true,"href":"https:\/\/www.sellersunionagent.com\/es\/wp-json\/wp\/v2\/comments?post=6527"}],"wp:featuredmedia":[{"embeddable":true,"href":"https:\/\/www.sellersunionagent.com\/es\/wp-json\/wp\/v2\/media\/6528"}],"wp:attachment":[{"href":"https:\/\/www.sellersunionagent.com\/es\/wp-json\/wp\/v2\/media?parent=6527"}],"wp:term":[{"taxonomy":"product_brand","embeddable":true,"href":"https:\/\/www.sellersunionagent.com\/es\/wp-json\/wp\/v2\/product_brand?post=6527"},{"taxonomy":"product_cat","embeddable":true,"href":"https:\/\/www.sellersunionagent.com\/es\/wp-json\/wp\/v2\/product_cat?post=6527"},{"taxonomy":"product_tag","embeddable":true,"href":"https:\/\/www.sellersunionagent.com\/es\/wp-json\/wp\/v2\/product_tag?post=6527"}],"curies":[{"name":"wp","href":"https:\/\/api.w.org\/{rel}","templated":true}]}}