{"id":6514,"date":"2022-06-01T20:58:30","date_gmt":"2022-06-01T12:58:30","guid":{"rendered":"https:\/\/sellersunionagent.com\/?post_type=product&#038;p=6514"},"modified":"2022-07-13T18:27:29","modified_gmt":"2022-07-13T10:27:29","slug":"neceser-de-viaje-colgante-grande-para-mujer","status":"publish","type":"product","link":"https:\/\/www.sellersunionagent.com\/es\/large-hanging-travel-washing-bag-toiletry-bag-for-women\/","title":{"rendered":"Neceser de viaje colgante grande para mujer"},"content":{"rendered":"<h1 id=\"title\" class=\"a-size-large a-spacing-none\"><span id=\"productTitle\" class=\"a-size-large product-title-word-break\">Neceser de aseo Estuche organizador para accesorios de aseo<\/span><\/h1>\n<p>&nbsp;<\/p>\n<p>GRAN CAPACIDAD - Todas sus provisiones diarias pueden alojarse en un solo neceser. Ideal para un viaje de dos semanas.<\/p>\n<p>&nbsp;<\/p>\n<p>&nbsp;<\/p>\n<p>F\u00c1CIL ACCESO - Un gancho giratorio de 360 grados puede colgarse en la parte trasera de la puerta o en el cuarto de ba\u00f1o. F\u00e1cilmente accesible cuando est\u00e1 completamente abierto. Los compartimentos transparentes ofrecen un amplio panorama para evitar que se desplace.<\/p>\n<p>&nbsp;<\/p>\n<p>&nbsp;<\/p>\n<p>OCASI\u00d3N - Dise\u00f1o ligero para unas vacaciones de fin de semana, vacaciones o un viaje largo. Tambi\u00e9n una gran opci\u00f3n para los ejercicios de gimnasio, danza o yoga. Tama\u00f1o 20 x 20,5 x 9cm.<\/p>\n<p><img fetchpriority=\"high\" decoding=\"async\" class=\"aligncenter wp-image-6516\" src=\"https:\/\/www.sellersunionagent.com\/wp-content\/uploads\/2022\/06\/travel-washing-bag-10.jpg\" alt=\"\" width=\"500\" height=\"500\" \/><\/p>\n<p><img decoding=\"async\" class=\"aligncenter wp-image-6519\" src=\"https:\/\/www.sellersunionagent.com\/wp-content\/uploads\/2022\/06\/travel-washing-bag-7.jpg\" alt=\"\" width=\"500\" height=\"500\" \/><\/p>\n<p><img decoding=\"async\" class=\"aligncenter wp-image-6518\" src=\"https:\/\/www.sellersunionagent.com\/wp-content\/uploads\/2022\/06\/travel-washing-bag-8.jpg\" alt=\"\" width=\"500\" height=\"500\" \/><\/p>\n<p><img loading=\"lazy\" decoding=\"async\" class=\"aligncenter wp-image-6520\" src=\"https:\/\/www.sellersunionagent.com\/wp-content\/uploads\/2022\/06\/travel-washing-bag-6.jpg\" alt=\"\" width=\"500\" height=\"500\" \/><\/p>\n<p><img loading=\"lazy\" decoding=\"async\" class=\"aligncenter wp-image-6517\" src=\"https:\/\/www.sellersunionagent.com\/wp-content\/uploads\/2022\/06\/travel-washing-bag-9.jpg\" alt=\"\" width=\"500\" height=\"500\" \/><\/p>","protected":false},"excerpt":{"rendered":"<p><strong>Tipo:<\/strong> Bolsa de lavado Art\u00edculo<br \/>\n<strong>Tama\u00f1o:<\/strong> 20*20,5*9cm<br \/>\n<strong>Capacidad de suministro:<\/strong> 50000 Piezas\/Pieza por Mes<br \/>\n<strong>MOQ:<\/strong> 500 piezas<\/p>\n<p><strong>Color:<\/strong>Rosa,Gris,Azul,Azul marino,Negro,Verde<\/p>","protected":false},"featured_media":6524,"comment_status":"open","ping_status":"closed","template":"","meta":{"_acf_changed":false},"product_brand":[],"product_cat":[33],"product_tag":[64,61,65],"class_list":{"0":"post-6514","1":"product","2":"type-product","3":"status-publish","4":"has-post-thumbnail","6":"product_cat-toiletry-bag","7":"product_tag-travel","8":"product_tag-washing-bag","9":"product_tag-women","11":"first","12":"instock","13":"shipping-taxable","14":"product-type-simple","15":"swiper-slide"},"acf":[],"_links":{"self":[{"href":"https:\/\/www.sellersunionagent.com\/es\/wp-json\/wp\/v2\/product\/6514","targetHints":{"allow":["GET"]}}],"collection":[{"href":"https:\/\/www.sellersunionagent.com\/es\/wp-json\/wp\/v2\/product"}],"about":[{"href":"https:\/\/www.sellersunionagent.com\/es\/wp-json\/wp\/v2\/types\/product"}],"replies":[{"embeddable":true,"href":"https:\/\/www.sellersunionagent.com\/es\/wp-json\/wp\/v2\/comments?post=6514"}],"wp:featuredmedia":[{"embeddable":true,"href":"https:\/\/www.sellersunionagent.com\/es\/wp-json\/wp\/v2\/media\/6524"}],"wp:attachment":[{"href":"https:\/\/www.sellersunionagent.com\/es\/wp-json\/wp\/v2\/media?parent=6514"}],"wp:term":[{"taxonomy":"product_brand","embeddable":true,"href":"https:\/\/www.sellersunionagent.com\/es\/wp-json\/wp\/v2\/product_brand?post=6514"},{"taxonomy":"product_cat","embeddable":true,"href":"https:\/\/www.sellersunionagent.com\/es\/wp-json\/wp\/v2\/product_cat?post=6514"},{"taxonomy":"product_tag","embeddable":true,"href":"https:\/\/www.sellersunionagent.com\/es\/wp-json\/wp\/v2\/product_tag?post=6514"}],"curies":[{"name":"wp","href":"https:\/\/api.w.org\/{rel}","templated":true}]}}