{"id":6502,"date":"2022-06-01T19:01:49","date_gmt":"2022-06-01T11:01:49","guid":{"rendered":"https:\/\/sellersunionagent.com\/?post_type=product&#038;p=6502"},"modified":"2022-07-13T18:23:51","modified_gmt":"2022-07-13T10:23:51","slug":"venta-al-por-mayor-bolsa-de-lavado-de-gran-capacidad","status":"publish","type":"product","link":"https:\/\/www.sellersunionagent.com\/es\/wholesale-large-capacity-washing-bag\/","title":{"rendered":"Bolsa de lavado de gran capacidad al por mayor"},"content":{"rendered":"<h1 id=\"title\" class=\"a-size-large a-spacing-none\"><span id=\"productTitle\" class=\"a-size-large product-title-word-break\">Living Washing Bag Travel Hanging Toiletry Bag Organizers Kit Dopp Kit with Hook<\/span><\/h1>\n<p>F\u00e1cil de llevar y limpiar\u3011- Tama\u00f1o: 24*11*16 pulgadas. Peso:180g. Esta bolsa de almacenamiento port\u00e1til de viaje puede caber perfectamente en su maleta o equipaje nunca ocupa demasiado espacio. Material de tela resistente al agua tambi\u00e9n permite una f\u00e1cil limpieza. Limpie suavemente con una toalla h\u00fameda para eliminar las manchas de maquillaje con bastante facilidad. Su material duradero y resistente al agua y su dise\u00f1o ligero hacen que su viaje sea m\u00e1s seguro y c\u00f3modo. Un neceser de viaje y bolsa organizadora de maquillaje realmente excelentes.<\/p>\n<p>&nbsp;<\/p>\n<p>\u3010Satisfaction Guarantee\u3011- Los problemas de calidad ocurren dentro de un a\u00f1o de reemplazo, garant\u00eda de por vida para es nuestra intenci\u00f3n ofrecer el mejor servicio al cliente en Amazon. As\u00ed que usted puede elegir nuestro neceser colgante de viaje con confianza. Si usted no est\u00e1 100% satisfecho con cualquier aspecto de nuestro producto, Un reembolso completo twill ser emitido a usted. No dude en ponerse en contacto con nosotros si tiene alg\u00fan problema, le responderemos en 24 horas para resolverlo.<\/p>\n<p><img fetchpriority=\"high\" decoding=\"async\" class=\"aligncenter wp-image-6509\" src=\"https:\/\/www.sellersunionagent.com\/wp-content\/uploads\/2022\/06\/wholesale-large-capacity-washing-bag-3.jpg\" alt=\"\" width=\"500\" height=\"500\" \/> <img decoding=\"async\" class=\"aligncenter wp-image-6512\" src=\"https:\/\/www.sellersunionagent.com\/wp-content\/uploads\/2022\/06\/wholesale-large-capacity-washing-bag.jpg\" alt=\"\" width=\"500\" height=\"500\" \/> <img decoding=\"async\" class=\"aligncenter wp-image-6511\" src=\"https:\/\/www.sellersunionagent.com\/wp-content\/uploads\/2022\/06\/wholesale-large-capacity-washing-bag-1.jpg\" alt=\"\" width=\"500\" height=\"500\" \/> <img loading=\"lazy\" decoding=\"async\" class=\"aligncenter wp-image-6510\" src=\"https:\/\/www.sellersunionagent.com\/wp-content\/uploads\/2022\/06\/wholesale-large-capacity-washing-bag-2.jpg\" alt=\"\" width=\"500\" height=\"500\" \/> <img loading=\"lazy\" decoding=\"async\" class=\"aligncenter wp-image-6508\" src=\"https:\/\/www.sellersunionagent.com\/wp-content\/uploads\/2022\/06\/wholesale-large-capacity-washing-bag-4.jpg\" alt=\"\" width=\"500\" height=\"500\" \/> <img loading=\"lazy\" decoding=\"async\" class=\"aligncenter wp-image-6507\" src=\"https:\/\/www.sellersunionagent.com\/wp-content\/uploads\/2022\/06\/wholesale-large-capacity-washing-bag-5.jpg\" alt=\"\" width=\"500\" height=\"500\" \/><\/p>","protected":false},"excerpt":{"rendered":"<p><strong>Tipo:<\/strong> Bolsa de lavado Art\u00edculo<br \/>\n<strong>Tama\u00f1o:<\/strong> 24*11*16 pulgadas<br \/>\n<strong>Peso del art\u00edculo: <\/strong>180g<br \/>\n<strong>Capacidad de suministro:<\/strong> 50000 Piezas\/Pieza por Mes<br \/>\n<strong>MOQ:<\/strong> 500 piezas<\/p>","protected":false},"featured_media":6505,"comment_status":"open","ping_status":"closed","template":"","meta":{"_acf_changed":false},"product_brand":[],"product_cat":[33],"product_tag":[48,61,50],"class_list":{"0":"post-6502","1":"product","2":"type-product","3":"status-publish","4":"has-post-thumbnail","6":"product_cat-toiletry-bag","7":"product_tag-large-capacity","8":"product_tag-washing-bag","9":"product_tag-wholesale","11":"first","12":"instock","13":"shipping-taxable","14":"product-type-simple","15":"swiper-slide"},"acf":[],"_links":{"self":[{"href":"https:\/\/www.sellersunionagent.com\/es\/wp-json\/wp\/v2\/product\/6502","targetHints":{"allow":["GET"]}}],"collection":[{"href":"https:\/\/www.sellersunionagent.com\/es\/wp-json\/wp\/v2\/product"}],"about":[{"href":"https:\/\/www.sellersunionagent.com\/es\/wp-json\/wp\/v2\/types\/product"}],"replies":[{"embeddable":true,"href":"https:\/\/www.sellersunionagent.com\/es\/wp-json\/wp\/v2\/comments?post=6502"}],"wp:featuredmedia":[{"embeddable":true,"href":"https:\/\/www.sellersunionagent.com\/es\/wp-json\/wp\/v2\/media\/6505"}],"wp:attachment":[{"href":"https:\/\/www.sellersunionagent.com\/es\/wp-json\/wp\/v2\/media?parent=6502"}],"wp:term":[{"taxonomy":"product_brand","embeddable":true,"href":"https:\/\/www.sellersunionagent.com\/es\/wp-json\/wp\/v2\/product_brand?post=6502"},{"taxonomy":"product_cat","embeddable":true,"href":"https:\/\/www.sellersunionagent.com\/es\/wp-json\/wp\/v2\/product_cat?post=6502"},{"taxonomy":"product_tag","embeddable":true,"href":"https:\/\/www.sellersunionagent.com\/es\/wp-json\/wp\/v2\/product_tag?post=6502"}],"curies":[{"name":"wp","href":"https:\/\/api.w.org\/{rel}","templated":true}]}}