{"id":6489,"date":"2022-06-01T18:50:45","date_gmt":"2022-06-01T10:50:45","guid":{"rendered":"https:\/\/sellersunionagent.com\/?post_type=product&#038;p=6489"},"modified":"2022-07-14T16:59:45","modified_gmt":"2022-07-14T08:59:45","slug":"neceser-de-viaje-colgante-organizador-bolsa-de-lavado","status":"publish","type":"product","link":"https:\/\/www.sellersunionagent.com\/es\/hanging-travel-toiletry-bag-organizer-washing-bag\/","title":{"rendered":"Neceser de Viaje Colgante Organizador Bolsa de Lavado"},"content":{"rendered":"<h2 class=\"a-size-large a-spacing-none\"><span class=\"a-size-large product-title-word-break\">Bolsa de lavado grande <\/span><span id=\"productTitle\" class=\"a-size-large product-title-word-break\">Para Mujeres y Hombres Bolsa de ducha con gancho<\/span><\/h2>\n<p>&nbsp;<\/p>\n<p>\u3010Vers\u00e1til neceser\u3011- Este vers\u00e1til neceser de viaje proporciona m\u00faltiples compartimentos para acomodar sus art\u00edculos esenciales diarios. Usted puede poner necesidades como champ\u00fa, acondicionador, cepillo de dientes, pasta de dientes, afeitadora, y as\u00ed sucesivamente todo en un solo lugar. Equipado con un gancho incorporado, este organizador de art\u00edculos de tocador se puede colgar de forma estable de la alcachofa de la ducha, del toallero o del perchero. Adecuado para viajes de larga duraci\u00f3n o vacaciones familiares para guardar todos los art\u00edculos de aseo de hombres, mujeres y ni\u00f1os. Una pr\u00e1ctica bolsa de almacenamiento en la vida diaria.<\/p>\n<p>&nbsp;<\/p>\n<p>\u3010Premuim Calidad Material\u3011- El neceser colgante est\u00e1 hecho de tela de poli\u00e9ster 300D resistente al agua duradera para asegurar sus art\u00edculos personales. Las cremalleras confiables y el gancho buli-in robusto pueden trabajar excelente en su cuarto de ba\u00f1o u otros lugares. La correa de mano con un dise\u00f1o ensanchado se adapta mejor a sus manos para facilitar su transporte. Las costuras est\u00e1n bien cosidas y reforzadas en todos los puntos de tensi\u00f3n. Un buen regalo para las vacaciones, el d\u00eda de la madre, el cumplea\u00f1os y el d\u00eda de Navidad para su madre, amigo, familia o su ser querido.<\/p>\n<p>&nbsp;<\/p>\n<p><img fetchpriority=\"high\" decoding=\"async\" class=\"aligncenter wp-image-6495\" src=\"https:\/\/www.sellersunionagent.com\/wp-content\/uploads\/2022\/06\/hanging-travel-toiletry-bag-organizer-washing-bag-4.jpg\" alt=\"\" width=\"500\" height=\"500\" \/><\/p>\n<p><img decoding=\"async\" class=\"aligncenter wp-image-6494\" src=\"https:\/\/www.sellersunionagent.com\/wp-content\/uploads\/2022\/06\/hanging-travel-toiletry-bag-organizer-washing-bag-5.jpg\" alt=\"\" width=\"500\" height=\"500\" \/><\/p>\n<p><img decoding=\"async\" class=\"aligncenter wp-image-6493\" src=\"https:\/\/www.sellersunionagent.com\/wp-content\/uploads\/2022\/06\/hanging-travel-toiletry-bag-organizer-washing-bag-6.jpg\" alt=\"\" width=\"500\" height=\"500\" \/><\/p>\n<p><img loading=\"lazy\" decoding=\"async\" class=\"aligncenter wp-image-6492\" src=\"https:\/\/www.sellersunionagent.com\/wp-content\/uploads\/2022\/06\/SKU-03-.jpg\" alt=\"\" width=\"500\" height=\"500\" \/><\/p>\n<p><img loading=\"lazy\" decoding=\"async\" class=\"aligncenter wp-image-6491\" src=\"https:\/\/www.sellersunionagent.com\/wp-content\/uploads\/2022\/06\/SKU-02-.jpg\" alt=\"\" width=\"500\" height=\"500\" \/><\/p>\n<p><img loading=\"lazy\" decoding=\"async\" class=\"aligncenter wp-image-6490\" src=\"https:\/\/www.sellersunionagent.com\/wp-content\/uploads\/2022\/06\/SKU-01-.jpg\" alt=\"\" width=\"500\" height=\"500\" \/><\/p>","protected":false},"excerpt":{"rendered":"<p><strong>Tipo:<\/strong> Bolsa de lavado Art\u00edculo<\/p>\n<p><strong>Tama\u00f1o:<\/strong> 25*20*10cm<\/p>\n<p><strong>Peso del art\u00edculo:<\/strong> 225g<\/p>\n<p><strong>Capacidad de suministro:<\/strong> 50000 Piezas\/Pieza por Mes<\/p>\n<p><strong>MOQ:<\/strong> 500 piezas<\/p>\n<p><strong>Color:<\/strong>Azul marino,Gris,Rojo,NegroAzul,Vino<\/p>\n<p><strong>Embalaje:<\/strong>Bolsa OPP<\/p>","protected":false},"featured_media":6499,"comment_status":"open","ping_status":"closed","template":"","meta":{"_acf_changed":false},"product_brand":[],"product_cat":[33],"product_tag":[63],"class_list":{"0":"post-6489","1":"product","2":"type-product","3":"status-publish","4":"has-post-thumbnail","6":"product_cat-toiletry-bag","7":"product_tag-washing-baghangingtoiletry-bag","9":"first","10":"instock","11":"shipping-taxable","12":"product-type-simple","13":"swiper-slide"},"acf":[],"_links":{"self":[{"href":"https:\/\/www.sellersunionagent.com\/es\/wp-json\/wp\/v2\/product\/6489","targetHints":{"allow":["GET"]}}],"collection":[{"href":"https:\/\/www.sellersunionagent.com\/es\/wp-json\/wp\/v2\/product"}],"about":[{"href":"https:\/\/www.sellersunionagent.com\/es\/wp-json\/wp\/v2\/types\/product"}],"replies":[{"embeddable":true,"href":"https:\/\/www.sellersunionagent.com\/es\/wp-json\/wp\/v2\/comments?post=6489"}],"wp:featuredmedia":[{"embeddable":true,"href":"https:\/\/www.sellersunionagent.com\/es\/wp-json\/wp\/v2\/media\/6499"}],"wp:attachment":[{"href":"https:\/\/www.sellersunionagent.com\/es\/wp-json\/wp\/v2\/media?parent=6489"}],"wp:term":[{"taxonomy":"product_brand","embeddable":true,"href":"https:\/\/www.sellersunionagent.com\/es\/wp-json\/wp\/v2\/product_brand?post=6489"},{"taxonomy":"product_cat","embeddable":true,"href":"https:\/\/www.sellersunionagent.com\/es\/wp-json\/wp\/v2\/product_cat?post=6489"},{"taxonomy":"product_tag","embeddable":true,"href":"https:\/\/www.sellersunionagent.com\/es\/wp-json\/wp\/v2\/product_tag?post=6489"}],"curies":[{"name":"wp","href":"https:\/\/api.w.org\/{rel}","templated":true}]}}