{"id":6461,"date":"2022-06-01T18:25:45","date_gmt":"2022-06-01T10:25:45","guid":{"rendered":"https:\/\/sellersunionagent.com\/?post_type=product&#038;p=6461"},"modified":"2026-01-06T14:29:50","modified_gmt":"2026-01-06T06:29:50","slug":"bolsa-de-lavado-multifuncion-bolsa-portatil-bolsa-organizadora-colgante-para-viajes","status":"publish","type":"product","link":"https:\/\/www.sellersunionagent.com\/es\/washing-bag-multifunction-portable-pouch-travel-hanging-organizer-bag\/","title":{"rendered":"Bolsa de aseo Bolsa port\u00e1til multifunci\u00f3n Bolsa organizadora colgante de viaje"},"content":{"rendered":"<h2>Necesero multifuncional, bolsa port\u00e1til, impermeable, organizador colgante de viaje para mujeres y ni\u00f1as.<\/h2>\n<p><strong>Tipo de art\u00edculo:<\/strong> Bolsa de lavado<\/p>\n<p><strong>N\u00famero de art\u00edculo:<\/strong> RH219<br \/>\n<strong>Tama\u00f1o:<\/strong> Abierto: 51 x 21 cm \/ Plegado: 23,5 x 6 x 18 cm<br \/>\n<strong>Capacidad de suministro:<\/strong> 50000 Piezas\/Pieza por Mes<\/p>\n<p><strong>Caracter\u00edsticas:<\/strong> Art\u00edculos de aseo, cosm\u00e9ticos, etc., clasificables, lavables, resistentes al moho, fuertes y duraderos.<\/p>\n<p>&nbsp;<\/p>\n<p>&nbsp;<\/p>\n<ul class=\"a-unordered-list a-vertical a-spacing-mini\">\n<li><span class=\"a-list-item\">Port\u00e1til y ligero: abierto mide 51 x 21 cm; plegado mide 23,5 x 6 x 18 cm, cabe perfectamente en tu mochila o equipaje de mano.<\/span><\/li>\n<li><span class=\"a-list-item\">M\u00faltiples compartimentos: bolsillos multicapa para guardar tus cosas, mantener tus accesorios seguros y encontrarlos f\u00e1cilmente.<\/span><\/li>\n<li><span class=\"a-list-item\">F\u00e1cil de usar: cu\u00e9lguelo en el gancho de la puerta del ba\u00f1o o en la barra de la regadera para usarlo r\u00e1pidamente, sin ocupar espacio en el mostrador.<\/span><\/li>\n<li><span class=\"a-list-item\">Resistente al agua y duradero: el tejido de poli\u00e9ster resistente al desgaste del exterior facilita su lavado y limpieza.<\/span><\/li>\n<li><span class=\"a-list-item\">Multifuncional: se puede utilizar como kit de viaje compacto, organizador de maquillaje y paquete de almacenamiento dom\u00e9stico.<\/span><\/li>\n<\/ul>\n<p>&nbsp;<\/p>\n<p><img fetchpriority=\"high\" decoding=\"async\" class=\"aligncenter wp-image-9441\" src=\"https:\/\/www.sellersunionagent.com\/wp-content\/uploads\/2022\/06\/\u4e3b\u56fe-02-21.jpg\" alt=\"Bolsa organizadora colgante para viajes\" width=\"600\" height=\"600\" \/> <img decoding=\"async\" class=\"aligncenter wp-image-9444\" src=\"https:\/\/www.sellersunionagent.com\/wp-content\/uploads\/2022\/06\/051330f357b11862dbd1392c3d36527.jpg\" alt=\"Bolsa organizadora colgante para viajes\" width=\"600\" height=\"475\" \/> <img decoding=\"async\" class=\"aligncenter wp-image-9443\" src=\"https:\/\/www.sellersunionagent.com\/wp-content\/uploads\/2022\/06\/de4134a90ccc3875cc06c52f8f5daa2.jpg\" alt=\"Bolsa organizadora colgante para viajes\" width=\"600\" height=\"658\" \/> <img loading=\"lazy\" decoding=\"async\" class=\"aligncenter wp-image-9442\" src=\"https:\/\/www.sellersunionagent.com\/wp-content\/uploads\/2022\/06\/\u8be6\u60c5-04-4.jpg\" alt=\"Bolsa organizadora colgante para viajes\" width=\"600\" height=\"438\" \/><img loading=\"lazy\" decoding=\"async\" class=\"aligncenter wp-image-6475\" src=\"https:\/\/www.sellersunionagent.com\/wp-content\/uploads\/2022\/06\/travel-hanging-organizer-bag-6.jpg\" alt=\"\" width=\"600\" height=\"600\" \/><\/p>\n<p><img loading=\"lazy\" decoding=\"async\" class=\"aligncenter wp-image-6480\" src=\"https:\/\/www.sellersunionagent.com\/wp-content\/uploads\/2022\/06\/travel-hanging-organizer-bag-1.jpg\" alt=\"\" width=\"600\" height=\"600\" \/><\/p>\n<p><img loading=\"lazy\" decoding=\"async\" class=\"aligncenter wp-image-6473\" src=\"https:\/\/www.sellersunionagent.com\/wp-content\/uploads\/2022\/06\/travel-hanging-organizer-bag-8.jpg\" alt=\"\" width=\"600\" height=\"600\" \/><\/p>\n<p>&nbsp;<\/p>","protected":false},"excerpt":{"rendered":"<p><strong>MOQ<\/strong>:  500 piezas<br \/>\n<strong>Muestra gratuita<\/strong>:  Soporte<br \/>\n<strong>Personalizaci\u00f3n<\/strong>logo \/ color \/ materiales \/ embalaje, etc.<br \/>\n<strong>Descuento<\/strong>:  Primeros pedidos desde 10% de descuento.<br \/>\n<strong>Porcentaje de entregas a tiempo<\/strong>:\u00a0 100%<br \/>\n<strong>Env\u00edos totales<\/strong>:  10000 piezas<br \/>\n<strong>Env\u00edo<\/strong>: Apoyo Express-Carga mar\u00edtima-Carga terrestre<\/p>","protected":false},"featured_media":6477,"comment_status":"open","ping_status":"closed","template":"","meta":{"_acf_changed":false},"product_brand":[],"product_cat":[33],"product_tag":[62],"class_list":{"0":"post-6461","1":"product","2":"type-product","3":"status-publish","4":"has-post-thumbnail","6":"product_cat-toiletry-bag","7":"product_tag-multifunctionwashing-bagorganizer","9":"first","10":"instock","11":"shipping-taxable","12":"purchasable","13":"product-type-simple","14":"swiper-slide"},"acf":[],"_links":{"self":[{"href":"https:\/\/www.sellersunionagent.com\/es\/wp-json\/wp\/v2\/product\/6461","targetHints":{"allow":["GET"]}}],"collection":[{"href":"https:\/\/www.sellersunionagent.com\/es\/wp-json\/wp\/v2\/product"}],"about":[{"href":"https:\/\/www.sellersunionagent.com\/es\/wp-json\/wp\/v2\/types\/product"}],"replies":[{"embeddable":true,"href":"https:\/\/www.sellersunionagent.com\/es\/wp-json\/wp\/v2\/comments?post=6461"}],"wp:featuredmedia":[{"embeddable":true,"href":"https:\/\/www.sellersunionagent.com\/es\/wp-json\/wp\/v2\/media\/6477"}],"wp:attachment":[{"href":"https:\/\/www.sellersunionagent.com\/es\/wp-json\/wp\/v2\/media?parent=6461"}],"wp:term":[{"taxonomy":"product_brand","embeddable":true,"href":"https:\/\/www.sellersunionagent.com\/es\/wp-json\/wp\/v2\/product_brand?post=6461"},{"taxonomy":"product_cat","embeddable":true,"href":"https:\/\/www.sellersunionagent.com\/es\/wp-json\/wp\/v2\/product_cat?post=6461"},{"taxonomy":"product_tag","embeddable":true,"href":"https:\/\/www.sellersunionagent.com\/es\/wp-json\/wp\/v2\/product_tag?post=6461"}],"curies":[{"name":"wp","href":"https:\/\/api.w.org\/{rel}","templated":true}]}}