{"id":6373,"date":"2022-06-01T14:07:34","date_gmt":"2022-06-01T06:07:34","guid":{"rendered":"https:\/\/sellersunionagent.com\/?post_type=product&#038;p=6373"},"modified":"2022-06-01T14:07:34","modified_gmt":"2022-06-01T06:07:34","slug":"organizador-de-almacenamiento-multicapa-de-gran-capacidad-para-hombres-o-mujeres","status":"publish","type":"product","link":"https:\/\/www.sellersunionagent.com\/es\/large-capacity-multi-layer-storage-organizer-for-men-or-women\/","title":{"rendered":"Organizador de almacenamiento multicapa de gran capacidad para hombres o mujeres"},"content":{"rendered":"<h2>Organizador de almacenamiento multicapa de gran capacidad para hombres o mujeres<\/h2>\n<ul>\n<li>Esta bolsa contiene varias capas, lo que aumenta el espacio de almacenamiento y permite colocar los objetos por categor\u00edas.<\/li>\n<li>M\u00faltiples opciones de color para satisfacer las diferentes preferencias de los distintos clientes.<\/li>\n<li>Duradero y resistente a la suciedad<img fetchpriority=\"high\" decoding=\"async\" class=\"aligncenter wp-image-6375\" src=\"https:\/\/www.sellersunionagent.com\/wp-content\/uploads\/2022\/06\/multi-layer-storage-organizer-7.jpg\" alt=\"Para hombres o mujeres\" width=\"600\" height=\"600\" \/><img decoding=\"async\" class=\"aligncenter wp-image-6381\" src=\"https:\/\/www.sellersunionagent.com\/wp-content\/uploads\/2022\/06\/multi-layer-storage-organizer-1.jpg\" alt=\"Para hombres o mujeres\" width=\"600\" height=\"600\" \/><img decoding=\"async\" class=\"aligncenter wp-image-6377\" src=\"https:\/\/www.sellersunionagent.com\/wp-content\/uploads\/2022\/06\/multi-layer-storage-organizer-5.jpg\" alt=\"Para hombres o mujeres\" width=\"600\" height=\"600\" \/><img loading=\"lazy\" decoding=\"async\" class=\"aligncenter wp-image-6378\" src=\"https:\/\/www.sellersunionagent.com\/wp-content\/uploads\/2022\/06\/multi-layer-storage-organizer-4.png\" alt=\"Para hombres o mujeres\" width=\"600\" height=\"600\" \/><\/li>\n<\/ul>","protected":false},"excerpt":{"rendered":"<div class=\"elementor-element elementor-element-c17fac7 elementor-widget elementor-widget-woocommerce-product-short-description\" data-id=\"c17fac7\" data-element_type=\"widget\" data-widget_type=\"woocommerce-product-short-description.default\">\n<div class=\"elementor-widget-container\">\n<div class=\"woocommerce-product-details__short-description\">\n<p><strong>Tipo<\/strong>: Bolsa de la compra<\/p>\n<p><strong>Tama\u00f1o del art\u00edculo<\/strong>: 28x17x10cm<\/p>\n<p><strong>Peso del art\u00edculo<\/strong>: 120g<br \/>\n<b>Color: <\/b>Rosa, azul cielo, azul marino, negro, verde, naranja y personalizado<\/p>\n<p>&nbsp;<\/p>\n<p>Este bolso es adecuado tanto para hombres como para mujeres, atractivo y pr\u00e1ctico a la vez. Siempre nos mantenemos en f\u00e1bricas cooperativas estrictamente seleccionadas para fabricar los productos, y una buena reputaci\u00f3n determina la alta calidad y el alto nivel de nuestros productos.<\/p>\n<\/div>\n<\/div>\n<\/div>","protected":false},"featured_media":6382,"comment_status":"open","ping_status":"closed","template":"","meta":{"_acf_changed":false},"product_brand":[],"product_cat":[29],"product_tag":[58,59],"class_list":{"0":"post-6373","1":"product","2":"type-product","3":"status-publish","4":"has-post-thumbnail","6":"product_cat-shopping-bag","7":"product_tag-for-men-or-women","8":"product_tag-multifunctional","10":"first","11":"instock","12":"shipping-taxable","13":"product-type-simple","14":"swiper-slide"},"acf":[],"_links":{"self":[{"href":"https:\/\/www.sellersunionagent.com\/es\/wp-json\/wp\/v2\/product\/6373","targetHints":{"allow":["GET"]}}],"collection":[{"href":"https:\/\/www.sellersunionagent.com\/es\/wp-json\/wp\/v2\/product"}],"about":[{"href":"https:\/\/www.sellersunionagent.com\/es\/wp-json\/wp\/v2\/types\/product"}],"replies":[{"embeddable":true,"href":"https:\/\/www.sellersunionagent.com\/es\/wp-json\/wp\/v2\/comments?post=6373"}],"wp:featuredmedia":[{"embeddable":true,"href":"https:\/\/www.sellersunionagent.com\/es\/wp-json\/wp\/v2\/media\/6382"}],"wp:attachment":[{"href":"https:\/\/www.sellersunionagent.com\/es\/wp-json\/wp\/v2\/media?parent=6373"}],"wp:term":[{"taxonomy":"product_brand","embeddable":true,"href":"https:\/\/www.sellersunionagent.com\/es\/wp-json\/wp\/v2\/product_brand?post=6373"},{"taxonomy":"product_cat","embeddable":true,"href":"https:\/\/www.sellersunionagent.com\/es\/wp-json\/wp\/v2\/product_cat?post=6373"},{"taxonomy":"product_tag","embeddable":true,"href":"https:\/\/www.sellersunionagent.com\/es\/wp-json\/wp\/v2\/product_tag?post=6373"}],"curies":[{"name":"wp","href":"https:\/\/api.w.org\/{rel}","templated":true}]}}