{"id":6358,"date":"2022-06-01T11:32:07","date_gmt":"2022-06-01T03:32:07","guid":{"rendered":"https:\/\/sellersunionagent.com\/?post_type=product&#038;p=6358"},"modified":"2022-06-01T11:32:07","modified_gmt":"2022-06-01T03:32:07","slug":"gran-pedido-de-descuento-tote-plegable-de-colores-bolsa-de-comestibles-para-ir-de-compras","status":"publish","type":"product","link":"https:\/\/www.sellersunionagent.com\/es\/large-order-discount-folding-colorful-tote-grocery-bag-for-shopping\/","title":{"rendered":"Bolsa de la compra plegable de colores con descuento para pedidos grandes"},"content":{"rendered":"<div id=\"featurebullets_feature_div\" class=\"celwidget\" data-feature-name=\"featurebullets\" data-csa-c-id=\"w5kbib-294lpw-7lc7nn-ut5uk8\" data-cel-widget=\"featurebullets_feature_div\">\n<div id=\"feature-bullets\" class=\"a-section a-spacing-medium a-spacing-top-small\">\n<h2>Bolsa de la compra plegable de colores con descuento para pedidos grandes<\/h2>\n<p>Gran capacidad&amp;Dise\u00f1o plegable: Esta bolsa es grande y puede contener cargas pesadas de forma segura. Se puede plegar f\u00e1cilmente en la bolsa de bolsillo adjunta, para que puedas llevar estas bolsas de la compra reutilizables lavables plegables en el bolso o en el coche sin ocupar demasiado espacio.<\/p>\n<p>&nbsp;<\/p>\n<p>F\u00e1cil de transportar: Esta bolsa es grande y puede soportar cargas pesadas con seguridad. Es ligera pero resistente. Las asas largas permiten llevarla en la mano o al hombro. Es una bolsa reutilizable perfecta para la compra, los viajes, el almacenaje y para el uso diario.<\/p>\n<p>&nbsp;<\/p>\n<p>Dise\u00f1o colorido: \u00a1Caramelo como el color a juego, ahuyenta a todos su mal humor! Se puede a\u00f1adir un poco de diversi\u00f3n a su compra de comestibles, y tambi\u00e9n es perfecto como favores del partido regalos para damas y ni\u00f1as. descuento de la orden grande se ofrece, y la personalizaci\u00f3n de apoyo.<\/p>\n<p data-wp-editing=\"1\"><img fetchpriority=\"high\" decoding=\"async\" class=\"alignleft wp-image-6359\" src=\"https:\/\/www.sellersunionagent.com\/wp-content\/uploads\/2022\/06\/folding-colorful-tote-grocery-bag-13.jpg\" alt=\"Descuento por pedido grande\" width=\"360\" height=\"360\" \/> <img decoding=\"async\" class=\"alignleft wp-image-6366\" src=\"https:\/\/www.sellersunionagent.com\/wp-content\/uploads\/2022\/06\/folding-colorful-tote-grocery-bag-6.jpg\" alt=\"Descuento por pedido grande\" width=\"360\" height=\"360\" \/> <img decoding=\"async\" class=\"alignleft wp-image-6367\" src=\"https:\/\/www.sellersunionagent.com\/wp-content\/uploads\/2022\/06\/folding-colorful-tote-grocery-bag-5.jpg\" alt=\"Descuento por pedido grande\" width=\"360\" height=\"360\" \/> <img loading=\"lazy\" decoding=\"async\" class=\"alignleft wp-image-6368\" src=\"https:\/\/www.sellersunionagent.com\/wp-content\/uploads\/2022\/06\/folding-colorful-tote-grocery-bag-4.jpg\" alt=\"Descuento por pedido grande\" width=\"360\" height=\"360\" \/> <img loading=\"lazy\" decoding=\"async\" class=\"alignleft wp-image-6369\" src=\"https:\/\/www.sellersunionagent.com\/wp-content\/uploads\/2022\/06\/folding-colorful-tote-grocery-bag-3.jpg\" alt=\"Descuento por pedido grande\" width=\"360\" height=\"360\" \/> <img loading=\"lazy\" decoding=\"async\" class=\"alignleft wp-image-6370\" src=\"https:\/\/www.sellersunionagent.com\/wp-content\/uploads\/2022\/06\/folding-colorful-tote-grocery-bag-2.jpg\" alt=\"Descuento por pedido grande\" width=\"360\" height=\"360\" \/><\/p>\n<\/div>\n<\/div>\n<div id=\"provenanceCertifications_feature_div\" class=\"celwidget\" data-feature-name=\"provenanceCertifications\" data-csa-c-id=\"b4j22x-poeeo8-m3jc7f-4aii15\" data-cel-widget=\"provenanceCertifications_feature_div\"><\/div>\n<div id=\"serviceCapabilities_feature_div\" class=\"celwidget\" data-feature-name=\"serviceCapabilities\" data-csa-c-id=\"exeui3-xsml54-x8nrsn-w7n959\" data-cel-widget=\"serviceCapabilities_feature_div\"><\/div>\n<div data-feature-name=\"serviceCapabilities\" data-csa-c-id=\"exeui3-xsml54-x8nrsn-w7n959\" data-cel-widget=\"serviceCapabilities_feature_div\"><\/div>\n<div data-feature-name=\"serviceCapabilities\" data-csa-c-id=\"exeui3-xsml54-x8nrsn-w7n959\" data-cel-widget=\"serviceCapabilities_feature_div\"><img loading=\"lazy\" decoding=\"async\" class=\"aligncenter wp-image-6371\" src=\"https:\/\/www.sellersunionagent.com\/wp-content\/uploads\/2022\/06\/folding-colorful-tote-grocery-bag-1.jpg\" alt=\"Descuento por pedido grande\" width=\"600\" height=\"600\" \/> <img loading=\"lazy\" decoding=\"async\" class=\"aligncenter wp-image-6364\" src=\"https:\/\/www.sellersunionagent.com\/wp-content\/uploads\/2022\/06\/folding-colorful-tote-grocery-bag-8.jpg\" alt=\"Descuento por pedido grande\" width=\"600\" height=\"706\" \/><img loading=\"lazy\" decoding=\"async\" class=\"aligncenter wp-image-6365\" src=\"https:\/\/www.sellersunionagent.com\/wp-content\/uploads\/2022\/06\/folding-colorful-tote-grocery-bag-7.jpg\" alt=\"Descuento por pedido grande\" width=\"600\" height=\"534\" \/><\/div>","protected":false},"excerpt":{"rendered":"<p><strong>Tipo<\/strong>: Bolsa de la compra<\/p>\n<p><strong>Tama\u00f1o del art\u00edculo<\/strong>: 40*42cm; 56*40cm<\/p>\n<p><strong>Peso del art\u00edculo<\/strong>: 25g<br \/>\n<b>Color:\u00a0<\/b>Personalizaci\u00f3n<\/p>\n<p>\u00a1Descuento por pedido grande! Siempre nos mantenemos en las f\u00e1bricas de cooperaci\u00f3n estrictamente seleccionados para la fabricaci\u00f3n de productos, , y una buena reputaci\u00f3n determina la alta calidad y altos est\u00e1ndares de nuestros productos. \u00danete a nosotros ahora~<\/p>","protected":false},"featured_media":6359,"comment_status":"open","ping_status":"closed","template":"","meta":{"_acf_changed":false},"product_brand":[],"product_cat":[29],"product_tag":[57,48,56],"class_list":{"0":"post-6358","1":"product","2":"type-product","3":"status-publish","4":"has-post-thumbnail","6":"product_cat-shopping-bag","7":"product_tag-high-bearing","8":"product_tag-large-capacity","9":"product_tag-shopping-bag","11":"first","12":"instock","13":"shipping-taxable","14":"product-type-simple","15":"swiper-slide"},"acf":[],"_links":{"self":[{"href":"https:\/\/www.sellersunionagent.com\/es\/wp-json\/wp\/v2\/product\/6358","targetHints":{"allow":["GET"]}}],"collection":[{"href":"https:\/\/www.sellersunionagent.com\/es\/wp-json\/wp\/v2\/product"}],"about":[{"href":"https:\/\/www.sellersunionagent.com\/es\/wp-json\/wp\/v2\/types\/product"}],"replies":[{"embeddable":true,"href":"https:\/\/www.sellersunionagent.com\/es\/wp-json\/wp\/v2\/comments?post=6358"}],"wp:featuredmedia":[{"embeddable":true,"href":"https:\/\/www.sellersunionagent.com\/es\/wp-json\/wp\/v2\/media\/6359"}],"wp:attachment":[{"href":"https:\/\/www.sellersunionagent.com\/es\/wp-json\/wp\/v2\/media?parent=6358"}],"wp:term":[{"taxonomy":"product_brand","embeddable":true,"href":"https:\/\/www.sellersunionagent.com\/es\/wp-json\/wp\/v2\/product_brand?post=6358"},{"taxonomy":"product_cat","embeddable":true,"href":"https:\/\/www.sellersunionagent.com\/es\/wp-json\/wp\/v2\/product_cat?post=6358"},{"taxonomy":"product_tag","embeddable":true,"href":"https:\/\/www.sellersunionagent.com\/es\/wp-json\/wp\/v2\/product_tag?post=6358"}],"curies":[{"name":"wp","href":"https:\/\/api.w.org\/{rel}","templated":true}]}}