{"id":6341,"date":"2022-06-01T10:45:58","date_gmt":"2022-06-01T02:45:58","guid":{"rendered":"https:\/\/sellersunionagent.com\/?post_type=product&#038;p=6341"},"modified":"2022-08-01T16:41:41","modified_gmt":"2022-08-01T08:41:41","slug":"bolsa-de-la-compra-reutilizable-y-ligera-con-descuento-para-pedidos-grandes","status":"publish","type":"product","link":"https:\/\/www.sellersunionagent.com\/es\/large-order-discount-reusable-lightweight-grocery-tote-shopping-bag\/","title":{"rendered":"Bolsa de la compra reutilizable, ligera y con descuento para pedidos grandes"},"content":{"rendered":"<h2>Bolsa de la compra reutilizable, ligera y con descuento para pedidos grandes<\/h2>\n<p><strong>Tipo<\/strong>: Bolsa de la compra<\/p>\n<p><strong>Tama\u00f1o del art\u00edculo<\/strong>: 40*42cm; 40*56cm<\/p>\n<p><strong>Peso del art\u00edculo<\/strong>: 25g<br \/>\n<b>Color: <\/b>Personalizaci\u00f3n<\/p>\n<p>&nbsp;<\/p>\n<p>&nbsp;<\/p>\n<ul>\n<li>Buena selecci\u00f3n de materiales de protecci\u00f3n medioambiental, duraderos y reutilizables<\/li>\n<li>Sencillo, bonito, f\u00e1cil de usar y limpio<\/li>\n<li>Gran capacidad de carga, ligero y plegable<\/li>\n<li>Se ofrece descuento por pedido grande y soporte de personalizaci\u00f3n<\/li>\n<\/ul>\n<p><img fetchpriority=\"high\" decoding=\"async\" class=\"aligncenter wp-image-6353\" src=\"https:\/\/www.sellersunionagent.com\/wp-content\/uploads\/2022\/06\/grocery-tote-shopping-bag-4.jpg\" alt=\"Descuento por pedido grande\" width=\"600\" height=\"558\" \/><img decoding=\"async\" class=\"aligncenter wp-image-6354\" src=\"https:\/\/www.sellersunionagent.com\/wp-content\/uploads\/2022\/06\/grocery-tote-shopping-bag-3.jpg\" alt=\"Descuento por pedido grande\" width=\"600\" height=\"576\" \/><img decoding=\"async\" class=\"aligncenter wp-image-6349\" src=\"https:\/\/www.sellersunionagent.com\/wp-content\/uploads\/2022\/06\/grocery-tote-shopping-bag-8.jpg\" alt=\"Descuento por pedido grande\" width=\"600\" height=\"608\" \/><img loading=\"lazy\" decoding=\"async\" class=\"aligncenter wp-image-6356\" src=\"https:\/\/www.sellersunionagent.com\/wp-content\/uploads\/2022\/06\/grocery-tote-shopping-bag-1.jpg\" alt=\"Descuento por pedido grande\" width=\"600\" height=\"684\" \/><img loading=\"lazy\" decoding=\"async\" class=\"aligncenter wp-image-6357\" src=\"https:\/\/www.sellersunionagent.com\/wp-content\/uploads\/2022\/06\/grocery-tote-shopping-bag.jpg\" alt=\"Descuento por pedido grande\" width=\"600\" height=\"680\" \/><\/p>","protected":false},"excerpt":{"rendered":"<p><strong>MOQ<\/strong>:  5000 piezas<br \/>\n<strong>Muestra gratuita<\/strong>:  Soporte<br \/>\n<strong>Personalizaci\u00f3n<\/strong>logo \/ color \/ materiales \/ embalaje, etc.<br \/>\n<strong>Descuento<\/strong>:  Primeros pedidos desde 10% de descuento.<br \/>\n<strong>Porcentaje de entregas a tiempo<\/strong>:\u00a0 100%<br \/>\n<strong>Env\u00edos totales<\/strong>:  10000 piezas<br \/>\n<strong>Env\u00edo<\/strong>: Apoyo Express-Carga mar\u00edtima-Carga terrestre<\/p>\n<p>&nbsp;<\/p>\n<p>&nbsp;<\/p>\n<p>Descuentos por grandes pedidos Siempre nos mantenemos en las f\u00e1bricas cooperativas estrictamente seleccionados para la fabricaci\u00f3n de productos, y una buena reputaci\u00f3n determina la alta calidad y altos est\u00e1ndares de nuestros productos. \u00danete a nosotros ahora~<\/p>","protected":false},"featured_media":6348,"comment_status":"open","ping_status":"closed","template":"","meta":{"_acf_changed":false},"product_brand":[],"product_cat":[29],"product_tag":[55,54,50],"class_list":{"0":"post-6341","1":"product","2":"type-product","3":"status-publish","4":"has-post-thumbnail","6":"product_cat-shopping-bag","7":"product_tag-easy-to-carry","8":"product_tag-lightweight","9":"product_tag-wholesale","11":"first","12":"instock","13":"shipping-taxable","14":"purchasable","15":"product-type-simple","16":"swiper-slide"},"acf":[],"_links":{"self":[{"href":"https:\/\/www.sellersunionagent.com\/es\/wp-json\/wp\/v2\/product\/6341","targetHints":{"allow":["GET"]}}],"collection":[{"href":"https:\/\/www.sellersunionagent.com\/es\/wp-json\/wp\/v2\/product"}],"about":[{"href":"https:\/\/www.sellersunionagent.com\/es\/wp-json\/wp\/v2\/types\/product"}],"replies":[{"embeddable":true,"href":"https:\/\/www.sellersunionagent.com\/es\/wp-json\/wp\/v2\/comments?post=6341"}],"wp:featuredmedia":[{"embeddable":true,"href":"https:\/\/www.sellersunionagent.com\/es\/wp-json\/wp\/v2\/media\/6348"}],"wp:attachment":[{"href":"https:\/\/www.sellersunionagent.com\/es\/wp-json\/wp\/v2\/media?parent=6341"}],"wp:term":[{"taxonomy":"product_brand","embeddable":true,"href":"https:\/\/www.sellersunionagent.com\/es\/wp-json\/wp\/v2\/product_brand?post=6341"},{"taxonomy":"product_cat","embeddable":true,"href":"https:\/\/www.sellersunionagent.com\/es\/wp-json\/wp\/v2\/product_cat?post=6341"},{"taxonomy":"product_tag","embeddable":true,"href":"https:\/\/www.sellersunionagent.com\/es\/wp-json\/wp\/v2\/product_tag?post=6341"}],"curies":[{"name":"wp","href":"https:\/\/api.w.org\/{rel}","templated":true}]}}