{"id":6284,"date":"2022-05-31T19:51:58","date_gmt":"2022-05-31T11:51:58","guid":{"rendered":"https:\/\/sellersunionagent.com\/?post_type=product&#038;p=6284"},"modified":"2022-05-31T19:51:58","modified_gmt":"2022-05-31T11:51:58","slug":"bolsa-de-documentos-portatil-multicapa-de-un-proveedor-profesional","status":"publish","type":"product","link":"https:\/\/www.sellersunionagent.com\/es\/multi-layer-portable-document-bag-from-professional-supplier\/","title":{"rendered":"Bolsa portadocumentos multicapa de proveedor profesional"},"content":{"rendered":"<h2>Bolsa portadocumentos multicapa de proveedor profesional<\/h2>\n<p>Protecci\u00f3n de seguridad m\u00faltiple: Est\u00e1 equipado con cerradura de combinaci\u00f3n de 3 d\u00edgitos para proporcionar seguridad adicional para sus objetos de valor y privacidad. Es f\u00e1cil establecer su propia contrase\u00f1a. La cerradura de c\u00f3digo, el asa fuerte y la cremallera resistente a\u00f1aden seguridad al almacenamiento y al transporte. Un dise\u00f1o de asa de correa m\u00e1s ancha en la parte posterior le permite insertar un asa de maleta, conveniente para nosotros para fijarlo en la palanca de la maleta cuando se viaja. Nosotros, los proveedores profesionales, respetamos y nos preocupamos por sus deseos. Si s\u00f3lo la guarda en casa para almacenar archivos de forma sencilla, la maleta sin cerradura tambi\u00e9n es buena.<\/p>\n<p>&nbsp;<\/p>\n<p>Gran capacidad: La capacidad de esta bolsa es muy grande y puedes elegir dos o tres capas en funci\u00f3n de tus necesidades. Se incluyen muchos bolsillos de malla para poder clasificar y colocar los documentos de un vistazo. Partida de nacimiento, certificados de bienes inmuebles, documentos, tr\u00e1mites fiscales, tarjetas, U Disk, tableta, ordenadores port\u00e1tiles y fotos pueden resolverse de forma segura y ordenada.<\/p>\n<p>\u200b<img fetchpriority=\"high\" decoding=\"async\" class=\"aligncenter wp-image-6287\" src=\"https:\/\/www.sellersunionagent.com\/wp-content\/uploads\/2022\/05\/multi-layer-portable-document-bag-9.jpg\" alt=\"Proveedor profesional\" width=\"600\" height=\"600\" \/><img decoding=\"async\" class=\"aligncenter wp-image-6288\" src=\"https:\/\/www.sellersunionagent.com\/wp-content\/uploads\/2022\/05\/multi-layer-portable-document-bag-8.jpg\" alt=\"Proveedor profesional\" width=\"600\" height=\"600\" \/><img decoding=\"async\" class=\"aligncenter wp-image-6291\" src=\"https:\/\/www.sellersunionagent.com\/wp-content\/uploads\/2022\/05\/multi-layer-portable-document-bag-5.jpg\" alt=\"Proveedor profesional\" width=\"600\" height=\"823\" \/><img loading=\"lazy\" decoding=\"async\" class=\"aligncenter wp-image-6292\" src=\"https:\/\/www.sellersunionagent.com\/wp-content\/uploads\/2022\/05\/multi-layer-portable-document-bag-4.jpg\" alt=\"Proveedor profesional\" width=\"600\" height=\"678\" \/><img loading=\"lazy\" decoding=\"async\" class=\"aligncenter wp-image-6293\" src=\"https:\/\/www.sellersunionagent.com\/wp-content\/uploads\/2022\/05\/multi-layer-portable-document-bag-3.jpg\" alt=\"Proveedor profesional\" width=\"600\" height=\"538\" \/><\/p>","protected":false},"excerpt":{"rendered":"<p><strong>Tipo<\/strong>:<span id=\"productTitle\" class=\"a-size-large product-title-word-break\">Bolsa de documentos<\/span><\/p>\n<p><strong>Tama\u00f1o del art\u00edculo<\/strong>: 36*10*26cm<\/p>\n<p><strong>Peso del art\u00edculo<\/strong>: 330g<br \/>\n<b data-spm-anchor-id=\"a2700.wholesale.0.i30.19ef5692iiqQHz\">Colores:\u00a0<\/b>Azul marino, gris, rosa, negro, amarillo, azul<\/p>\n<p>&nbsp;<\/p>\n<p>Llevamos m\u00e1s de 24 a\u00f1os en el negocio de la exportaci\u00f3n e intentamos ofrecer el mejor servicio y los productos perfectos a todos los clientes. Somos y siempre queremos ser un proveedor profesional, \u00a1trabaje con nosotros juntos! Damos la bienvenida a todos los amigos de todo el mundo.<\/p>","protected":false},"featured_media":6285,"comment_status":"open","ping_status":"closed","template":"","meta":{"_acf_changed":false},"product_brand":[],"product_cat":[32],"product_tag":[52,53],"class_list":{"0":"post-6284","1":"product","2":"type-product","3":"status-publish","4":"has-post-thumbnail","6":"product_cat-digital-bag","7":"product_tag-multi-layer","8":"product_tag-professional-supplier","10":"first","11":"instock","12":"shipping-taxable","13":"product-type-simple","14":"swiper-slide"},"acf":[],"_links":{"self":[{"href":"https:\/\/www.sellersunionagent.com\/es\/wp-json\/wp\/v2\/product\/6284","targetHints":{"allow":["GET"]}}],"collection":[{"href":"https:\/\/www.sellersunionagent.com\/es\/wp-json\/wp\/v2\/product"}],"about":[{"href":"https:\/\/www.sellersunionagent.com\/es\/wp-json\/wp\/v2\/types\/product"}],"replies":[{"embeddable":true,"href":"https:\/\/www.sellersunionagent.com\/es\/wp-json\/wp\/v2\/comments?post=6284"}],"wp:featuredmedia":[{"embeddable":true,"href":"https:\/\/www.sellersunionagent.com\/es\/wp-json\/wp\/v2\/media\/6285"}],"wp:attachment":[{"href":"https:\/\/www.sellersunionagent.com\/es\/wp-json\/wp\/v2\/media?parent=6284"}],"wp:term":[{"taxonomy":"product_brand","embeddable":true,"href":"https:\/\/www.sellersunionagent.com\/es\/wp-json\/wp\/v2\/product_brand?post=6284"},{"taxonomy":"product_cat","embeddable":true,"href":"https:\/\/www.sellersunionagent.com\/es\/wp-json\/wp\/v2\/product_cat?post=6284"},{"taxonomy":"product_tag","embeddable":true,"href":"https:\/\/www.sellersunionagent.com\/es\/wp-json\/wp\/v2\/product_tag?post=6284"}],"curies":[{"name":"wp","href":"https:\/\/api.w.org\/{rel}","templated":true}]}}