{"id":6255,"date":"2022-05-31T19:04:36","date_gmt":"2022-05-31T11:04:36","guid":{"rendered":"https:\/\/sellersunionagent.com\/?post_type=product&#038;p=6255"},"modified":"2022-06-25T14:53:03","modified_gmt":"2022-06-25T06:53:03","slug":"venta-al-mayor-accesorios-electronicos-bolsa-digital-para-cargador-portatil-cables-auricular","status":"publish","type":"product","link":"https:\/\/www.sellersunionagent.com\/es\/wholesale-electronic-accessories-digital-bag-for-portable-charger-cables-earphone\/","title":{"rendered":"Mayorista Accesorios Electr\u00f3nicos Bolsa de Almacenaje para Cargador Port\u00e1til Cables Auriculares"},"content":{"rendered":"<h2>Mayorista Accesorios Electr\u00f3nicos Bolsa de Almacenaje para Cargador Port\u00e1til Cables Auriculares<\/h2>\n<p><span class=\"skip\"><a data-keyword=\"appropriate\">Dimensi\u00f3n adecuada: El dise\u00f1o port\u00e1til y el tama\u00f1o ideal son f\u00e1ciles de transportar y caben en su bolso y equipaje. Ser\u00e1 un compa\u00f1ero adicional de almacenamiento de accesorios electr\u00f3nicos para sus viajes.<\/a><\/span><\/p>\n<p>&nbsp;<\/p>\n<p>Dise\u00f1o elegante: Esta bolsa organizadora est\u00e1 dise\u00f1ada para personal de oficina, estudiantes y viajeros que necesitan guardar y mantener organizados sus accesorios electr\u00f3nicos o peque\u00f1os art\u00edculos de papeler\u00eda escolar. Utiliza un tejido repelente al agua y un dise\u00f1o limpio y aerodin\u00e1mico con asa de transporte resistente y cremallera lisa.<\/p>\n<p>&nbsp;<\/p>\n<p>Gran capacidad: La gran capacidad de almacenamiento puede contener sus accesorios electr\u00f3nicos diarios, como cables, varios cargadores, auriculares, adaptador electr\u00f3nico, etc.<\/p>\n<p><img fetchpriority=\"high\" decoding=\"async\" class=\"aligncenter wp-image-6275\" src=\"https:\/\/www.sellersunionagent.com\/wp-content\/uploads\/2022\/05\/electronic-accessories-storage-bag-8.jpg\" alt=\"Accesorios electr\u00f3nicos\" width=\"600\" height=\"600\" \/><img decoding=\"async\" class=\"aligncenter wp-image-6279\" src=\"https:\/\/www.sellersunionagent.com\/wp-content\/uploads\/2022\/05\/electronic-accessories-storage-bag-4.jpg\" alt=\"Accesorios electr\u00f3nicos\" width=\"600\" height=\"600\" \/><img decoding=\"async\" class=\"aligncenter wp-image-6280\" src=\"https:\/\/www.sellersunionagent.com\/wp-content\/uploads\/2022\/05\/electronic-accessories-storage-bag-3.jpg\" alt=\"Accesorios electr\u00f3nicos\" width=\"600\" height=\"600\" \/><img loading=\"lazy\" decoding=\"async\" class=\"aligncenter wp-image-6277\" src=\"https:\/\/www.sellersunionagent.com\/wp-content\/uploads\/2022\/05\/electronic-accessories-storage-bag-6.jpg\" alt=\"Accesorios electr\u00f3nicos\" width=\"600\" height=\"706\" \/><img loading=\"lazy\" decoding=\"async\" class=\"aligncenter wp-image-6278\" src=\"https:\/\/www.sellersunionagent.com\/wp-content\/uploads\/2022\/05\/electronic-accessories-storage-bag-5.jpg\" alt=\"Accesorios electr\u00f3nicos\" width=\"600\" height=\"732\" \/><\/p>\n<p>&nbsp;<\/p>","protected":false},"excerpt":{"rendered":"<p><strong>Tipo<\/strong>: Bolsa para guardar accesorios electr\u00f3nicos<\/p>\n<p><strong>Tama\u00f1o del art\u00edculo<\/strong>: 25*19*2cm<\/p>\n<p><strong>Peso del art\u00edculo<\/strong>: 200g<br \/>\n<b data-spm-anchor-id=\"a2700.wholesale.0.i30.19ef5692iiqQHz\">Colores: <\/b>Azul marino, gris, morado, negro, azul, vino<\/p>\n<p>Iniciamos nuestra actividad en 1997. Mantenemos una alt\u00edsima sensibilidad de mercado hacia las distintas mercanc\u00edas. Nos especializamos en art\u00edculos de almacenamiento al por mayor, hacemos OEM, ODM y le proporcionamos un servicio integral de ventanilla \u00fanica. Nos complace ofrecerle los productos m\u00e1s populares para ayudarle a ampliar su negocio.<\/p>","protected":false},"featured_media":6281,"comment_status":"open","ping_status":"closed","template":"","meta":{"_acf_changed":false},"product_brand":[],"product_cat":[32],"product_tag":[48,50],"class_list":{"0":"post-6255","1":"product","2":"type-product","3":"status-publish","4":"has-post-thumbnail","6":"product_cat-digital-bag","7":"product_tag-large-capacity","8":"product_tag-wholesale","10":"first","11":"instock","12":"shipping-taxable","13":"product-type-simple","14":"swiper-slide"},"acf":[],"_links":{"self":[{"href":"https:\/\/www.sellersunionagent.com\/es\/wp-json\/wp\/v2\/product\/6255","targetHints":{"allow":["GET"]}}],"collection":[{"href":"https:\/\/www.sellersunionagent.com\/es\/wp-json\/wp\/v2\/product"}],"about":[{"href":"https:\/\/www.sellersunionagent.com\/es\/wp-json\/wp\/v2\/types\/product"}],"replies":[{"embeddable":true,"href":"https:\/\/www.sellersunionagent.com\/es\/wp-json\/wp\/v2\/comments?post=6255"}],"wp:featuredmedia":[{"embeddable":true,"href":"https:\/\/www.sellersunionagent.com\/es\/wp-json\/wp\/v2\/media\/6281"}],"wp:attachment":[{"href":"https:\/\/www.sellersunionagent.com\/es\/wp-json\/wp\/v2\/media?parent=6255"}],"wp:term":[{"taxonomy":"product_brand","embeddable":true,"href":"https:\/\/www.sellersunionagent.com\/es\/wp-json\/wp\/v2\/product_brand?post=6255"},{"taxonomy":"product_cat","embeddable":true,"href":"https:\/\/www.sellersunionagent.com\/es\/wp-json\/wp\/v2\/product_cat?post=6255"},{"taxonomy":"product_tag","embeddable":true,"href":"https:\/\/www.sellersunionagent.com\/es\/wp-json\/wp\/v2\/product_tag?post=6255"}],"curies":[{"name":"wp","href":"https:\/\/api.w.org\/{rel}","templated":true}]}}