{"id":6237,"date":"2022-05-31T17:39:18","date_gmt":"2022-05-31T09:39:18","guid":{"rendered":"https:\/\/sellersunionagent.com\/?post_type=product&#038;p=6237"},"modified":"2026-01-06T14:29:51","modified_gmt":"2026-01-06T06:29:51","slug":"venta-al-por-mayor-accesorios-informaticos-maletin-para-portatil","status":"publish","type":"product","link":"https:\/\/www.sellersunionagent.com\/es\/wholesale-computer-accessories-laptop-carrying-case\/","title":{"rendered":"Mayorista Accesorios de ordenador Malet\u00edn para port\u00e1til"},"content":{"rendered":"<h2><span class=\"skip\"><a data-keyword=\"appropriate\">Mayorista Accesorios de ordenador Malet\u00edn para port\u00e1til<\/a><\/span><\/h2>\n<p><strong>Tipo<\/strong>: Malet\u00edn para port\u00e1til<\/p>\n<p><strong>Art\u00edculo NO.:<\/strong> RH814\/815\/816<\/p>\n<p><strong>Tama\u00f1o del art\u00edculo<\/strong>: 13\"(32*22*2cm)\/ 13.3\"(35*266*2cm)\/ 15.6\"(39*28*2cm)<\/p>\n<p><strong>Peso del art\u00edculo<\/strong>: 260g\/ 238g\/ 393g<\/p>\n<p>&nbsp;<\/p>\n<p><span class=\"skip\"><a data-keyword=\"appropriate\">Dimensi\u00f3n adecuada: Hay tres tama\u00f1os opcionales. El gran almacenamiento en capas mantiene los objetos bien organizados, como ordenadores, bol\u00edgrafos, cables, rat\u00f3n, auriculares, tel\u00e9fonos m\u00f3viles, iPad o accesorios de port\u00e1til. Fabricado con un moderno dise\u00f1o delgado y ligero para adaptarse al uso diario.<\/a><\/span><\/p>\n<p>&nbsp;<\/p>\n<p>Buena protecci\u00f3n: Esta funda resistente para port\u00e1til al por mayor utiliza tela cati\u00f3nica, que amortigua las sacudidas y los impactos, protegiendo su port\u00e1til evitando golpes accidentales y ara\u00f1azos. Los dise\u00f1os de cuidado tales como engrosamiento esquina y banda el\u00e1stica ayudan a proteger su dispositivo contra da\u00f1os.<\/p>\n<p>&nbsp;<\/p>\n<p>Asa manejable: Tiene un asa port\u00e1til. El asa superior en lugar de un asa lateral, por lo que hace que la funda sea m\u00e1s f\u00e1cil de sacar de tu mochila o maleta. Puedes llevarla o colgarla en la maleta.<\/p>\n<p><img fetchpriority=\"high\" decoding=\"async\" class=\"aligncenter\" src=\"https:\/\/www.sellersunionagent.com\/wp-content\/uploads\/2022\/05\/%E5%9B%BD%E9%99%85%E7%AB%99%E7%94%B5%E8%84%91%E5%8C%85%E6%89%8B%E6%8F%90_021.png\" alt=\"Venta al por mayor \" width=\"750\" height=\"258\" \/><\/p>\n<p><img decoding=\"async\" class=\"aligncenter wp-image-6248\" src=\"https:\/\/www.sellersunionagent.com\/wp-content\/uploads\/2022\/05\/laptop-carrying-case-3.jpg\" alt=\"Venta al por mayor \" width=\"600\" height=\"600\" \/><\/p>\n<p><img decoding=\"async\" class=\"aligncenter wp-image-6240\" src=\"https:\/\/www.sellersunionagent.com\/wp-content\/uploads\/2022\/05\/laptop-bag-2.jpg\" alt=\"Venta al por mayor \" width=\"600\" height=\"600\" \/><img loading=\"lazy\" decoding=\"async\" class=\"aligncenter wp-image-6242\" src=\"https:\/\/www.sellersunionagent.com\/wp-content\/uploads\/2022\/05\/laptop-carrying-case-9.jpg\" alt=\"Venta al por mayor \" width=\"600\" height=\"600\" \/><img loading=\"lazy\" decoding=\"async\" class=\"aligncenter wp-image-6245\" src=\"https:\/\/www.sellersunionagent.com\/wp-content\/uploads\/2022\/05\/laptop-carrying-case-6.jpg\" alt=\"Venta al por mayor \" width=\"600\" height=\"687\" \/><img loading=\"lazy\" decoding=\"async\" class=\"aligncenter wp-image-6246\" src=\"https:\/\/www.sellersunionagent.com\/wp-content\/uploads\/2022\/05\/laptop-carrying-case-5.jpg\" alt=\"Venta al por mayor \" width=\"600\" height=\"702\" \/><\/p>","protected":false},"excerpt":{"rendered":"<p><strong>MOQ<\/strong>:  100 piezas<br \/>\n<strong>Muestra gratuita<\/strong>:  Soporte<br \/>\n<strong>Personalizaci\u00f3n<\/strong>logo \/ color \/ materiales \/ embalaje, etc.<br \/>\n<strong>Descuento<\/strong>:  Primeros pedidos desde 10% de descuento.<br \/>\n<strong>Porcentaje de entregas a tiempo<\/strong>:\u00a0 100%<br \/>\n<strong>Env\u00edos totales<\/strong>:  10000 piezas<br \/>\n<strong>Env\u00edo<\/strong>: Apoyo Express-Carga mar\u00edtima-Carga terrestre<\/p>\n<p>Iniciamos nuestra actividad en 1997. Mantenemos una alt\u00edsima sensibilidad de mercado hacia las distintas mercanc\u00edas. Nos especializamos en art\u00edculos de almacenamiento al por mayor, hacemos OEM, ODM y le proporcionamos un servicio integral de ventanilla \u00fanica. Nos complace ofrecerle los productos m\u00e1s populares para ayudarle a ampliar su negocio.<\/p>","protected":false},"featured_media":6238,"comment_status":"open","ping_status":"closed","template":"","meta":{"_acf_changed":false},"product_brand":[],"product_cat":[32],"product_tag":[51,50],"class_list":{"0":"post-6237","1":"product","2":"type-product","3":"status-publish","4":"has-post-thumbnail","6":"product_cat-digital-bag","7":"product_tag-computer-accessories","8":"product_tag-wholesale","10":"first","11":"instock","12":"shipping-taxable","13":"purchasable","14":"product-type-simple","15":"swiper-slide"},"acf":[],"_links":{"self":[{"href":"https:\/\/www.sellersunionagent.com\/es\/wp-json\/wp\/v2\/product\/6237","targetHints":{"allow":["GET"]}}],"collection":[{"href":"https:\/\/www.sellersunionagent.com\/es\/wp-json\/wp\/v2\/product"}],"about":[{"href":"https:\/\/www.sellersunionagent.com\/es\/wp-json\/wp\/v2\/types\/product"}],"replies":[{"embeddable":true,"href":"https:\/\/www.sellersunionagent.com\/es\/wp-json\/wp\/v2\/comments?post=6237"}],"wp:featuredmedia":[{"embeddable":true,"href":"https:\/\/www.sellersunionagent.com\/es\/wp-json\/wp\/v2\/media\/6238"}],"wp:attachment":[{"href":"https:\/\/www.sellersunionagent.com\/es\/wp-json\/wp\/v2\/media?parent=6237"}],"wp:term":[{"taxonomy":"product_brand","embeddable":true,"href":"https:\/\/www.sellersunionagent.com\/es\/wp-json\/wp\/v2\/product_brand?post=6237"},{"taxonomy":"product_cat","embeddable":true,"href":"https:\/\/www.sellersunionagent.com\/es\/wp-json\/wp\/v2\/product_cat?post=6237"},{"taxonomy":"product_tag","embeddable":true,"href":"https:\/\/www.sellersunionagent.com\/es\/wp-json\/wp\/v2\/product_tag?post=6237"}],"curies":[{"name":"wp","href":"https:\/\/api.w.org\/{rel}","templated":true}]}}