{"id":6219,"date":"2022-05-31T16:33:53","date_gmt":"2022-05-31T08:33:53","guid":{"rendered":"https:\/\/sellersunionagent.com\/?post_type=product&#038;p=6219"},"modified":"2022-06-25T14:13:37","modified_gmt":"2022-06-25T06:13:37","slug":"oem-impreso-cena-bolsa-para-mujeres-hombres-ninos","status":"publish","type":"product","link":"https:\/\/www.sellersunionagent.com\/es\/oem-printed-dinner-bag-for-women-men-kids\/","title":{"rendered":"OEM Impreso Bolsa de almuerzo para Mujeres Hombres Ni\u00f1os"},"content":{"rendered":"<h2>OEM Impreso Bolsa de almuerzo para Mujeres Hombres Ni\u00f1os<\/h2>\n<p>Material seguro: Fabricado con tela Oxford de alta calidad. El forro interior es de papel de aluminio alimentario y est\u00e1 acolchado con espuma EPE de 5 mm para ofrecer una gran resistencia t\u00e9rmica y facilitar la limpieza. El forro aislante puede mantener los alimentos y bebidas calientes o fr\u00edos.<\/p>\n<p>&nbsp;<\/p>\n<p>Estilo simple: Cl\u00e1sico color negro y aspecto sencillo encaja en las mujeres, hombres y ni\u00f1os, que es f\u00e1cil de abrir y cerrar con cremallera y dise\u00f1o m\u00e1s amplio mango. Muchas impresiones pueden ser elegidos, personalizaci\u00f3n OEM es bienvenida.<\/p>\n<p>&nbsp;<\/p>\n<p>Plegable y port\u00e1til: Dise\u00f1o muy abierto con cremalleras dobles para facilitar el acceso y esta fiambrera isot\u00e9rmica se puede transportar tan f\u00e1cilmente como un libro cuando est\u00e1 plegada. Aspecto cl\u00e1sico y sencillo con un asa acolchada y una correa para el hombro desmontable y ajustable que podr\u00e1s llevar en 2 modos: bandolera y bolso.<img fetchpriority=\"high\" decoding=\"async\" class=\"aligncenter wp-image-6221\" src=\"https:\/\/www.sellersunionagent.com\/wp-content\/uploads\/2022\/05\/oem-printed-lunch-bag-15.jpg\" alt=\"OEM\" width=\"600\" height=\"600\" \/><img decoding=\"async\" class=\"aligncenter wp-image-6222\" src=\"https:\/\/www.sellersunionagent.com\/wp-content\/uploads\/2022\/05\/oem-printed-lunch-bag-14.jpg\" alt=\"OEM\" width=\"600\" height=\"687\" \/><img decoding=\"async\" class=\"aligncenter wp-image-6224\" src=\"https:\/\/www.sellersunionagent.com\/wp-content\/uploads\/2022\/05\/oem-printed-lunch-bag-12.png\" alt=\"OEM\" width=\"600\" height=\"510\" \/><img loading=\"lazy\" decoding=\"async\" class=\"aligncenter wp-image-6225\" src=\"https:\/\/www.sellersunionagent.com\/wp-content\/uploads\/2022\/05\/oem-printed-lunch-bag-11.jpg\" alt=\"OEM\" width=\"600\" height=\"671\" \/><img loading=\"lazy\" decoding=\"async\" class=\"aligncenter wp-image-6226\" src=\"https:\/\/www.sellersunionagent.com\/wp-content\/uploads\/2022\/05\/oem-printed-lunch-bag-10.jpg\" alt=\"OEM\" width=\"600\" height=\"491\" \/><img loading=\"lazy\" decoding=\"async\" class=\"aligncenter wp-image-6223\" src=\"https:\/\/www.sellersunionagent.com\/wp-content\/uploads\/2022\/05\/oem-printed-lunch-bag-13.jpg\" alt=\"OEM\" width=\"600\" height=\"862\" \/><\/p>","protected":false},"excerpt":{"rendered":"<p><strong>Tipo<\/strong>: Bolsa de almuerzo<\/p>\n<p><strong>Tama\u00f1o del art\u00edculo<\/strong>: 25*16.5*34cm\/ 25*16.5*21cm<\/p>\n<p><strong>Peso del art\u00edculo<\/strong>: 230g\/ 165g<br \/>\n<strong>Capacidad de suministro<\/strong>: 50000 Piezas\/Piezas por Mes<br \/>\n<strong>MOQ<\/strong>: 50 piezas<\/p>\n<p>Iniciamos nuestra actividad en 1997. Mantenemos una alt\u00edsima sensibilidad de mercado hacia las distintas mercanc\u00edas. Nos especializamos en art\u00edculos de almacenamiento al por mayor, hacemos OEM, ODM y le proporcionamos un servicio integral de ventanilla \u00fanica. Nos complace ofrecerle los productos m\u00e1s populares para ayudarle a ampliar su negocio.<\/p>","protected":false},"featured_media":6236,"comment_status":"open","ping_status":"closed","template":"","meta":{"_acf_changed":false},"product_brand":[],"product_cat":[28],"product_tag":[45,46],"class_list":{"0":"post-6219","1":"product","2":"type-product","3":"status-publish","4":"has-post-thumbnail","6":"product_cat-lunch-bag","7":"product_tag-cooler-bag","8":"product_tag-customization","10":"first","11":"instock","12":"shipping-taxable","13":"product-type-simple","14":"swiper-slide"},"acf":[],"_links":{"self":[{"href":"https:\/\/www.sellersunionagent.com\/es\/wp-json\/wp\/v2\/product\/6219","targetHints":{"allow":["GET"]}}],"collection":[{"href":"https:\/\/www.sellersunionagent.com\/es\/wp-json\/wp\/v2\/product"}],"about":[{"href":"https:\/\/www.sellersunionagent.com\/es\/wp-json\/wp\/v2\/types\/product"}],"replies":[{"embeddable":true,"href":"https:\/\/www.sellersunionagent.com\/es\/wp-json\/wp\/v2\/comments?post=6219"}],"wp:featuredmedia":[{"embeddable":true,"href":"https:\/\/www.sellersunionagent.com\/es\/wp-json\/wp\/v2\/media\/6236"}],"wp:attachment":[{"href":"https:\/\/www.sellersunionagent.com\/es\/wp-json\/wp\/v2\/media?parent=6219"}],"wp:term":[{"taxonomy":"product_brand","embeddable":true,"href":"https:\/\/www.sellersunionagent.com\/es\/wp-json\/wp\/v2\/product_brand?post=6219"},{"taxonomy":"product_cat","embeddable":true,"href":"https:\/\/www.sellersunionagent.com\/es\/wp-json\/wp\/v2\/product_cat?post=6219"},{"taxonomy":"product_tag","embeddable":true,"href":"https:\/\/www.sellersunionagent.com\/es\/wp-json\/wp\/v2\/product_tag?post=6219"}],"curies":[{"name":"wp","href":"https:\/\/api.w.org\/{rel}","templated":true}]}}