{"id":6187,"date":"2022-05-31T14:48:42","date_gmt":"2022-05-31T06:48:42","guid":{"rendered":"https:\/\/sellersunionagent.com\/?post_type=product&#038;p=6187"},"modified":"2026-01-06T14:29:51","modified_gmt":"2026-01-06T06:29:51","slug":"dinner-bag-from-china-fabricas-cooperativas-estrictamente-seleccionadas","status":"publish","type":"product","link":"https:\/\/www.sellersunionagent.com\/es\/dinner-bag-from-china-strictly-selected-cooperative-factories\/","title":{"rendered":"Bolsa Nevera De China Fabricas Cooperativas Estrictamente Seleccionadas"},"content":{"rendered":"<h2>Bolsa Nevera De China Fabricas Cooperativas Estrictamente Seleccionadas<\/h2>\n<p><strong>Tipo<\/strong>: Bolsa nevera<\/p>\n<p><strong>Tama\u00f1o del art\u00edculo<\/strong>: 66,5*66,5 cm (abierto)\/ 18*18*24 cm (plegado)<\/p>\n<p><strong>Peso del art\u00edculo<\/strong>: 260g<br \/>\n<strong>Capacidad de suministro<\/strong>: 50000 Piezas\/Piezas por Mes<br \/>\n<strong>MOQ<\/strong>: 100 piezas<\/p>\n<p>&nbsp;<\/p>\n<p>&nbsp;<\/p>\n<p>Mantenga los alimentos calientes y frescos: Este art\u00edculo proviene de f\u00e1bricas cooperativas estrictamente seleccionadas con nosotros. El forro interior es de papel de aluminio alimentario y est\u00e1 acolchado con espuma EPE de 5 mm para ofrecer una gran resistencia t\u00e9rmica y una f\u00e1cil limpieza. El forro aislante puede mantener los alimentos y bebidas calientes y frescos durante horas y evitar que el l\u00edquido se derrame fuera del recipiente. Tambi\u00e9n es ideal para mantener la temperatura de una bolsa de hielo o una bebida fr\u00eda en el coche o en el gimnasio.<\/p>\n<p>&nbsp;<\/p>\n<p>&nbsp;<\/p>\n<p>Gran capacidad: La bolsa tiene un tama\u00f1o conveniente para empacar su comida a la escuela, el trabajo y los viajes. Su capacidad es de 9 litros, lo suficientemente grande para guardar 9 latas de Coca-Cola (330 ml), 8 botellas de cerveza o 3 cajas de comida con algunas frutas y aperitivos.<\/p>\n<p>&nbsp;<\/p>\n<p>&nbsp;<\/p>\n<p>Plegable y port\u00e1til: Dise\u00f1o muy abierto con cremalleras dobles para facilitar el acceso y esta fiambrera isot\u00e9rmica se puede transportar tan f\u00e1cilmente como un libro cuando est\u00e1 plegada. Aspecto cl\u00e1sico y sencillo con un asa acolchada y una correa para el hombro desmontable y ajustable que podr\u00e1s llevar de 2 modos: bandolera y bolso.<\/p>\n<p><img fetchpriority=\"high\" decoding=\"async\" class=\"aligncenter wp-image-6191\" src=\"https:\/\/www.sellersunionagent.com\/wp-content\/uploads\/2022\/05\/cooler-bag-from-china-9.jpg\" alt=\"F\u00e1bricas cooperativas estrictamente seleccionadas\" width=\"600\" height=\"633\" \/><img decoding=\"async\" class=\"aligncenter wp-image-6192\" src=\"https:\/\/www.sellersunionagent.com\/wp-content\/uploads\/2022\/05\/cooler-bag-from-china-8.jpg\" alt=\"F\u00e1bricas cooperativas estrictamente seleccionadas\" width=\"600\" height=\"336\" \/><img decoding=\"async\" class=\"aligncenter wp-image-6194\" src=\"https:\/\/www.sellersunionagent.com\/wp-content\/uploads\/2022\/05\/cooler-bag-from-china-7.jpg\" alt=\"F\u00e1bricas cooperativas estrictamente seleccionadas\" width=\"600\" height=\"1044\" \/><img loading=\"lazy\" decoding=\"async\" class=\"aligncenter wp-image-6195\" src=\"https:\/\/www.sellersunionagent.com\/wp-content\/uploads\/2022\/05\/cooler-bag-from-china-6.jpg\" alt=\"F\u00e1bricas cooperativas estrictamente seleccionadas\" width=\"600\" height=\"591\" \/><img loading=\"lazy\" decoding=\"async\" class=\"aligncenter wp-image-6196\" src=\"https:\/\/www.sellersunionagent.com\/wp-content\/uploads\/2022\/05\/cooler-bag-from-china-5.jpg\" alt=\"F\u00e1bricas cooperativas estrictamente seleccionadas\" width=\"600\" height=\"1086\" \/><img loading=\"lazy\" decoding=\"async\" class=\"aligncenter wp-image-6197\" src=\"https:\/\/www.sellersunionagent.com\/wp-content\/uploads\/2022\/05\/cooler-bag-from-china-4.jpg\" alt=\"F\u00e1bricas cooperativas estrictamente seleccionadas\" width=\"600\" height=\"1026\" \/><\/p>","protected":false},"excerpt":{"rendered":"<p><strong>MOQ<\/strong>: 100 o Flexible<\/p>\n<p><strong>Muestra gratuita<\/strong>: Soporte<\/p>\n<p><strong>Personalizaci\u00f3n<\/strong>: logotipo\/color\/materiales\/embalaje<\/p>\n<p><strong>Descuento<\/strong>: 10% de descuento en su primer pedido<\/p>\n<p><strong>Porcentaje de entregas a tiempo<\/strong>: 100%<\/p>\n<p><strong>Env\u00edos totales<\/strong>: 105876 PCS<\/p>\n<p><strong>Env\u00edo<\/strong>: Apoyo Expr\u00e9s\/Mercanc\u00eda Mar\u00edtima\/Mercanc\u00eda Terrestre<\/p>\n<p>&nbsp;<\/p>\n<p>&nbsp;<\/p>\n<p>Siempre mantenemos f\u00e1bricas cooperativas estrictamente seleccionadas para fabricar los productos, y una buena reputaci\u00f3n determina la alta calidad y el alto nivel de nuestros productos.<\/p>","protected":false},"featured_media":6199,"comment_status":"open","ping_status":"closed","template":"","meta":{"_acf_changed":false},"product_brand":[],"product_cat":[28],"product_tag":[49,44,48],"class_list":{"0":"post-6187","1":"product","2":"type-product","3":"status-publish","4":"has-post-thumbnail","6":"product_cat-lunch-bag","7":"product_tag-good-quality","8":"product_tag-hot-selling","9":"product_tag-large-capacity","11":"first","12":"instock","13":"shipping-taxable","14":"purchasable","15":"product-type-simple","16":"swiper-slide"},"acf":[],"_links":{"self":[{"href":"https:\/\/www.sellersunionagent.com\/es\/wp-json\/wp\/v2\/product\/6187","targetHints":{"allow":["GET"]}}],"collection":[{"href":"https:\/\/www.sellersunionagent.com\/es\/wp-json\/wp\/v2\/product"}],"about":[{"href":"https:\/\/www.sellersunionagent.com\/es\/wp-json\/wp\/v2\/types\/product"}],"replies":[{"embeddable":true,"href":"https:\/\/www.sellersunionagent.com\/es\/wp-json\/wp\/v2\/comments?post=6187"}],"wp:featuredmedia":[{"embeddable":true,"href":"https:\/\/www.sellersunionagent.com\/es\/wp-json\/wp\/v2\/media\/6199"}],"wp:attachment":[{"href":"https:\/\/www.sellersunionagent.com\/es\/wp-json\/wp\/v2\/media?parent=6187"}],"wp:term":[{"taxonomy":"product_brand","embeddable":true,"href":"https:\/\/www.sellersunionagent.com\/es\/wp-json\/wp\/v2\/product_brand?post=6187"},{"taxonomy":"product_cat","embeddable":true,"href":"https:\/\/www.sellersunionagent.com\/es\/wp-json\/wp\/v2\/product_cat?post=6187"},{"taxonomy":"product_tag","embeddable":true,"href":"https:\/\/www.sellersunionagent.com\/es\/wp-json\/wp\/v2\/product_tag?post=6187"}],"curies":[{"name":"wp","href":"https:\/\/api.w.org\/{rel}","templated":true}]}}