{"id":6137,"date":"2022-05-30T17:45:34","date_gmt":"2022-05-30T09:45:34","guid":{"rendered":"https:\/\/sellersunionagent.com\/?post_type=product&#038;p=6137"},"modified":"2022-06-25T14:10:32","modified_gmt":"2022-06-25T06:10:32","slug":"bolsa-redonda-de-diseno-personalizado","status":"publish","type":"product","link":"https:\/\/www.sellersunionagent.com\/es\/custom-product-design-round-dinner-bag\/","title":{"rendered":"Bolsa de almuerzo redonda con dise\u00f1o personalizado"},"content":{"rendered":"<h2>Bolsa de almuerzo redonda con dise\u00f1o personalizado<\/h2>\n<p>Materiales duraderos: Esta bolsa de almuerzo redonda de dise\u00f1o de producto personalizado est\u00e1 hecha de material exterior oxford duradero de alta calidad e interior aislado de grado alimenticio. Los materiales sin BPA garantizan su salud. Acolchada con espuma PE de 5 mm de grosor entre la tela superior y la capa interior, siempre mantendr\u00e1 los alimentos fr\u00edos o calientes. Est\u00e1 equipada con un tejido Oxford seguro, respetuoso con el medio ambiente e impermeable y un forro de aluminio a prueba de fugas para evitar derrames de l\u00edquidos y f\u00e1cil de limpiar, manteniendo limpio el entorno del comedor.<\/p>\n<p>&nbsp;<\/p>\n<p><span class=\"skip\"><a data-keyword=\"appearance\">Peso ligero y <\/a><\/span>port\u00e1til: Esta bolsa de almuerzo es bastante ligero con 0,5 libras, tiene un asa de agarre fuerte para llevar c\u00f3modo y plegable para un almacenamiento r\u00e1pido cuando no est\u00e9 en uso. Perfecto para la comida de trabajo, comida de picnic, barbacoa al aire libre, la gesti\u00f3n de la dieta, los viajes o ir de compras.<\/p>\n<p>&nbsp;<\/p>\n<p>Dise\u00f1o elegante: Este art\u00edculo es elegante y robusto, los compradores pueden personalizar los patrones y dise\u00f1os que desee. \u00a1Bienvenido a charlar con nosotros m\u00e1s sobre \u00e9l!<img fetchpriority=\"high\" decoding=\"async\" class=\"aligncenter wp-image-6139\" src=\"https:\/\/www.sellersunionagent.com\/wp-content\/uploads\/2022\/05\/round-lunch-bag-13.jpg\" alt=\"Dise\u00f1o de productos a medida\" width=\"600\" height=\"600\" \/> <img decoding=\"async\" class=\"aligncenter wp-image-6141\" src=\"https:\/\/www.sellersunionagent.com\/wp-content\/uploads\/2022\/05\/\u8be6\u60c5-03.jpg\" alt=\"Dise\u00f1o de productos a medida\" width=\"600\" height=\"566\" \/><img decoding=\"async\" class=\"aligncenter wp-image-6142\" src=\"https:\/\/www.sellersunionagent.com\/wp-content\/uploads\/2022\/05\/round-lunch-bag-10.jpg\" alt=\"Dise\u00f1o de productos a medida\" width=\"600\" height=\"349\" \/><img loading=\"lazy\" decoding=\"async\" class=\"aligncenter wp-image-6143\" src=\"https:\/\/www.sellersunionagent.com\/wp-content\/uploads\/2022\/05\/round-lunch-bag-9.jpg\" alt=\"Dise\u00f1o de productos a medida\" width=\"600\" height=\"1489\" \/><img loading=\"lazy\" decoding=\"async\" class=\"aligncenter wp-image-6144\" src=\"https:\/\/www.sellersunionagent.com\/wp-content\/uploads\/2022\/05\/round-lunch-bag-8.jpg\" alt=\"Dise\u00f1o de productos a medida\" width=\"600\" height=\"1182\" \/>\u00a0<img loading=\"lazy\" decoding=\"async\" class=\"aligncenter wp-image-6145\" src=\"https:\/\/www.sellersunionagent.com\/wp-content\/uploads\/2022\/05\/round-lunch-bag-7.jpg\" alt=\"Dise\u00f1o de productos a medida\" width=\"600\" height=\"344\" \/><img loading=\"lazy\" decoding=\"async\" class=\"aligncenter wp-image-6146\" src=\"https:\/\/www.sellersunionagent.com\/wp-content\/uploads\/2022\/05\/round-lunch-bag-6.jpg\" alt=\"Dise\u00f1o de productos a medida\" width=\"600\" height=\"635\" \/><img loading=\"lazy\" decoding=\"async\" class=\"aligncenter wp-image-6147\" src=\"https:\/\/www.sellersunionagent.com\/wp-content\/uploads\/2022\/05\/round-lunch-bag-5.jpg\" alt=\"Dise\u00f1o de productos a medida\" width=\"600\" height=\"456\" \/><img loading=\"lazy\" decoding=\"async\" class=\"aligncenter wp-image-6148\" src=\"https:\/\/www.sellersunionagent.com\/wp-content\/uploads\/2022\/05\/round-lunch-bag-4.jpg\" alt=\"Dise\u00f1o de productos a medida\" width=\"600\" height=\"520\" \/><\/p>\n<p>&nbsp;<\/p>","protected":false},"excerpt":{"rendered":"<p><strong>Tipo<\/strong>: Bolsa de almuerzo redonda<\/p>\n<p><strong>Tama\u00f1o del art\u00edculo<\/strong>: 18,5*27cm (abierto)\/ 18,5*17cm (plegado)<\/p>\n<p><strong>Peso del art\u00edculo<\/strong>: 229g<br \/>\n<strong>Capacidad de suministro<\/strong>: 50000 Piezas\/Piezas por Mes<br \/>\n<strong>MOQ<\/strong>: 50 piezas<\/p>\n<p>Como proveedor de bolsas de almuerzo de venta caliente en China, tenemos m\u00e1s de 20 a\u00f1os de experiencia, estamos comprometidos a ofrecerle productos de almacenamiento de dise\u00f1o personalizado a precios competitivos. Exportamos mercanc\u00edas de moda, de alta calidad y buen precio, apoyamos la personalizaci\u00f3n OEM y ODM, y le ofrecemos un servicio profesional de ventanilla \u00fanica.<\/p>","protected":false},"featured_media":6149,"comment_status":"open","ping_status":"closed","template":"","meta":{"_acf_changed":false},"product_brand":[],"product_cat":[28],"product_tag":[46,47],"class_list":{"0":"post-6137","1":"product","2":"type-product","3":"status-publish","4":"has-post-thumbnail","6":"product_cat-lunch-bag","7":"product_tag-customization","8":"product_tag-hot-sale","10":"first","11":"instock","12":"shipping-taxable","13":"product-type-simple","14":"swiper-slide"},"acf":[],"_links":{"self":[{"href":"https:\/\/www.sellersunionagent.com\/es\/wp-json\/wp\/v2\/product\/6137","targetHints":{"allow":["GET"]}}],"collection":[{"href":"https:\/\/www.sellersunionagent.com\/es\/wp-json\/wp\/v2\/product"}],"about":[{"href":"https:\/\/www.sellersunionagent.com\/es\/wp-json\/wp\/v2\/types\/product"}],"replies":[{"embeddable":true,"href":"https:\/\/www.sellersunionagent.com\/es\/wp-json\/wp\/v2\/comments?post=6137"}],"wp:featuredmedia":[{"embeddable":true,"href":"https:\/\/www.sellersunionagent.com\/es\/wp-json\/wp\/v2\/media\/6149"}],"wp:attachment":[{"href":"https:\/\/www.sellersunionagent.com\/es\/wp-json\/wp\/v2\/media?parent=6137"}],"wp:term":[{"taxonomy":"product_brand","embeddable":true,"href":"https:\/\/www.sellersunionagent.com\/es\/wp-json\/wp\/v2\/product_brand?post=6137"},{"taxonomy":"product_cat","embeddable":true,"href":"https:\/\/www.sellersunionagent.com\/es\/wp-json\/wp\/v2\/product_cat?post=6137"},{"taxonomy":"product_tag","embeddable":true,"href":"https:\/\/www.sellersunionagent.com\/es\/wp-json\/wp\/v2\/product_tag?post=6137"}],"curies":[{"name":"wp","href":"https:\/\/api.w.org\/{rel}","templated":true}]}}