{"id":6116,"date":"2022-05-30T16:26:10","date_gmt":"2022-05-30T08:26:10","guid":{"rendered":"https:\/\/sellersunionagent.com\/?post_type=product&#038;p=6116"},"modified":"2026-01-06T14:29:52","modified_gmt":"2026-01-06T06:29:52","slug":"venta-al-por-mayor-en-china","status":"publish","type":"product","link":"https:\/\/www.sellersunionagent.com\/es\/hot-selling-dinner-bag-supplier-in-china\/","title":{"rendered":"Hot Selling Bolsa de almuerzo Proveedor En China"},"content":{"rendered":"<h2>Hot Selling Bolsa de almuerzo Proveedor En China<\/h2>\n<p>&nbsp;<\/p>\n<p>&nbsp;<\/p>\n<p>Materiales duraderos: Esta bolsa de almuerzo de venta caliente est\u00e1 equipado con forro de papel de aluminio suave prima resistente al agua respetuosa del medio ambiente, que es suave y resiste la alta temperatura de 248\u2109\/120\u2103. Acolchado con 4 mm de aislamiento EPE, es conveniente para mantener los alimentos, frutas y bebidas calientes y frescas. El tiempo de aislamiento de hasta varias horas, proporciona una gran protecci\u00f3n para sus contenedores. El suave material PEVA interior y exterior es a prueba de agua y grasa. El tejido exterior Oxford 300D resistente a los ara\u00f1azos proporciona una larga durabilidad frente a las actividades diarias. El interior utiliza tecnolog\u00eda termosoldada, hace que el interior de la bolsa de almuerzo sea a prueba de fugas y f\u00e1cil de limpiar. Dise\u00f1o sin fugas en la parte inferior.<\/p>\n<p>&nbsp;<\/p>\n<p>&nbsp;<\/p>\n<p><span class=\"skip\"><a data-keyword=\"appearance\">Gran capacidad: Esta bolsa est\u00e1 dise\u00f1ada para ofrecer la m\u00e1xima eficacia de almacenamiento. El gran compartimento principal es ideal para recipientes de comida, bocadillos, patatas fritas, fruta, galletas, bebidas, etc. El bolsillo frontal es pr\u00e1ctico para guardar llaves, m\u00f3viles, servilletas y utensilios.<\/a><\/span><\/p>\n<p>&nbsp;<\/p>\n<p>&nbsp;<\/p>\n<p>C\u00f3moda y port\u00e1til: Esta bolsa de almuerzo puede ser un bolso de mano, El acolchado de espuma proporciona la m\u00e1xima comodidad y durabilidad extra. Es ergon\u00f3mica. Ya sea al hombro o port\u00e1til, te har\u00e1 sentir c\u00f3modo.<\/p>\n<p>&nbsp;<\/p>\n<p><strong>Tipo<\/strong>: bolsa de almuerzo<\/p>\n<p><strong>Tama\u00f1o del art\u00edculo<\/strong>: 23.5*14*18.5cm\/28*20*16cm<\/p>\n<p><strong>Peso del art\u00edculo<\/strong>: 229g\/342g<br \/>\n<strong>Capacidad de suministro<\/strong>: 50000 Piezas\/Piezas por Mes<br \/>\n<strong>MOQ<\/strong>: 50 piezas<\/p>\n<p><img fetchpriority=\"high\" decoding=\"async\" class=\"aligncenter wp-image-6123\" src=\"https:\/\/www.sellersunionagent.com\/wp-content\/uploads\/2022\/05\/hot-selling-lunch-bag-supplier-9.jpg\" alt=\"venta caliente Bolsa de almuerzo\" width=\"600\" height=\"1190\" \/><\/p>\n<p><img decoding=\"async\" class=\"aligncenter wp-image-6127\" src=\"https:\/\/www.sellersunionagent.com\/wp-content\/uploads\/2022\/05\/hot-selling-lunch-bag-supplier-5.png\" alt=\"Hot Selling Bolsa de almuerzo\" width=\"600\" height=\"1174\" \/><img decoding=\"async\" class=\"aligncenter wp-image-6124\" src=\"https:\/\/www.sellersunionagent.com\/wp-content\/uploads\/2022\/05\/hot-selling-lunch-bag-supplier-8.jpg\" alt=\"venta caliente bolsa de almuerzo\" width=\"600\" height=\"1071\" \/><img loading=\"lazy\" decoding=\"async\" class=\"aligncenter wp-image-6125\" src=\"https:\/\/www.sellersunionagent.com\/wp-content\/uploads\/2022\/05\/hot-selling-lunch-bag-supplier-7.jpg\" alt=\"Hot Selling Bolsa de almuerzo\" width=\"600\" height=\"807\" \/><img loading=\"lazy\" decoding=\"async\" class=\"aligncenter wp-image-6126\" src=\"https:\/\/www.sellersunionagent.com\/wp-content\/uploads\/2022\/05\/hot-selling-lunch-bag-supplier-6.jpg\" alt=\"Hot Selling Bolsa de almuerzo\" width=\"600\" height=\"1365\" \/><\/p>","protected":false},"excerpt":{"rendered":"<p><strong>MOQ<\/strong>: 500 o Flexible<\/p>\n<p><strong>Muestra gratuita<\/strong>: Soporte<\/p>\n<p><strong>Personalizaci\u00f3n<\/strong>: logotipo\/color\/materiales\/embalaje<\/p>\n<p><strong>Descuento<\/strong>: 10% de descuento en su primer pedido<\/p>\n<p><strong>Porcentaje de entregas a tiempo<\/strong>: 100%<\/p>\n<p><strong>Env\u00edos totales<\/strong>: 106876 PCS<\/p>\n<p><strong>Env\u00edo<\/strong>: Apoyo Expr\u00e9s\/Mercanc\u00eda Mar\u00edtima\/Mercanc\u00eda Terrestre<\/p>\n<p>&nbsp;<\/p>\n<p>Como proveedor de bolsas de almuerzo de venta caliente en China, tenemos m\u00e1s de 20 a\u00f1os de experiencia, estamos comprometidos a ofrecerle productos de almacenamiento de alta calidad a precios competitivos. Exportamos productos de moda, de alta calidad y buen precio, apoyamos la personalizaci\u00f3n OEM y ODM, y le ofrecemos un servicio profesional de ventanilla \u00fanica.<\/p>\n<p>&nbsp;<\/p>\n<p>&nbsp;<\/p>","protected":false},"featured_media":6110,"comment_status":"open","ping_status":"closed","template":"","meta":{"_acf_changed":false},"product_brand":[],"product_cat":[28],"product_tag":[45,44],"class_list":{"0":"post-6116","1":"product","2":"type-product","3":"status-publish","4":"has-post-thumbnail","6":"product_cat-lunch-bag","7":"product_tag-cooler-bag","8":"product_tag-hot-selling","10":"first","11":"instock","12":"shipping-taxable","13":"purchasable","14":"product-type-simple","15":"swiper-slide"},"acf":[],"_links":{"self":[{"href":"https:\/\/www.sellersunionagent.com\/es\/wp-json\/wp\/v2\/product\/6116","targetHints":{"allow":["GET"]}}],"collection":[{"href":"https:\/\/www.sellersunionagent.com\/es\/wp-json\/wp\/v2\/product"}],"about":[{"href":"https:\/\/www.sellersunionagent.com\/es\/wp-json\/wp\/v2\/types\/product"}],"replies":[{"embeddable":true,"href":"https:\/\/www.sellersunionagent.com\/es\/wp-json\/wp\/v2\/comments?post=6116"}],"wp:featuredmedia":[{"embeddable":true,"href":"https:\/\/www.sellersunionagent.com\/es\/wp-json\/wp\/v2\/media\/6110"}],"wp:attachment":[{"href":"https:\/\/www.sellersunionagent.com\/es\/wp-json\/wp\/v2\/media?parent=6116"}],"wp:term":[{"taxonomy":"product_brand","embeddable":true,"href":"https:\/\/www.sellersunionagent.com\/es\/wp-json\/wp\/v2\/product_brand?post=6116"},{"taxonomy":"product_cat","embeddable":true,"href":"https:\/\/www.sellersunionagent.com\/es\/wp-json\/wp\/v2\/product_cat?post=6116"},{"taxonomy":"product_tag","embeddable":true,"href":"https:\/\/www.sellersunionagent.com\/es\/wp-json\/wp\/v2\/product_tag?post=6116"}],"curies":[{"name":"wp","href":"https:\/\/api.w.org\/{rel}","templated":true}]}}